{"id":11107,"date":"2023-10-15T21:56:02","date_gmt":"2023-10-15T19:56:02","guid":{"rendered":"https:\/\/backenmitminis.de\/?page_id=11107"},"modified":"2024-10-09T15:16:43","modified_gmt":"2024-10-09T13:16:43","slug":"halloween-geschenkanhaenger","status":"publish","type":"page","link":"https:\/\/backenmitminis.de\/en\/halloween-geschenkanhaenger\/","title":{"rendered":"Happy Halloween &#8211; S\u00fc\u00dfe Halloween Geschenkanh\u00e4nger &#038; Partydekoration"},"content":{"rendered":"<p class=\"has-text-align-center\">Du planst eine Halloweenparty f\u00fcr Minis, hast aber noch keine Idee f\u00fcr die Deko?<\/p>\n\n\n\n<p class=\"has-text-align-center\">Du m\u00f6chtest deine Trick or Treat T\u00fctchen halloweentastisch dekorieren, weisst aber noch nicht wie?<\/p>\n\n\n\n<p class=\"has-text-align-center\">Du bist zur Halloweenparty eingeladen, dein Mitbringsel sieht aber noch gar nicht nach Halloween aus?<\/p>\n\n\n\n<h2 class=\"wp-block-heading has-text-align-center has-text-color\" style=\"color:#e879ea\">Unsere s\u00fc\u00dfen Halloween Geschenkanh\u00e4nger<\/h2>\n\n\n\n<p class=\"has-text-align-center\">Mit unseren s\u00fc\u00dfen Halloween Geschenkanh\u00e4ngern kannst du nicht nur deine Geschenke halloweentastisch dekorieren, sondern auch deine Tischdeko f\u00fcr eine Halloweenparty schaurig-s\u00fc\u00df umgestalten!<\/p>\n\n\n\n<figure class=\"wp-block-image size-large\"><img loading=\"lazy\" decoding=\"async\" width=\"768\" height=\"1024\" src=\"https:\/\/backenmitminis.de\/wp-content\/uploads\/2022\/10\/Halloween-Last-Minute-Halloweenparty-38-Kopie-768x1024.jpg\" alt=\"DIY Druckvorlage f\u00fcr Halloween Geschenkanh\u00e4nger: Last Minute Halloween Dekoration\" class=\"wp-image-9055\" srcset=\"https:\/\/backenmitminis.de\/wp-content\/uploads\/2022\/10\/Halloween-Last-Minute-Halloweenparty-38-Kopie-768x1024.jpg 768w, https:\/\/backenmitminis.de\/wp-content\/uploads\/2022\/10\/Halloween-Last-Minute-Halloweenparty-38-Kopie-225x300.jpg 225w, https:\/\/backenmitminis.de\/wp-content\/uploads\/2022\/10\/Halloween-Last-Minute-Halloweenparty-38-Kopie-1152x1536.jpg 1152w, https:\/\/backenmitminis.de\/wp-content\/uploads\/2022\/10\/Halloween-Last-Minute-Halloweenparty-38-Kopie-1536x2048.jpg 1536w, https:\/\/backenmitminis.de\/wp-content\/uploads\/2022\/10\/Halloween-Last-Minute-Halloweenparty-38-Kopie-45x60.jpg 45w, https:\/\/backenmitminis.de\/wp-content\/uploads\/2022\/10\/Halloween-Last-Minute-Halloweenparty-38-Kopie-600x800.jpg 600w, https:\/\/backenmitminis.de\/wp-content\/uploads\/2022\/10\/Halloween-Last-Minute-Halloweenparty-38-Kopie-scaled.jpg 1920w\" sizes=\"auto, (max-width: 768px) 100vw, 768px\" \/><\/figure>\n\n\n\n<h2 class=\"wp-block-heading has-text-align-center has-text-color\" style=\"color:#e879ea\">Kreativ werden mit unseren Halloween Geschenkanh\u00e4ngern<\/h2>\n\n\n\n<p class=\"has-text-align-center\">Mit unserer Halloween Geschenkanh\u00e4nger Druckvorlage kannst du deine <strong>Halloweengeschenke <\/strong>gespenstisch sch\u00f6n gestalten. Egal ob Trick-or-Treat T\u00fctchen oder kleines Geschenk f\u00fcr die Gastgeber der n\u00e4chsten Halloweenparty, mit unserer Druckvorlage werden deine Geschenke zum Halloween-Highlight!<\/p>\n\n\n\n<figure class=\"wp-block-gallery has-nested-images columns-default is-cropped wp-block-gallery-1 is-layout-flex wp-block-gallery-is-layout-flex\">\n<figure class=\"wp-block-image size-large\"><img loading=\"lazy\" decoding=\"async\" width=\"768\" height=\"1024\" data-id=\"9057\" src=\"https:\/\/backenmitminis.de\/wp-content\/uploads\/2022\/10\/Halloween-Last-Minute-Halloweenparty-42-Kopie-768x1024.jpg\" alt=\"DIY Druckvorlage f\u00fcr Halloween Geschenkanh\u00e4nger: Last Minute Halloween Dekoration\" class=\"wp-image-9057\" srcset=\"https:\/\/backenmitminis.de\/wp-content\/uploads\/2022\/10\/Halloween-Last-Minute-Halloweenparty-42-Kopie-768x1024.jpg 768w, https:\/\/backenmitminis.de\/wp-content\/uploads\/2022\/10\/Halloween-Last-Minute-Halloweenparty-42-Kopie-225x300.jpg 225w, https:\/\/backenmitminis.de\/wp-content\/uploads\/2022\/10\/Halloween-Last-Minute-Halloweenparty-42-Kopie-1152x1536.jpg 1152w, https:\/\/backenmitminis.de\/wp-content\/uploads\/2022\/10\/Halloween-Last-Minute-Halloweenparty-42-Kopie-1536x2048.jpg 1536w, https:\/\/backenmitminis.de\/wp-content\/uploads\/2022\/10\/Halloween-Last-Minute-Halloweenparty-42-Kopie-45x60.jpg 45w, https:\/\/backenmitminis.de\/wp-content\/uploads\/2022\/10\/Halloween-Last-Minute-Halloweenparty-42-Kopie-600x800.jpg 600w, https:\/\/backenmitminis.de\/wp-content\/uploads\/2022\/10\/Halloween-Last-Minute-Halloweenparty-42-Kopie-scaled.jpg 1920w\" sizes=\"auto, (max-width: 768px) 100vw, 768px\" \/><\/figure>\n\n\n\n<figure class=\"wp-block-image size-large\"><img loading=\"lazy\" decoding=\"async\" width=\"768\" height=\"1024\" data-id=\"9042\" src=\"https:\/\/backenmitminis.de\/wp-content\/uploads\/2022\/10\/Halloween-Last-Minute-Halloweenparty-10-Kopie-768x1024.jpg\" alt=\"DIY Druckvorlage f\u00fcr Halloween: Last Minute Halloween Dekoration\" class=\"wp-image-9042\" srcset=\"https:\/\/backenmitminis.de\/wp-content\/uploads\/2022\/10\/Halloween-Last-Minute-Halloweenparty-10-Kopie-768x1024.jpg 768w, https:\/\/backenmitminis.de\/wp-content\/uploads\/2022\/10\/Halloween-Last-Minute-Halloweenparty-10-Kopie-225x300.jpg 225w, https:\/\/backenmitminis.de\/wp-content\/uploads\/2022\/10\/Halloween-Last-Minute-Halloweenparty-10-Kopie-1152x1536.jpg 1152w, https:\/\/backenmitminis.de\/wp-content\/uploads\/2022\/10\/Halloween-Last-Minute-Halloweenparty-10-Kopie-1536x2048.jpg 1536w, https:\/\/backenmitminis.de\/wp-content\/uploads\/2022\/10\/Halloween-Last-Minute-Halloweenparty-10-Kopie-45x60.jpg 45w, https:\/\/backenmitminis.de\/wp-content\/uploads\/2022\/10\/Halloween-Last-Minute-Halloweenparty-10-Kopie-600x800.jpg 600w, https:\/\/backenmitminis.de\/wp-content\/uploads\/2022\/10\/Halloween-Last-Minute-Halloweenparty-10-Kopie-scaled.jpg 1920w\" sizes=\"auto, (max-width: 768px) 100vw, 768px\" \/><\/figure>\n\n\n\n<figure class=\"wp-block-image size-large\"><img loading=\"lazy\" decoding=\"async\" width=\"768\" height=\"1024\" data-id=\"9038\" src=\"https:\/\/backenmitminis.de\/wp-content\/uploads\/2022\/10\/Halloween-Last-Minute-Halloweenparty-6-Kopie-768x1024.jpg\" alt=\"DIY Druckvorlage f\u00fcr Halloween Geschenkanh\u00e4nger: Last Minute Halloween Dekoration\" class=\"wp-image-9038\" srcset=\"https:\/\/backenmitminis.de\/wp-content\/uploads\/2022\/10\/Halloween-Last-Minute-Halloweenparty-6-Kopie-768x1024.jpg 768w, https:\/\/backenmitminis.de\/wp-content\/uploads\/2022\/10\/Halloween-Last-Minute-Halloweenparty-6-Kopie-225x300.jpg 225w, https:\/\/backenmitminis.de\/wp-content\/uploads\/2022\/10\/Halloween-Last-Minute-Halloweenparty-6-Kopie-1152x1536.jpg 1152w, https:\/\/backenmitminis.de\/wp-content\/uploads\/2022\/10\/Halloween-Last-Minute-Halloweenparty-6-Kopie-1536x2048.jpg 1536w, https:\/\/backenmitminis.de\/wp-content\/uploads\/2022\/10\/Halloween-Last-Minute-Halloweenparty-6-Kopie-45x60.jpg 45w, https:\/\/backenmitminis.de\/wp-content\/uploads\/2022\/10\/Halloween-Last-Minute-Halloweenparty-6-Kopie-600x800.jpg 600w, https:\/\/backenmitminis.de\/wp-content\/uploads\/2022\/10\/Halloween-Last-Minute-Halloweenparty-6-Kopie-scaled.jpg 1920w\" sizes=\"auto, (max-width: 768px) 100vw, 768px\" \/><\/figure>\n<\/figure>\n\n\n\n<p class=\"has-text-align-center\">Deine Minis &amp; du feiert eine Halloweenparty mit euren liebsten &#8222;Grusel&#8220;-Freunden oder plant eine Halloween-Geburtstagsparty? Dann ist das Halloween Geschenkh\u00e4nger Set f\u00fcr euch die richtige Partydeko! <\/p>\n\n\n\n<p class=\"has-text-align-center\">Eure Halloweenparty wird mit unserem Geschenkanh\u00e4nger Set ein absoluter Partykracher! Mit der Vorlage k\u00f6nnt ihr einige <strong>Partyartikel basteln &amp; verzieren<\/strong>: Einladungskarten, Muffintopper, Trinkbecher, Partystrohhalme, Servietten, Partygirlande, Platzkarten, Untersetzer, etc.<\/p>\n\n\n\n<figure class=\"wp-block-gallery has-nested-images columns-default is-cropped wp-block-gallery-2 is-layout-flex wp-block-gallery-is-layout-flex\">\n<figure class=\"wp-block-image size-large\"><img loading=\"lazy\" decoding=\"async\" width=\"768\" height=\"1024\" data-id=\"9050\" src=\"https:\/\/backenmitminis.de\/wp-content\/uploads\/2022\/10\/Halloween-Last-Minute-Halloweenparty-23-Kopie-768x1024.jpg\" alt=\"DIY Druckvorlage f\u00fcr Halloween: Last Minute Halloween Dekoration\" class=\"wp-image-9050\" srcset=\"https:\/\/backenmitminis.de\/wp-content\/uploads\/2022\/10\/Halloween-Last-Minute-Halloweenparty-23-Kopie-768x1024.jpg 768w, https:\/\/backenmitminis.de\/wp-content\/uploads\/2022\/10\/Halloween-Last-Minute-Halloweenparty-23-Kopie-225x300.jpg 225w, https:\/\/backenmitminis.de\/wp-content\/uploads\/2022\/10\/Halloween-Last-Minute-Halloweenparty-23-Kopie-1152x1536.jpg 1152w, https:\/\/backenmitminis.de\/wp-content\/uploads\/2022\/10\/Halloween-Last-Minute-Halloweenparty-23-Kopie-1536x2048.jpg 1536w, https:\/\/backenmitminis.de\/wp-content\/uploads\/2022\/10\/Halloween-Last-Minute-Halloweenparty-23-Kopie-45x60.jpg 45w, https:\/\/backenmitminis.de\/wp-content\/uploads\/2022\/10\/Halloween-Last-Minute-Halloweenparty-23-Kopie-600x800.jpg 600w, https:\/\/backenmitminis.de\/wp-content\/uploads\/2022\/10\/Halloween-Last-Minute-Halloweenparty-23-Kopie-scaled.jpg 1920w\" sizes=\"auto, (max-width: 768px) 100vw, 768px\" \/><\/figure>\n\n\n\n<figure class=\"wp-block-image size-large\"><img loading=\"lazy\" decoding=\"async\" width=\"768\" height=\"1024\" data-id=\"9040\" src=\"https:\/\/backenmitminis.de\/wp-content\/uploads\/2022\/10\/Halloween-Last-Minute-Halloweenparty-8-Kopie-768x1024.jpg\" alt=\"DIY Druckvorlage f\u00fcr Halloween: Last Minute Halloween Dekoration\" class=\"wp-image-9040\" srcset=\"https:\/\/backenmitminis.de\/wp-content\/uploads\/2022\/10\/Halloween-Last-Minute-Halloweenparty-8-Kopie-768x1024.jpg 768w, https:\/\/backenmitminis.de\/wp-content\/uploads\/2022\/10\/Halloween-Last-Minute-Halloweenparty-8-Kopie-225x300.jpg 225w, https:\/\/backenmitminis.de\/wp-content\/uploads\/2022\/10\/Halloween-Last-Minute-Halloweenparty-8-Kopie-1152x1536.jpg 1152w, https:\/\/backenmitminis.de\/wp-content\/uploads\/2022\/10\/Halloween-Last-Minute-Halloweenparty-8-Kopie-1536x2048.jpg 1536w, https:\/\/backenmitminis.de\/wp-content\/uploads\/2022\/10\/Halloween-Last-Minute-Halloweenparty-8-Kopie-45x60.jpg 45w, https:\/\/backenmitminis.de\/wp-content\/uploads\/2022\/10\/Halloween-Last-Minute-Halloweenparty-8-Kopie-600x800.jpg 600w, https:\/\/backenmitminis.de\/wp-content\/uploads\/2022\/10\/Halloween-Last-Minute-Halloweenparty-8-Kopie-scaled.jpg 1920w\" sizes=\"auto, (max-width: 768px) 100vw, 768px\" \/><\/figure>\n\n\n\n<figure class=\"wp-block-image size-large\"><img loading=\"lazy\" decoding=\"async\" width=\"768\" height=\"1024\" data-id=\"9043\" src=\"https:\/\/backenmitminis.de\/wp-content\/uploads\/2022\/10\/Halloween-Last-Minute-Halloweenparty-12-Kopie-768x1024.jpg\" alt=\"DIY Druckvorlage f\u00fcr Halloween: Last Minute Halloween Dekoration\" class=\"wp-image-9043\" srcset=\"https:\/\/backenmitminis.de\/wp-content\/uploads\/2022\/10\/Halloween-Last-Minute-Halloweenparty-12-Kopie-768x1024.jpg 768w, https:\/\/backenmitminis.de\/wp-content\/uploads\/2022\/10\/Halloween-Last-Minute-Halloweenparty-12-Kopie-225x300.jpg 225w, https:\/\/backenmitminis.de\/wp-content\/uploads\/2022\/10\/Halloween-Last-Minute-Halloweenparty-12-Kopie-1152x1536.jpg 1152w, https:\/\/backenmitminis.de\/wp-content\/uploads\/2022\/10\/Halloween-Last-Minute-Halloweenparty-12-Kopie-1536x2048.jpg 1536w, https:\/\/backenmitminis.de\/wp-content\/uploads\/2022\/10\/Halloween-Last-Minute-Halloweenparty-12-Kopie-45x60.jpg 45w, https:\/\/backenmitminis.de\/wp-content\/uploads\/2022\/10\/Halloween-Last-Minute-Halloweenparty-12-Kopie-600x800.jpg 600w, https:\/\/backenmitminis.de\/wp-content\/uploads\/2022\/10\/Halloween-Last-Minute-Halloweenparty-12-Kopie-scaled.jpg 1920w\" sizes=\"auto, (max-width: 768px) 100vw, 768px\" \/><\/figure>\n<\/figure>\n\n\n\n<h2 class=\"wp-block-heading has-text-align-center has-text-color\" style=\"color:#e879ea\">Die DIY Halloween Geschenkanh\u00e4nger f\u00fcr das Basteln mit und f\u00fcr Minis!<\/h2>\n\n\n\n<p class=\"has-text-align-center\">Das Halloween Geschenkanh\u00e4nger Set ist ein gro\u00dfartiger Bastelspa\u00df f\u00fcr Gro\u00df &amp; Klein! Du kannst dich mit deinen Minis wunderbar kreativ ausleben! Wir haben die Halloween Geschenkanh\u00e4nger in verschiedenen Gr\u00f6\u00dfen designt, damit auch kleine H\u00e4ndchen die Halloween Geschenkanh\u00e4nger gestalten k\u00f6nnen.<\/p>\n\n\n\n<figure class=\"wp-block-gallery has-nested-images columns-default is-cropped wp-block-gallery-3 is-layout-flex wp-block-gallery-is-layout-flex\">\n<figure class=\"wp-block-image size-large\"><img loading=\"lazy\" decoding=\"async\" width=\"768\" height=\"1024\" data-id=\"8620\" src=\"https:\/\/backenmitminis.de\/wp-content\/uploads\/2022\/10\/Ausmal-Geschenkanhaenger-Halloween-Basteln-mit-Kindern-5-Kopie-768x1024.jpg\" alt=\"\" class=\"wp-image-8620\" srcset=\"https:\/\/backenmitminis.de\/wp-content\/uploads\/2022\/10\/Ausmal-Geschenkanhaenger-Halloween-Basteln-mit-Kindern-5-Kopie-768x1024.jpg 768w, https:\/\/backenmitminis.de\/wp-content\/uploads\/2022\/10\/Ausmal-Geschenkanhaenger-Halloween-Basteln-mit-Kindern-5-Kopie-scaled-600x800.jpg 600w, https:\/\/backenmitminis.de\/wp-content\/uploads\/2022\/10\/Ausmal-Geschenkanhaenger-Halloween-Basteln-mit-Kindern-5-Kopie-225x300.jpg 225w, https:\/\/backenmitminis.de\/wp-content\/uploads\/2022\/10\/Ausmal-Geschenkanhaenger-Halloween-Basteln-mit-Kindern-5-Kopie-1152x1536.jpg 1152w, https:\/\/backenmitminis.de\/wp-content\/uploads\/2022\/10\/Ausmal-Geschenkanhaenger-Halloween-Basteln-mit-Kindern-5-Kopie-1536x2048.jpg 1536w, https:\/\/backenmitminis.de\/wp-content\/uploads\/2022\/10\/Ausmal-Geschenkanhaenger-Halloween-Basteln-mit-Kindern-5-Kopie-45x60.jpg 45w, https:\/\/backenmitminis.de\/wp-content\/uploads\/2022\/10\/Ausmal-Geschenkanhaenger-Halloween-Basteln-mit-Kindern-5-Kopie-scaled.jpg 1920w\" sizes=\"auto, (max-width: 768px) 100vw, 768px\" \/><\/figure>\n\n\n\n<figure class=\"wp-block-image size-large\"><img loading=\"lazy\" decoding=\"async\" width=\"768\" height=\"1024\" data-id=\"8619\" src=\"https:\/\/backenmitminis.de\/wp-content\/uploads\/2022\/10\/Ausmal-Geschenkanhaenger-Halloween-Basteln-mit-Kindern-4-Kopie-768x1024.jpg\" alt=\"DIY Druckvorlage f\u00fcr eine witzige Halloweendekoration\" class=\"wp-image-8619\" srcset=\"https:\/\/backenmitminis.de\/wp-content\/uploads\/2022\/10\/Ausmal-Geschenkanhaenger-Halloween-Basteln-mit-Kindern-4-Kopie-768x1024.jpg 768w, https:\/\/backenmitminis.de\/wp-content\/uploads\/2022\/10\/Ausmal-Geschenkanhaenger-Halloween-Basteln-mit-Kindern-4-Kopie-scaled-600x800.jpg 600w, https:\/\/backenmitminis.de\/wp-content\/uploads\/2022\/10\/Ausmal-Geschenkanhaenger-Halloween-Basteln-mit-Kindern-4-Kopie-225x300.jpg 225w, https:\/\/backenmitminis.de\/wp-content\/uploads\/2022\/10\/Ausmal-Geschenkanhaenger-Halloween-Basteln-mit-Kindern-4-Kopie-1152x1536.jpg 1152w, https:\/\/backenmitminis.de\/wp-content\/uploads\/2022\/10\/Ausmal-Geschenkanhaenger-Halloween-Basteln-mit-Kindern-4-Kopie-1536x2048.jpg 1536w, https:\/\/backenmitminis.de\/wp-content\/uploads\/2022\/10\/Ausmal-Geschenkanhaenger-Halloween-Basteln-mit-Kindern-4-Kopie-45x60.jpg 45w, https:\/\/backenmitminis.de\/wp-content\/uploads\/2022\/10\/Ausmal-Geschenkanhaenger-Halloween-Basteln-mit-Kindern-4-Kopie-scaled.jpg 1920w\" sizes=\"auto, (max-width: 768px) 100vw, 768px\" \/><\/figure>\n\n\n\n<figure class=\"wp-block-image size-large\"><img loading=\"lazy\" decoding=\"async\" width=\"756\" height=\"1024\" data-id=\"8625\" src=\"https:\/\/backenmitminis.de\/wp-content\/uploads\/2022\/10\/Ausmal-Geschenkanhaenger-Halloween-Basteln-mit-Kindern-11-Kopie-756x1024.jpg\" alt=\"\" class=\"wp-image-8625\" srcset=\"https:\/\/backenmitminis.de\/wp-content\/uploads\/2022\/10\/Ausmal-Geschenkanhaenger-Halloween-Basteln-mit-Kindern-11-Kopie-756x1024.jpg 756w, https:\/\/backenmitminis.de\/wp-content\/uploads\/2022\/10\/Ausmal-Geschenkanhaenger-Halloween-Basteln-mit-Kindern-11-Kopie-scaled-600x813.jpg 600w, https:\/\/backenmitminis.de\/wp-content\/uploads\/2022\/10\/Ausmal-Geschenkanhaenger-Halloween-Basteln-mit-Kindern-11-Kopie-222x300.jpg 222w, https:\/\/backenmitminis.de\/wp-content\/uploads\/2022\/10\/Ausmal-Geschenkanhaenger-Halloween-Basteln-mit-Kindern-11-Kopie-768x1040.jpg 768w, https:\/\/backenmitminis.de\/wp-content\/uploads\/2022\/10\/Ausmal-Geschenkanhaenger-Halloween-Basteln-mit-Kindern-11-Kopie-1134x1536.jpg 1134w, https:\/\/backenmitminis.de\/wp-content\/uploads\/2022\/10\/Ausmal-Geschenkanhaenger-Halloween-Basteln-mit-Kindern-11-Kopie-1512x2048.jpg 1512w, https:\/\/backenmitminis.de\/wp-content\/uploads\/2022\/10\/Ausmal-Geschenkanhaenger-Halloween-Basteln-mit-Kindern-11-Kopie-44x60.jpg 44w, https:\/\/backenmitminis.de\/wp-content\/uploads\/2022\/10\/Ausmal-Geschenkanhaenger-Halloween-Basteln-mit-Kindern-11-Kopie-scaled.jpg 1890w\" sizes=\"auto, (max-width: 756px) 100vw, 756px\" \/><\/figure>\n<\/figure>\n\n\n\n<h2 class=\"wp-block-heading has-text-align-center has-text-color\" style=\"color:#e879ea\">Kinderleichte &amp; einfache Gestaltung mit unseren Halloween Geschenkanh\u00e4ngern<\/h2>\n\n\n\n<p class=\"has-text-align-center\">Die Halloween Geschenkanh\u00e4nger sind kinderleicht &amp; einfach zu gestalten. Mit wenig Aufwand und Material bastelst du dein cooles Halloween-DIY mit und f\u00fcr die Minis!<\/p>\n\n\n\n<h2 class=\"wp-block-heading has-text-align-center has-text-color\" style=\"color:#e879ea\"><strong>Halloween Geschenkanh\u00e4nger zum Ausmalen<\/strong><\/h2>\n\n\n\n<p class=\"has-text-align-center\">Die Druckvorlage enth\u00e4lt 66 verschiedene Halloween Geschenkanh\u00e4nger zum Ausmalenzur kreativen Gestaltung:<\/p>\n\n\n\n<p class=\"has-text-align-center\">24 Mini Geschenkanh\u00e4nger<\/p>\n\n\n\n<p class=\"has-text-align-center\">24 Medium Geschenkanh\u00e4nger<\/p>\n\n\n\n<p class=\"has-text-align-center\">18 Maxi Geschenkanh\u00e4nger<\/p>\n\n\n\n<h2 class=\"wp-block-heading has-text-align-center\"><a href=\"https:\/\/backenmitminis.de\/en\/product\/diy-druckvorlage-halloween-geschenkanhaenger-set-zum-ausmalen\/\">Hol\u2019 sie dir jetzt, deine Druckvorlage zum Ausmalen f\u00fcr 0\u20ac!<\/a><\/h2>\n\n\n\n<h2 class=\"wp-block-heading has-text-align-center has-text-color\" style=\"color:#e879ea\"><strong>Halloween Geschenkanh\u00e4nger (Farbdruck)<\/strong><\/h2>\n\n\n\n<p class=\"has-text-align-center\">Die Druckvorlage enth\u00e4lt 36 verschiedene Halloween Geschenkanh\u00e4nger in den Halloweenfarben pink, schwarz &amp; orange:<\/p>\n\n\n\n<p class=\"has-text-align-center\">18 Medium Geschenkanh\u00e4nger<\/p>\n\n\n\n<p class=\"has-text-align-center\">12 Banderolen<\/p>\n\n\n\n<p class=\"has-text-align-center\">6 Etiketten f\u00fcr T\u00fctchen<\/p>\n\n\n\n<h2 class=\"wp-block-heading has-text-align-center\"><a href=\"https:\/\/backenmitminis.de\/en\/product\/diy-druckvorlage-geschenkanhaenger-set-halloween\/\">Hol\u2019 sie dir jetzt, deine bunte Druckvorlage!<\/a><\/h2>\n\n\n\n<figure class=\"wp-block-gallery has-nested-images columns-default is-cropped wp-block-gallery-4 is-layout-flex wp-block-gallery-is-layout-flex\">\n<figure class=\"wp-block-image size-large\"><img loading=\"lazy\" decoding=\"async\" width=\"768\" height=\"1024\" data-id=\"8629\" src=\"https:\/\/backenmitminis.de\/wp-content\/uploads\/2022\/10\/Geschenkanhaenger-Halloween-Basteln-mit-Kindern-1-Kopie-768x1024.jpg\" alt=\"\" class=\"wp-image-8629\" srcset=\"https:\/\/backenmitminis.de\/wp-content\/uploads\/2022\/10\/Geschenkanhaenger-Halloween-Basteln-mit-Kindern-1-Kopie-768x1024.jpg 768w, https:\/\/backenmitminis.de\/wp-content\/uploads\/2022\/10\/Geschenkanhaenger-Halloween-Basteln-mit-Kindern-1-Kopie-scaled-600x800.jpg 600w, https:\/\/backenmitminis.de\/wp-content\/uploads\/2022\/10\/Geschenkanhaenger-Halloween-Basteln-mit-Kindern-1-Kopie-225x300.jpg 225w, https:\/\/backenmitminis.de\/wp-content\/uploads\/2022\/10\/Geschenkanhaenger-Halloween-Basteln-mit-Kindern-1-Kopie-1152x1536.jpg 1152w, https:\/\/backenmitminis.de\/wp-content\/uploads\/2022\/10\/Geschenkanhaenger-Halloween-Basteln-mit-Kindern-1-Kopie-1536x2048.jpg 1536w, https:\/\/backenmitminis.de\/wp-content\/uploads\/2022\/10\/Geschenkanhaenger-Halloween-Basteln-mit-Kindern-1-Kopie-45x60.jpg 45w, https:\/\/backenmitminis.de\/wp-content\/uploads\/2022\/10\/Geschenkanhaenger-Halloween-Basteln-mit-Kindern-1-Kopie-scaled.jpg 1920w\" sizes=\"auto, (max-width: 768px) 100vw, 768px\" \/><\/figure>\n\n\n\n<figure class=\"wp-block-image size-large\"><img loading=\"lazy\" decoding=\"async\" width=\"768\" height=\"1024\" data-id=\"8624\" src=\"https:\/\/backenmitminis.de\/wp-content\/uploads\/2022\/10\/Ausmal-Geschenkanhaenger-Halloween-Basteln-mit-Kindern-10-Kopie-768x1024.jpg\" alt=\"DIY Druckvorlage zum Ausmalen f\u00fcr eine witzige Halloweendekoration\" class=\"wp-image-8624\" srcset=\"https:\/\/backenmitminis.de\/wp-content\/uploads\/2022\/10\/Ausmal-Geschenkanhaenger-Halloween-Basteln-mit-Kindern-10-Kopie-768x1024.jpg 768w, https:\/\/backenmitminis.de\/wp-content\/uploads\/2022\/10\/Ausmal-Geschenkanhaenger-Halloween-Basteln-mit-Kindern-10-Kopie-scaled-600x800.jpg 600w, https:\/\/backenmitminis.de\/wp-content\/uploads\/2022\/10\/Ausmal-Geschenkanhaenger-Halloween-Basteln-mit-Kindern-10-Kopie-225x300.jpg 225w, https:\/\/backenmitminis.de\/wp-content\/uploads\/2022\/10\/Ausmal-Geschenkanhaenger-Halloween-Basteln-mit-Kindern-10-Kopie-1152x1536.jpg 1152w, https:\/\/backenmitminis.de\/wp-content\/uploads\/2022\/10\/Ausmal-Geschenkanhaenger-Halloween-Basteln-mit-Kindern-10-Kopie-1536x2048.jpg 1536w, https:\/\/backenmitminis.de\/wp-content\/uploads\/2022\/10\/Ausmal-Geschenkanhaenger-Halloween-Basteln-mit-Kindern-10-Kopie-45x60.jpg 45w, https:\/\/backenmitminis.de\/wp-content\/uploads\/2022\/10\/Ausmal-Geschenkanhaenger-Halloween-Basteln-mit-Kindern-10-Kopie-scaled.jpg 1920w\" sizes=\"auto, (max-width: 768px) 100vw, 768px\" \/><\/figure>\n\n\n\n<figure class=\"wp-block-image size-large\"><img loading=\"lazy\" decoding=\"async\" width=\"768\" height=\"1024\" data-id=\"8622\" src=\"https:\/\/backenmitminis.de\/wp-content\/uploads\/2022\/10\/Ausmal-Geschenkanhaenger-Halloween-Basteln-mit-Kindern-7-Kopie-768x1024.jpg\" alt=\"\" class=\"wp-image-8622\" srcset=\"https:\/\/backenmitminis.de\/wp-content\/uploads\/2022\/10\/Ausmal-Geschenkanhaenger-Halloween-Basteln-mit-Kindern-7-Kopie-768x1024.jpg 768w, https:\/\/backenmitminis.de\/wp-content\/uploads\/2022\/10\/Ausmal-Geschenkanhaenger-Halloween-Basteln-mit-Kindern-7-Kopie-scaled-600x800.jpg 600w, https:\/\/backenmitminis.de\/wp-content\/uploads\/2022\/10\/Ausmal-Geschenkanhaenger-Halloween-Basteln-mit-Kindern-7-Kopie-225x300.jpg 225w, https:\/\/backenmitminis.de\/wp-content\/uploads\/2022\/10\/Ausmal-Geschenkanhaenger-Halloween-Basteln-mit-Kindern-7-Kopie-1152x1536.jpg 1152w, https:\/\/backenmitminis.de\/wp-content\/uploads\/2022\/10\/Ausmal-Geschenkanhaenger-Halloween-Basteln-mit-Kindern-7-Kopie-1536x2048.jpg 1536w, https:\/\/backenmitminis.de\/wp-content\/uploads\/2022\/10\/Ausmal-Geschenkanhaenger-Halloween-Basteln-mit-Kindern-7-Kopie-45x60.jpg 45w, https:\/\/backenmitminis.de\/wp-content\/uploads\/2022\/10\/Ausmal-Geschenkanhaenger-Halloween-Basteln-mit-Kindern-7-Kopie-scaled.jpg 1920w\" sizes=\"auto, (max-width: 768px) 100vw, 768px\" \/><\/figure>\n<\/figure>","protected":false},"excerpt":{"rendered":"<p>Du planst eine Halloweenparty f\u00fcr Minis, hast aber noch keine Idee f\u00fcr die Deko? Du m\u00f6chtest deine Trick or Treat T\u00fctchen halloweentastisch dekorieren, weisst aber noch nicht wie? Du bist zur Halloweenparty eingeladen, dein Mitbringsel &hellip; <\/p>","protected":false},"author":1,"featured_media":9047,"parent":0,"menu_order":0,"comment_status":"closed","ping_status":"closed","template":"","meta":{"wprm-recipe-roundup-name":"","wprm-recipe-roundup-description":"","footnotes":""},"class_list":["post-11107","page","type-page","status-publish","has-post-thumbnail","hentry"],"_links":{"self":[{"href":"https:\/\/backenmitminis.de\/en\/wp-json\/wp\/v2\/pages\/11107","targetHints":{"allow":["GET"]}}],"collection":[{"href":"https:\/\/backenmitminis.de\/en\/wp-json\/wp\/v2\/pages"}],"about":[{"href":"https:\/\/backenmitminis.de\/en\/wp-json\/wp\/v2\/types\/page"}],"author":[{"embeddable":true,"href":"https:\/\/backenmitminis.de\/en\/wp-json\/wp\/v2\/users\/1"}],"replies":[{"embeddable":true,"href":"https:\/\/backenmitminis.de\/en\/wp-json\/wp\/v2\/comments?post=11107"}],"version-history":[{"count":9,"href":"https:\/\/backenmitminis.de\/en\/wp-json\/wp\/v2\/pages\/11107\/revisions"}],"predecessor-version":[{"id":13206,"href":"https:\/\/backenmitminis.de\/en\/wp-json\/wp\/v2\/pages\/11107\/revisions\/13206"}],"wp:featuredmedia":[{"embeddable":true,"href":"https:\/\/backenmitminis.de\/en\/wp-json\/wp\/v2\/media\/9047"}],"wp:attachment":[{"href":"https:\/\/backenmitminis.de\/en\/wp-json\/wp\/v2\/media?parent=11107"}],"curies":[{"name":"wp","href":"https:\/\/api.w.org\/{rel}","templated":true}]}}