{"id":11174,"date":"2023-10-24T09:03:44","date_gmt":"2023-10-24T07:03:44","guid":{"rendered":"https:\/\/backenmitminis.de\/?page_id=11174"},"modified":"2024-10-09T15:15:21","modified_gmt":"2024-10-09T13:15:21","slug":"sweet-christmas-diy-geschenkanhaenger","status":"publish","type":"page","link":"https:\/\/backenmitminis.de\/en\/sweet-christmas-diy-geschenkanhaenger\/","title":{"rendered":"Sweet Christmas \u2013 DIY Geschenkanh\u00e4nger Set f\u00fcr deine Weihnachtsgeschenke aus der K\u00fcche"},"content":{"rendered":"<p class=\"has-text-align-center\">Gestaltest du auch so gerne sch\u00f6ne, selbstgemachte Weihnachtsgeschenke f\u00fcr deine Liebsten?<\/p>\n\n\n\n<p class=\"has-text-align-center\">F\u00fcr meine Minis und mich ist es ein kleines Weihnachtsritual im Advent geworden, f\u00fcr unsere Liebsten zu backen &amp; zu basteln: wir backen Pl\u00e4tzchen f\u00fcr Oma &amp; Opa, kochen Marmelade f\u00fcr unsere Nachbarn, rollen Pralinen f\u00fcr liebe Freunde, r\u00fchren M\u00fcsli an,&#8230; und als Finale werden die Leckerbissen nat\u00fcrlich, h\u00fcbsch verpackt. <\/p>\n\n\n\n<p class=\"has-text-align-center\">Doch eine h\u00fcbsche, individuelle Geschenkverpackung f\u00fcr leckere Weihnachtsgeschenke aus der K\u00fcche ist nicht immer einfach zu finden!<\/p>\n\n\n\n<p class=\"has-text-align-center\">Da haben meine Minis &amp; ich uns was ausgedacht: <\/p>\n\n\n\n<h2 class=\"wp-block-heading has-text-align-center has-text-color\" style=\"color:#e768ea\">Unser Geschenkanh\u00e4nger-Set f\u00fcr Weihnachtsgeschenke aus der K\u00fcche<\/h2>\n\n\n\n<p class=\"has-text-align-center\">Mit unserem Geschenkanh\u00e4nger-Set f\u00fcr Weihnachtsgeschenke aus der K\u00fcche verleihst du deinen Weihnachtsgeschenken das gewisse &#8222;Etwas&#8220; unter dem Weihnachtsbaum.<\/p>\n\n\n\n<p class=\"has-text-align-center\">Die weihnachtlichen Anh\u00e4nger und Etiketten erg\u00e4nzen deinen selbstgemachten Leckerbissen wunderbar und werten Einmachgl\u00e4ser, Papiert\u00fctchen und andere Verpackungen f\u00fcr essbare Geschenke dabei auf.<\/p>\n\n\n\n<p class=\"has-text-align-center\">Mit den rotwangigen Weihnachtsm\u00e4nnern, niedlichen Lebkuchenh\u00e4uschen und den weihnachtlichen Pl\u00e4tzchen verwandeln sich die langweilige Einmachgl\u00e4ser und Papiert\u00fcten zu wundersch\u00f6nen Weihnachtsgeschenken! Einzigartige Weihnachtgeschenke aus der K\u00fcche nicht nur f\u00fcr den Gaumen, sondern auch f\u00fcrs Auge!<\/p>\n\n\n\n<figure class=\"wp-block-image size-large\"><img loading=\"lazy\" decoding=\"async\" width=\"768\" height=\"1024\" src=\"https:\/\/backenmitminis.de\/wp-content\/uploads\/2021\/11\/Freebie-Weihnachtliche-Geschenkanhaenger-Backen-mit-minis-768x1024.jpg\" alt=\"\" class=\"wp-image-6606\" srcset=\"https:\/\/backenmitminis.de\/wp-content\/uploads\/2021\/11\/Freebie-Weihnachtliche-Geschenkanhaenger-Backen-mit-minis-768x1024.jpg 768w, https:\/\/backenmitminis.de\/wp-content\/uploads\/2021\/11\/Freebie-Weihnachtliche-Geschenkanhaenger-Backen-mit-minis-scaled-600x800.jpg 600w, https:\/\/backenmitminis.de\/wp-content\/uploads\/2021\/11\/Freebie-Weihnachtliche-Geschenkanhaenger-Backen-mit-minis-225x300.jpg 225w, https:\/\/backenmitminis.de\/wp-content\/uploads\/2021\/11\/Freebie-Weihnachtliche-Geschenkanhaenger-Backen-mit-minis-1152x1536.jpg 1152w, https:\/\/backenmitminis.de\/wp-content\/uploads\/2021\/11\/Freebie-Weihnachtliche-Geschenkanhaenger-Backen-mit-minis-1536x2048.jpg 1536w, https:\/\/backenmitminis.de\/wp-content\/uploads\/2021\/11\/Freebie-Weihnachtliche-Geschenkanhaenger-Backen-mit-minis-45x60.jpg 45w, https:\/\/backenmitminis.de\/wp-content\/uploads\/2021\/11\/Freebie-Weihnachtliche-Geschenkanhaenger-Backen-mit-minis-scaled.jpg 1920w\" sizes=\"auto, (max-width: 768px) 100vw, 768px\" \/><\/figure>\n\n\n\n<h2 class=\"wp-block-heading has-text-align-center\">Die DIY Geschenkanh\u00e4nger f\u00fcr Weihnachtsgeschenke f\u00fcr das Basteln mit und f\u00fcr Minis!<\/h2>\n\n\n\n<p class=\"has-text-align-center\">Die niedlichen Geschenkanh\u00e4nger kommen nicht nur als h\u00fcbsche Geschenkdekoration sehr gut bei den Minis an.<\/p>\n\n\n\n<p class=\"has-text-align-center\">Zusammen mit deinen Minis kannst du mit den Anh\u00e4ngern und Etiketten s\u00fc\u00dfe Weihnachtsgeschenke Zuhause, in der Schule, im Kindergarten, im Hort oder in deiner kreativen Kindergruppe gestalten!<\/p>\n\n\n\n<p class=\"has-text-align-center\">Die lustigen Weihnachtsm\u00e4nner, Tannenb\u00e4ume und Lebkuchenh\u00e4uschen sprechen Kinder an und machen auch den Kleinsten unter ihnen viel Freude!<\/p>\n\n\n\n<p class=\"has-text-align-center\">Eine kreative, bunte Nachmittagsgestaltung f\u00fcr die Minis in der Vorweihnachtszeit!<\/p>\n\n\n\n<figure class=\"wp-block-image size-large\"><img loading=\"lazy\" decoding=\"async\" width=\"768\" height=\"1024\" src=\"https:\/\/backenmitminis.de\/wp-content\/uploads\/2021\/11\/Freebie-weihnachtliche-geschenkanhaenger-backen-mit-minis-3-768x1024.jpg\" alt=\"\" class=\"wp-image-6608\" srcset=\"https:\/\/backenmitminis.de\/wp-content\/uploads\/2021\/11\/Freebie-weihnachtliche-geschenkanhaenger-backen-mit-minis-3-768x1024.jpg 768w, https:\/\/backenmitminis.de\/wp-content\/uploads\/2021\/11\/Freebie-weihnachtliche-geschenkanhaenger-backen-mit-minis-3-scaled-600x800.jpg 600w, https:\/\/backenmitminis.de\/wp-content\/uploads\/2021\/11\/Freebie-weihnachtliche-geschenkanhaenger-backen-mit-minis-3-225x300.jpg 225w, https:\/\/backenmitminis.de\/wp-content\/uploads\/2021\/11\/Freebie-weihnachtliche-geschenkanhaenger-backen-mit-minis-3-1152x1536.jpg 1152w, https:\/\/backenmitminis.de\/wp-content\/uploads\/2021\/11\/Freebie-weihnachtliche-geschenkanhaenger-backen-mit-minis-3-1536x2048.jpg 1536w, https:\/\/backenmitminis.de\/wp-content\/uploads\/2021\/11\/Freebie-weihnachtliche-geschenkanhaenger-backen-mit-minis-3-45x60.jpg 45w, https:\/\/backenmitminis.de\/wp-content\/uploads\/2021\/11\/Freebie-weihnachtliche-geschenkanhaenger-backen-mit-minis-3-scaled.jpg 1920w\" sizes=\"auto, (max-width: 768px) 100vw, 768px\" \/><\/figure>\n\n\n\n<h2 class=\"wp-block-heading has-text-align-center has-text-color\" style=\"color:#e879ea\"><strong>Kinderleichte &amp; einfache Gestaltung mit der Vorlage f\u00fcr weihnachtliche Geschenkanh\u00e4nger<\/strong><\/h2>\n\n\n\n<p class=\"has-text-align-center\">Die DIY Geschenkanh\u00e4nger f\u00fcr Weihnachten sind kinderleicht und einfach zu gestalten. Mit wenig Aufwand und Material dekorierst du deine Weihnachtsgeschenke mit und f\u00fcr die Minis!<\/p>\n\n\n\n<p class=\"has-text-align-center\">Die Druckvorlage enth\u00e4lt \u00fcber 100 verschiedene Anh\u00e4nger, Etiketten &amp; Banderolen in unterschiedlichen Designs.<\/p>\n\n\n\n<p class=\"has-text-align-center\">Die weihnachtlichen Geschenkanh\u00e4nger k\u00f6nnen frei gestaltet werden:<\/p>\n\n\n\n<p class=\"has-text-align-center\">66 Geschenkanh\u00e4nger in 3 Gr\u00f6\u00dfen <\/p>\n\n\n\n<p class=\"has-text-align-center\">2 Adventskalenderzahlen-Sets in 2 Gr\u00f6\u00dfen<\/p>\n\n\n\n<p class=\"has-text-align-center\">2 Banderolen f\u00fcr Just Spices Gew\u00fcrzboxen<\/p>\n\n\n\n<p class=\"has-text-align-center\">3 Banderolen f\u00fcr Einmachgl\u00e4ser<\/p>\n\n\n\n<p class=\"has-text-align-center\">3 T\u00fctchenverschl\u00fcsse<\/p>\n\n\n\n<h2 class=\"wp-block-heading has-text-align-center\"><a href=\"https:\/\/backenmitminis.de\/en\/product\/weihnachten-geschenkanhaenger-set\/\">Get your print template now!<\/a><\/h2>\n\n\n\n<figure class=\"wp-block-image size-large\"><img loading=\"lazy\" decoding=\"async\" width=\"768\" height=\"1024\" src=\"https:\/\/backenmitminis.de\/wp-content\/uploads\/2021\/11\/Schnelle-Weihnachtsgeschenke-aus-der-Kueche-DIY-Weihnachtsgeschenk-Last-minute-Weihnachtsmuesli-20-Kopie-768x1024.jpg\" alt=\"Weihnachtsm\u00fcsli als schnelle Weihnachtsgeschenke aus der K\u00fcche. Selbstgemachte Weihnachtsgeschenke ohne viel Aufwand schmecken doch am besten.\" class=\"wp-image-6592\" srcset=\"https:\/\/backenmitminis.de\/wp-content\/uploads\/2021\/11\/Schnelle-Weihnachtsgeschenke-aus-der-Kueche-DIY-Weihnachtsgeschenk-Last-minute-Weihnachtsmuesli-20-Kopie-768x1024.jpg 768w, https:\/\/backenmitminis.de\/wp-content\/uploads\/2021\/11\/Schnelle-Weihnachtsgeschenke-aus-der-Kueche-DIY-Weihnachtsgeschenk-Last-minute-Weihnachtsmuesli-20-Kopie-scaled-600x800.jpg 600w, https:\/\/backenmitminis.de\/wp-content\/uploads\/2021\/11\/Schnelle-Weihnachtsgeschenke-aus-der-Kueche-DIY-Weihnachtsgeschenk-Last-minute-Weihnachtsmuesli-20-Kopie-225x300.jpg 225w, https:\/\/backenmitminis.de\/wp-content\/uploads\/2021\/11\/Schnelle-Weihnachtsgeschenke-aus-der-Kueche-DIY-Weihnachtsgeschenk-Last-minute-Weihnachtsmuesli-20-Kopie-1152x1536.jpg 1152w, https:\/\/backenmitminis.de\/wp-content\/uploads\/2021\/11\/Schnelle-Weihnachtsgeschenke-aus-der-Kueche-DIY-Weihnachtsgeschenk-Last-minute-Weihnachtsmuesli-20-Kopie-1536x2048.jpg 1536w, https:\/\/backenmitminis.de\/wp-content\/uploads\/2021\/11\/Schnelle-Weihnachtsgeschenke-aus-der-Kueche-DIY-Weihnachtsgeschenk-Last-minute-Weihnachtsmuesli-20-Kopie-45x60.jpg 45w, https:\/\/backenmitminis.de\/wp-content\/uploads\/2021\/11\/Schnelle-Weihnachtsgeschenke-aus-der-Kueche-DIY-Weihnachtsgeschenk-Last-minute-Weihnachtsmuesli-20-Kopie-scaled.jpg 1920w\" sizes=\"auto, (max-width: 768px) 100vw, 768px\" \/><\/figure>\n\n\n\n<figure class=\"wp-block-image size-large\"><img loading=\"lazy\" decoding=\"async\" width=\"768\" height=\"1024\" src=\"https:\/\/backenmitminis.de\/wp-content\/uploads\/2021\/11\/Schnelle-Weihnachtsgeschenke-aus-der-Kueche-DIY-Weihnachtsgeschenk-Last-minute-Weihnachtsmarmelade-9-Kopie-768x1024.jpg\" alt=\"Marmeladen als schnelle Geschenke aus der K\u00fcche. Selbstgemachte Weihnachtsgeschenke ohne viel Aufwand schmecken doch am besten.\" class=\"wp-image-6586\" srcset=\"https:\/\/backenmitminis.de\/wp-content\/uploads\/2021\/11\/Schnelle-Weihnachtsgeschenke-aus-der-Kueche-DIY-Weihnachtsgeschenk-Last-minute-Weihnachtsmarmelade-9-Kopie-768x1024.jpg 768w, https:\/\/backenmitminis.de\/wp-content\/uploads\/2021\/11\/Schnelle-Weihnachtsgeschenke-aus-der-Kueche-DIY-Weihnachtsgeschenk-Last-minute-Weihnachtsmarmelade-9-Kopie-scaled-600x800.jpg 600w, https:\/\/backenmitminis.de\/wp-content\/uploads\/2021\/11\/Schnelle-Weihnachtsgeschenke-aus-der-Kueche-DIY-Weihnachtsgeschenk-Last-minute-Weihnachtsmarmelade-9-Kopie-225x300.jpg 225w, https:\/\/backenmitminis.de\/wp-content\/uploads\/2021\/11\/Schnelle-Weihnachtsgeschenke-aus-der-Kueche-DIY-Weihnachtsgeschenk-Last-minute-Weihnachtsmarmelade-9-Kopie-1152x1536.jpg 1152w, https:\/\/backenmitminis.de\/wp-content\/uploads\/2021\/11\/Schnelle-Weihnachtsgeschenke-aus-der-Kueche-DIY-Weihnachtsgeschenk-Last-minute-Weihnachtsmarmelade-9-Kopie-1536x2048.jpg 1536w, https:\/\/backenmitminis.de\/wp-content\/uploads\/2021\/11\/Schnelle-Weihnachtsgeschenke-aus-der-Kueche-DIY-Weihnachtsgeschenk-Last-minute-Weihnachtsmarmelade-9-Kopie-45x60.jpg 45w, https:\/\/backenmitminis.de\/wp-content\/uploads\/2021\/11\/Schnelle-Weihnachtsgeschenke-aus-der-Kueche-DIY-Weihnachtsgeschenk-Last-minute-Weihnachtsmarmelade-9-Kopie-scaled.jpg 1920w\" sizes=\"auto, (max-width: 768px) 100vw, 768px\" \/><\/figure>\n\n\n\n<figure class=\"wp-block-image size-large\"><img loading=\"lazy\" decoding=\"async\" width=\"768\" height=\"1024\" src=\"https:\/\/backenmitminis.de\/wp-content\/uploads\/2021\/11\/Schnelle-Weihnachtsgeschenke-aus-der-Kueche-DIY-Weihnachtsgeschenk-Last-minute-Christmas-Crunch-Kopie-768x1024.jpg\" alt=\"Weihnachtscrunch als schnelle Geschenke aus der K\u00fcche. Selbstgemachte Weihnachtsgeschenke ohne viel Aufwand schmecken doch am besten.\" class=\"wp-image-6556\" srcset=\"https:\/\/backenmitminis.de\/wp-content\/uploads\/2021\/11\/Schnelle-Weihnachtsgeschenke-aus-der-Kueche-DIY-Weihnachtsgeschenk-Last-minute-Christmas-Crunch-Kopie-768x1024.jpg 768w, https:\/\/backenmitminis.de\/wp-content\/uploads\/2021\/11\/Schnelle-Weihnachtsgeschenke-aus-der-Kueche-DIY-Weihnachtsgeschenk-Last-minute-Christmas-Crunch-Kopie-scaled-600x800.jpg 600w, https:\/\/backenmitminis.de\/wp-content\/uploads\/2021\/11\/Schnelle-Weihnachtsgeschenke-aus-der-Kueche-DIY-Weihnachtsgeschenk-Last-minute-Christmas-Crunch-Kopie-225x300.jpg 225w, https:\/\/backenmitminis.de\/wp-content\/uploads\/2021\/11\/Schnelle-Weihnachtsgeschenke-aus-der-Kueche-DIY-Weihnachtsgeschenk-Last-minute-Christmas-Crunch-Kopie-1152x1536.jpg 1152w, https:\/\/backenmitminis.de\/wp-content\/uploads\/2021\/11\/Schnelle-Weihnachtsgeschenke-aus-der-Kueche-DIY-Weihnachtsgeschenk-Last-minute-Christmas-Crunch-Kopie-1536x2048.jpg 1536w, https:\/\/backenmitminis.de\/wp-content\/uploads\/2021\/11\/Schnelle-Weihnachtsgeschenke-aus-der-Kueche-DIY-Weihnachtsgeschenk-Last-minute-Christmas-Crunch-Kopie-45x60.jpg 45w, https:\/\/backenmitminis.de\/wp-content\/uploads\/2021\/11\/Schnelle-Weihnachtsgeschenke-aus-der-Kueche-DIY-Weihnachtsgeschenk-Last-minute-Christmas-Crunch-Kopie-scaled.jpg 1920w\" sizes=\"auto, (max-width: 768px) 100vw, 768px\" \/><\/figure>","protected":false},"excerpt":{"rendered":"<p>Gestaltest du auch so gerne sch\u00f6ne, selbstgemachte Weihnachtsgeschenke f\u00fcr deine Liebsten? F\u00fcr meine Minis und mich ist es ein kleines Weihnachtsritual im Advent geworden, f\u00fcr unsere Liebsten zu backen &amp; zu basteln: wir backen Pl\u00e4tzchen &hellip; <\/p>","protected":false},"author":1,"featured_media":6589,"parent":0,"menu_order":0,"comment_status":"closed","ping_status":"closed","template":"","meta":{"wprm-recipe-roundup-name":"","wprm-recipe-roundup-description":"","footnotes":""},"class_list":["post-11174","page","type-page","status-publish","has-post-thumbnail","hentry"],"_links":{"self":[{"href":"https:\/\/backenmitminis.de\/en\/wp-json\/wp\/v2\/pages\/11174","targetHints":{"allow":["GET"]}}],"collection":[{"href":"https:\/\/backenmitminis.de\/en\/wp-json\/wp\/v2\/pages"}],"about":[{"href":"https:\/\/backenmitminis.de\/en\/wp-json\/wp\/v2\/types\/page"}],"author":[{"embeddable":true,"href":"https:\/\/backenmitminis.de\/en\/wp-json\/wp\/v2\/users\/1"}],"replies":[{"embeddable":true,"href":"https:\/\/backenmitminis.de\/en\/wp-json\/wp\/v2\/comments?post=11174"}],"version-history":[{"count":9,"href":"https:\/\/backenmitminis.de\/en\/wp-json\/wp\/v2\/pages\/11174\/revisions"}],"predecessor-version":[{"id":13205,"href":"https:\/\/backenmitminis.de\/en\/wp-json\/wp\/v2\/pages\/11174\/revisions\/13205"}],"wp:featuredmedia":[{"embeddable":true,"href":"https:\/\/backenmitminis.de\/en\/wp-json\/wp\/v2\/media\/6589"}],"wp:attachment":[{"href":"https:\/\/backenmitminis.de\/en\/wp-json\/wp\/v2\/media?parent=11174"}],"curies":[{"name":"wp","href":"https:\/\/api.w.org\/{rel}","templated":true}]}}