{"id":11332,"date":"2023-11-03T12:30:16","date_gmt":"2023-11-03T11:30:16","guid":{"rendered":"https:\/\/backenmitminis.de\/?page_id=11332"},"modified":"2023-11-03T12:30:17","modified_gmt":"2023-11-03T11:30:17","slug":"rentierkuchen-caketopper","status":"publish","type":"page","link":"https:\/\/backenmitminis.de\/en\/rentierkuchen-caketopper\/","title":{"rendered":"Rentier Rudolf &#8211; DIY Rentier-Caketopper f\u00fcr deinen Rentierkuchen"},"content":{"rendered":"<p class=\"has-text-align-center\">Weihnachten ohne das rotnasige Rentier Rudolf? Undenkbar!<\/p>\n\n\n\n<p class=\"has-text-align-center\">Meine Minis und ich lieben die Weihnachtsb\u00e4ckerei! Besonders begeistert es uns Motive aus k\u00f6stlichen Leckereien zu kreieren und nat\u00fcrlich das bunte Dekorieren von weihnachtlichen K\u00f6stlichkeiten!<\/p>\n\n\n\n<p class=\"has-text-align-center\">Dass da ein witziger, rotnasiger Rentierkuchen in unserer kleinen Kuchensammlung nicht fehlen darf, ist verst\u00e4ndlich. <\/p>\n\n\n\n<p class=\"has-text-align-center\">Damit unser Rentierkuchen auch als ein solcher zu erkennen ist, braucht unser Rentier nicht nur eine rote Nase, sondern auch ein h\u00fcbsches Geweih! Da dies nicht so einfach zu backen ist, haben wir uns mit ein wenig Kreativit\u00e4t und einem Caketopper ausgeholfen:<\/p>\n\n\n\n<h2 class=\"wp-block-heading has-text-align-center has-text-color\" style=\"color:#e768ea\">Unsere Druckvorlage f\u00fcr Muffin- und Caketopper f\u00fcr Rudolfs h\u00fcbsches Rentiergeweih<\/h2>\n\n\n\n<p class=\"has-text-align-center\">Mit unserer Druckvorlage Rudolfs Rentiergeweih kannst du deinem Rentierkuchen oder Rentiermuffins s\u00fc\u00dfe Geweihe aufsetzen. <\/p>\n\n\n\n<p class=\"has-text-align-center\">In der Druckvorlage findest du Rentiergeweihe in 3 verschiedenen Gr\u00f6\u00dfen &#8211; f\u00fcr Muffins, f\u00fcr 20er-Kuchengr\u00f6\u00dfen und f\u00fcr 26er-Kuchengr\u00f6\u00dfen.<\/p>\n\n\n\n<figure class=\"wp-block-image size-large\"><img loading=\"lazy\" decoding=\"async\" width=\"768\" height=\"1024\" src=\"https:\/\/backenmitminis.de\/wp-content\/uploads\/2022\/12\/Rentierkuchen-Backen-mit-Kindern-Gugelhupf-3-768x1024.jpg\" alt=\"Der Rentierkuchen ist ein Highlight f\u00fcr das Backen mit Kindern in der Weihnachtszeit.\" class=\"wp-image-9573\" srcset=\"https:\/\/backenmitminis.de\/wp-content\/uploads\/2022\/12\/Rentierkuchen-Backen-mit-Kindern-Gugelhupf-3-768x1024.jpg 768w, https:\/\/backenmitminis.de\/wp-content\/uploads\/2022\/12\/Rentierkuchen-Backen-mit-Kindern-Gugelhupf-3-225x300.jpg 225w, https:\/\/backenmitminis.de\/wp-content\/uploads\/2022\/12\/Rentierkuchen-Backen-mit-Kindern-Gugelhupf-3-1152x1536.jpg 1152w, https:\/\/backenmitminis.de\/wp-content\/uploads\/2022\/12\/Rentierkuchen-Backen-mit-Kindern-Gugelhupf-3-1536x2048.jpg 1536w, https:\/\/backenmitminis.de\/wp-content\/uploads\/2022\/12\/Rentierkuchen-Backen-mit-Kindern-Gugelhupf-3-45x60.jpg 45w, https:\/\/backenmitminis.de\/wp-content\/uploads\/2022\/12\/Rentierkuchen-Backen-mit-Kindern-Gugelhupf-3-600x800.jpg 600w, https:\/\/backenmitminis.de\/wp-content\/uploads\/2022\/12\/Rentierkuchen-Backen-mit-Kindern-Gugelhupf-3-scaled.jpg 1920w\" sizes=\"auto, (max-width: 768px) 100vw, 768px\" \/><\/figure>\n\n\n\n<h2 class=\"wp-block-heading has-text-align-center\">Die DIY Druckvorlage f\u00fcr Rentiergeweihe f\u00fcr das Basteln mit und f\u00fcr Minis!<\/h2>\n\n\n\n<p class=\"has-text-align-center\">Die Druckvorlage ist vielf\u00e4ltig einsetzbar:<\/p>\n\n\n\n<p class=\"has-text-align-center\">Du kannst sie direkt ausdrucken und ausschneiden. Sie kann aber auch als Schablone verwendet werden.<\/p>\n\n\n\n<p class=\"has-text-align-center\">Zusammen mit deinen Minis kannst du lustige Geweihe f\u00fcr eure weihnachtlichen K\u00f6stlichkeiten basteln. Die Geweihe k\u00f6nnen allerdings auch Weihnachtsgeschenke, Adventskalendert\u00fctchen, etc. verzieren. <\/p>\n\n\n\n<p class=\"has-text-align-center\">Wie immer gilt: Eurer Kreativit\u00e4t sind keine Grenzen gesetzt!<\/p>\n\n\n\n<figure class=\"wp-block-image size-large\"><img loading=\"lazy\" decoding=\"async\" width=\"768\" height=\"1024\" src=\"https:\/\/backenmitminis.de\/wp-content\/uploads\/2022\/12\/Rentierkuchen-Backen-mit-Kindern-Gugelhupf-1-768x1024.jpg\" alt=\"Der Rentierkuchen ist ein Highlight f\u00fcr das Backen mit Kindern in der Weihnachtszeit.\" class=\"wp-image-9571\" srcset=\"https:\/\/backenmitminis.de\/wp-content\/uploads\/2022\/12\/Rentierkuchen-Backen-mit-Kindern-Gugelhupf-1-768x1024.jpg 768w, https:\/\/backenmitminis.de\/wp-content\/uploads\/2022\/12\/Rentierkuchen-Backen-mit-Kindern-Gugelhupf-1-225x300.jpg 225w, https:\/\/backenmitminis.de\/wp-content\/uploads\/2022\/12\/Rentierkuchen-Backen-mit-Kindern-Gugelhupf-1-1152x1536.jpg 1152w, https:\/\/backenmitminis.de\/wp-content\/uploads\/2022\/12\/Rentierkuchen-Backen-mit-Kindern-Gugelhupf-1-1536x2048.jpg 1536w, https:\/\/backenmitminis.de\/wp-content\/uploads\/2022\/12\/Rentierkuchen-Backen-mit-Kindern-Gugelhupf-1-45x60.jpg 45w, https:\/\/backenmitminis.de\/wp-content\/uploads\/2022\/12\/Rentierkuchen-Backen-mit-Kindern-Gugelhupf-1-600x800.jpg 600w, https:\/\/backenmitminis.de\/wp-content\/uploads\/2022\/12\/Rentierkuchen-Backen-mit-Kindern-Gugelhupf-1-scaled.jpg 1920w\" sizes=\"auto, (max-width: 768px) 100vw, 768px\" \/><\/figure>\n\n\n\n<h2 class=\"wp-block-heading has-text-align-center\"><strong>Kinderleichte &amp; einfache Gestaltung mit der Vorlage f\u00fcr Rudolfs Geweihe f\u00fcr deinen Rentierkuchen<\/strong> <\/h2>\n\n\n\n<p class=\"has-text-align-center\">Die DIY Druckvorlage f\u00fcr die Rentiergeweihe ist einfach f\u00fcr Kinder zu verwenden. Je nach Alter und Fingerfertigkeit der Minis kann die Gestaltung des Rentiergeweihs in ihrem Schwierigkeitsgrad angepasst werden. <\/p>\n\n\n\n<p class=\"has-text-align-center\">Die Druckvorlage enth\u00e4lt \u00fcber 16 verschiedene Cake-\/Muffintopper.<\/p>\n\n\n\n<p class=\"has-text-align-center\">Die weihnachtlichen Geschenkanh\u00e4nger k\u00f6nnen frei gestaltet werden:<\/p>\n\n\n\n<p class=\"has-text-align-center\">12 Muffintopper-Rentiergeweihe<\/p>\n\n\n\n<p class=\"has-text-align-center\">1 Caketopper-Rentiergeweihe 20er-Kuchengr\u00f6\u00dfe<\/p>\n\n\n\n<p class=\"has-text-align-center\">1 Caketopper-Rentiergeweihe 20er-Kuchengr\u00f6\u00dfe mit Gl\u00f6ckchen-Markierung<\/p>\n\n\n\n<p class=\"has-text-align-center\">1 Caketopper-Rentiergeweihe 26er-Kuchengr\u00f6\u00dfe<\/p>\n\n\n\n<p class=\"has-text-align-center\">1 Caketopper-Rentiergeweihe 26er-Kuchengr\u00f6\u00dfe mit Gl\u00f6ckchen-Markierung<\/p>\n\n\n\n<h2 class=\"wp-block-heading has-text-align-center\"><a href=\"https:\/\/backenmitminis.de\/en\/product\/diy-druckvorlage-cake-muffintopper-rentier-rudolf\/\">Hol\u2019 sie dir jetzt, deine Druckvorlage f\u00fcr 0\u20ac!<\/a><\/h2>\n\n\n\n<figure class=\"wp-block-image size-large\"><img loading=\"lazy\" decoding=\"async\" width=\"768\" height=\"1024\" src=\"https:\/\/backenmitminis.de\/wp-content\/uploads\/2022\/12\/Rentierkuchen-Backen-mit-Kindern-Gugelhupf-8-768x1024.jpg\" alt=\"Der Rentierkuchen ist ein Highlight f\u00fcr das Backen mit Kindern in der Weihnachtszeit.\" class=\"wp-image-9578\" srcset=\"https:\/\/backenmitminis.de\/wp-content\/uploads\/2022\/12\/Rentierkuchen-Backen-mit-Kindern-Gugelhupf-8-768x1024.jpg 768w, https:\/\/backenmitminis.de\/wp-content\/uploads\/2022\/12\/Rentierkuchen-Backen-mit-Kindern-Gugelhupf-8-225x300.jpg 225w, https:\/\/backenmitminis.de\/wp-content\/uploads\/2022\/12\/Rentierkuchen-Backen-mit-Kindern-Gugelhupf-8-1152x1536.jpg 1152w, https:\/\/backenmitminis.de\/wp-content\/uploads\/2022\/12\/Rentierkuchen-Backen-mit-Kindern-Gugelhupf-8-1536x2048.jpg 1536w, https:\/\/backenmitminis.de\/wp-content\/uploads\/2022\/12\/Rentierkuchen-Backen-mit-Kindern-Gugelhupf-8-45x60.jpg 45w, https:\/\/backenmitminis.de\/wp-content\/uploads\/2022\/12\/Rentierkuchen-Backen-mit-Kindern-Gugelhupf-8-600x800.jpg 600w, https:\/\/backenmitminis.de\/wp-content\/uploads\/2022\/12\/Rentierkuchen-Backen-mit-Kindern-Gugelhupf-8-scaled.jpg 1920w\" sizes=\"auto, (max-width: 768px) 100vw, 768px\" \/><\/figure>","protected":false},"excerpt":{"rendered":"<p>Weihnachten ohne das rotnasige Rentier Rudolf? Undenkbar! Meine Minis und ich lieben die Weihnachtsb\u00e4ckerei! Besonders begeistert es uns Motive aus k\u00f6stlichen Leckereien zu kreieren und nat\u00fcrlich das bunte Dekorieren von weihnachtlichen K\u00f6stlichkeiten! Dass da ein &hellip; <\/p>","protected":false},"author":1,"featured_media":9577,"parent":0,"menu_order":0,"comment_status":"closed","ping_status":"closed","template":"","meta":{"wprm-recipe-roundup-name":"","wprm-recipe-roundup-description":"","footnotes":""},"class_list":["post-11332","page","type-page","status-publish","has-post-thumbnail","hentry"],"_links":{"self":[{"href":"https:\/\/backenmitminis.de\/en\/wp-json\/wp\/v2\/pages\/11332","targetHints":{"allow":["GET"]}}],"collection":[{"href":"https:\/\/backenmitminis.de\/en\/wp-json\/wp\/v2\/pages"}],"about":[{"href":"https:\/\/backenmitminis.de\/en\/wp-json\/wp\/v2\/types\/page"}],"author":[{"embeddable":true,"href":"https:\/\/backenmitminis.de\/en\/wp-json\/wp\/v2\/users\/1"}],"replies":[{"embeddable":true,"href":"https:\/\/backenmitminis.de\/en\/wp-json\/wp\/v2\/comments?post=11332"}],"version-history":[{"count":1,"href":"https:\/\/backenmitminis.de\/en\/wp-json\/wp\/v2\/pages\/11332\/revisions"}],"predecessor-version":[{"id":11333,"href":"https:\/\/backenmitminis.de\/en\/wp-json\/wp\/v2\/pages\/11332\/revisions\/11333"}],"wp:featuredmedia":[{"embeddable":true,"href":"https:\/\/backenmitminis.de\/en\/wp-json\/wp\/v2\/media\/9577"}],"wp:attachment":[{"href":"https:\/\/backenmitminis.de\/en\/wp-json\/wp\/v2\/media?parent=11332"}],"curies":[{"name":"wp","href":"https:\/\/api.w.org\/{rel}","templated":true}]}}