{"id":11677,"date":"2023-12-27T22:00:00","date_gmt":"2023-12-27T21:00:00","guid":{"rendered":"https:\/\/backenmitminis.de\/?page_id=11677"},"modified":"2023-12-28T01:08:35","modified_gmt":"2023-12-28T00:08:35","slug":"gluecksschokolade-happy-new-year-banderolen","status":"publish","type":"page","link":"https:\/\/backenmitminis.de\/en\/gluecksschokolade-happy-new-year-banderolen\/","title":{"rendered":"\u201cHappy New Year Chocolate\u201d \u2013 The slightly different fortune cookie with \u201cHappy New Year\u201d bands for Ritter Sport Minis"},"content":{"rendered":"<p class=\"has-text-align-center\">Do you also like to give away a little happiness on New Year's Eve? <\/p>\n\n\n\n<p class=\"has-text-align-center\">Polished lucky pennies, four-leaf clovers, rosy marzipan pigs, fortune cookies, ladybirds,\u2026 traditional harbingers of good luck on New Year's Eve!<\/p>\n\n\n\n<p class=\"has-text-align-center\">With \u201cHappy New Year chocolate\u201d we\u2019re breathing a little new life into the classic fortune cookie! The traditional good luck message remains, but the cookie is replaced with delicious chocolate!<\/p>\n\n\n\n<p class=\"has-text-align-center\">The sweet Mini Ritter Sport tablets are always a tasty gift and are enjoyed by young and old alike! With our \u201cHappy New Year\u201d banderoles you become a very special New Year\u2019s Eve gift: Happy New Year chocolate!<\/p>\n\n\n\n<figure class=\"wp-block-image size-large\"><img loading=\"lazy\" decoding=\"async\" width=\"768\" height=\"1024\" src=\"https:\/\/backenmitminis.de\/wp-content\/uploads\/2023\/12\/Glueckskekse-Ritter-Sport-Happy-New-Year-7-Kopie-768x1024.jpg\" alt=\"DIY Silvester Geschenk - Gl\u00fcckskekse mal anders mit Ritter Sport und Banderole zum Downloaden und Ausdrucken: Gl\u00fccksschokolade\" class=\"wp-image-11694\" srcset=\"https:\/\/backenmitminis.de\/wp-content\/uploads\/2023\/12\/Glueckskekse-Ritter-Sport-Happy-New-Year-7-Kopie-768x1024.jpg 768w, https:\/\/backenmitminis.de\/wp-content\/uploads\/2023\/12\/Glueckskekse-Ritter-Sport-Happy-New-Year-7-Kopie-225x300.jpg 225w, https:\/\/backenmitminis.de\/wp-content\/uploads\/2023\/12\/Glueckskekse-Ritter-Sport-Happy-New-Year-7-Kopie-1152x1536.jpg 1152w, https:\/\/backenmitminis.de\/wp-content\/uploads\/2023\/12\/Glueckskekse-Ritter-Sport-Happy-New-Year-7-Kopie-1536x2048.jpg 1536w, https:\/\/backenmitminis.de\/wp-content\/uploads\/2023\/12\/Glueckskekse-Ritter-Sport-Happy-New-Year-7-Kopie-45x60.jpg 45w, https:\/\/backenmitminis.de\/wp-content\/uploads\/2023\/12\/Glueckskekse-Ritter-Sport-Happy-New-Year-7-Kopie-600x800.jpg 600w, https:\/\/backenmitminis.de\/wp-content\/uploads\/2023\/12\/Glueckskekse-Ritter-Sport-Happy-New-Year-7-Kopie-scaled.jpg 1920w\" sizes=\"auto, (max-width: 768px) 100vw, 768px\" \/><\/figure>\n\n\n\n<h2 class=\"wp-block-heading has-text-align-center\">Our Happy New Year Chocolate with \u201cHappy New Year\u201d bands for Ritter Sport Minis<\/h2>\n\n\n\n<p class=\"has-text-align-center\">With our New Year's Eve banderoles for the Ritter Sport Minis you can give away a colorful New Year's Eve treat, your individual New Year's wishes, to your loved ones!<\/p>\n\n\n\n<p class=\"has-text-align-center\">You now have a little midnight surprise for your New Year's Eve party or a very special souvenir for the New Year's brunch.<\/p>\n\n\n\n<p class=\"has-text-align-center\">With the colorful fireworks, the lucky sayings and colorful motifs, the chocolatey Ritter Sport bars are transformed into unique New Year's Eve gifts! <\/p>\n\n\n\n<p class=\"has-text-align-center\">A sweet start to a new year!<\/p>\n\n\n\n<figure class=\"wp-block-image size-large\"><img loading=\"lazy\" decoding=\"async\" width=\"768\" height=\"1024\" src=\"https:\/\/backenmitminis.de\/wp-content\/uploads\/2023\/12\/Glueckskekse-Ritter-Sport-Happy-New-Year-14-Kopie-768x1024.jpg\" alt=\"DIY Silvester Geschenk - Gl\u00fcckskekse mal anders mit Ritter Sport und Banderole zum Downloaden und Ausdrucken: Gl\u00fccksschokolade\" class=\"wp-image-11701\" srcset=\"https:\/\/backenmitminis.de\/wp-content\/uploads\/2023\/12\/Glueckskekse-Ritter-Sport-Happy-New-Year-14-Kopie-768x1024.jpg 768w, https:\/\/backenmitminis.de\/wp-content\/uploads\/2023\/12\/Glueckskekse-Ritter-Sport-Happy-New-Year-14-Kopie-225x300.jpg 225w, https:\/\/backenmitminis.de\/wp-content\/uploads\/2023\/12\/Glueckskekse-Ritter-Sport-Happy-New-Year-14-Kopie-1152x1536.jpg 1152w, https:\/\/backenmitminis.de\/wp-content\/uploads\/2023\/12\/Glueckskekse-Ritter-Sport-Happy-New-Year-14-Kopie-1536x2048.jpg 1536w, https:\/\/backenmitminis.de\/wp-content\/uploads\/2023\/12\/Glueckskekse-Ritter-Sport-Happy-New-Year-14-Kopie-45x60.jpg 45w, https:\/\/backenmitminis.de\/wp-content\/uploads\/2023\/12\/Glueckskekse-Ritter-Sport-Happy-New-Year-14-Kopie-600x800.jpg 600w, https:\/\/backenmitminis.de\/wp-content\/uploads\/2023\/12\/Glueckskekse-Ritter-Sport-Happy-New-Year-14-Kopie-scaled.jpg 1920w\" sizes=\"auto, (max-width: 768px) 100vw, 768px\" \/><\/figure>\n\n\n\n<h2 class=\"wp-block-heading has-text-align-center\">The DIY New Year's Eve banderole for crafting with kids!<\/h2>\n\n\n\n<p class=\"has-text-align-center\">The New Year's wishes from Ritter Sport boards are not just a cute gift from your kids. Together with your minis, you can also use the banderoles to creatively design delicious Happy New Years chocolates for friends, grandparents, godparents, coaches, teachers, etc.!<\/p>\n\n\n\n<p class=\"has-text-align-center\">The colorful fireworks in all colors appeal to children and bring great joy even to the smallest ones!<\/p>\n\n\n\n<p class=\"has-text-align-center\">A creative, colorful afternoon activity for kids while they wait for the New Year to arrive!<\/p>\n\n\n\n<figure class=\"wp-block-image size-large\"><img loading=\"lazy\" decoding=\"async\" width=\"768\" height=\"1024\" src=\"https:\/\/backenmitminis.de\/wp-content\/uploads\/2023\/12\/Glueckskekse-Ritter-Sport-Happy-New-Year-5-Kopie-768x1024.jpg\" alt=\"DIY Silvester Geschenk - Gl\u00fcckskekse mal anders mit Ritter Sport und Banderole zum Downloaden und Ausdrucken: Gl\u00fccksschokolade\" class=\"wp-image-11692\" srcset=\"https:\/\/backenmitminis.de\/wp-content\/uploads\/2023\/12\/Glueckskekse-Ritter-Sport-Happy-New-Year-5-Kopie-768x1024.jpg 768w, https:\/\/backenmitminis.de\/wp-content\/uploads\/2023\/12\/Glueckskekse-Ritter-Sport-Happy-New-Year-5-Kopie-225x300.jpg 225w, https:\/\/backenmitminis.de\/wp-content\/uploads\/2023\/12\/Glueckskekse-Ritter-Sport-Happy-New-Year-5-Kopie-1152x1536.jpg 1152w, https:\/\/backenmitminis.de\/wp-content\/uploads\/2023\/12\/Glueckskekse-Ritter-Sport-Happy-New-Year-5-Kopie-1536x2048.jpg 1536w, https:\/\/backenmitminis.de\/wp-content\/uploads\/2023\/12\/Glueckskekse-Ritter-Sport-Happy-New-Year-5-Kopie-45x60.jpg 45w, https:\/\/backenmitminis.de\/wp-content\/uploads\/2023\/12\/Glueckskekse-Ritter-Sport-Happy-New-Year-5-Kopie-600x800.jpg 600w, https:\/\/backenmitminis.de\/wp-content\/uploads\/2023\/12\/Glueckskekse-Ritter-Sport-Happy-New-Year-5-Kopie-scaled.jpg 1920w\" sizes=\"auto, (max-width: 768px) 100vw, 768px\" \/><\/figure>\n\n\n\n<h2 class=\"wp-block-heading has-text-align-center\">Easy and simple design of Happy New Years Chocolates with the DIY template for the \u201cHappy New Year\u201d banderoles<\/h2>\n\n\n\n<p class=\"has-text-align-center\">The DIY Ritter Sport Minis banderoles are easy to design. With little effort and materials you can make your unique Happy New Year Chocolate with your kids!<\/p>\n\n\n\n<p class=\"has-text-align-center\">The print template contains 36 banderoles for Ritter Sport Minis.<\/p>\n\n\n\n<p class=\"has-text-align-center\">The Ritter Sport Minis bands for Happy New Year Chocolates can be freely designed:<\/p>\n\n\n\n<p class=\"has-text-align-center\">12 banderoles with good luck sayings<\/p>\n\n\n\n<p class=\"has-text-align-center\">24 banderoles with free text fields for individual texts.<\/p>\n\n\n\n<h2 class=\"wp-block-heading has-text-align-center\"><a href=\"https:\/\/backenmitminis.de\/en\/product\/diy-druckvorlage-happy-new-years-banderolen-fuer-ritter-sport-minis\/\">Get your print template now!<\/a><\/h2>\n\n\n\n<figure class=\"wp-block-image size-large\"><img loading=\"lazy\" decoding=\"async\" width=\"768\" height=\"1024\" src=\"https:\/\/backenmitminis.de\/wp-content\/uploads\/2023\/12\/Glueckskekse-Ritter-Sport-Happy-New-Year-11-Kopie-768x1024.jpg\" alt=\"DIY Silvester Geschenk - Gl\u00fcckskekse mal anders mit Ritter Sport und Banderole zum Downloaden und Ausdrucken: Gl\u00fccksschokolade\" class=\"wp-image-11698\" srcset=\"https:\/\/backenmitminis.de\/wp-content\/uploads\/2023\/12\/Glueckskekse-Ritter-Sport-Happy-New-Year-11-Kopie-768x1024.jpg 768w, https:\/\/backenmitminis.de\/wp-content\/uploads\/2023\/12\/Glueckskekse-Ritter-Sport-Happy-New-Year-11-Kopie-225x300.jpg 225w, https:\/\/backenmitminis.de\/wp-content\/uploads\/2023\/12\/Glueckskekse-Ritter-Sport-Happy-New-Year-11-Kopie-1152x1536.jpg 1152w, https:\/\/backenmitminis.de\/wp-content\/uploads\/2023\/12\/Glueckskekse-Ritter-Sport-Happy-New-Year-11-Kopie-1536x2048.jpg 1536w, https:\/\/backenmitminis.de\/wp-content\/uploads\/2023\/12\/Glueckskekse-Ritter-Sport-Happy-New-Year-11-Kopie-45x60.jpg 45w, https:\/\/backenmitminis.de\/wp-content\/uploads\/2023\/12\/Glueckskekse-Ritter-Sport-Happy-New-Year-11-Kopie-600x800.jpg 600w, https:\/\/backenmitminis.de\/wp-content\/uploads\/2023\/12\/Glueckskekse-Ritter-Sport-Happy-New-Year-11-Kopie-scaled.jpg 1920w\" sizes=\"auto, (max-width: 768px) 100vw, 768px\" \/><\/figure>","protected":false},"excerpt":{"rendered":"<p>Verschenkst du an Silvester auch gerne ein wenig Gl\u00fcck? Polierte Gl\u00fcckspfennige, vierbl\u00e4ttrige Kleebl\u00e4tter, rosige Marzipanschweinchen, Gl\u00fcckskekse, Marienk\u00e4ferchen,&#8230; traditionelle Gl\u00fccksboten an Silvester! Mit der &#8222;Gl\u00fccksschokolade&#8220; hauchen wir dem klassischen Gl\u00fcckskeks ein wenig neues Leben ein! Die &hellip; <\/p>","protected":false},"author":1,"featured_media":11699,"parent":0,"menu_order":0,"comment_status":"closed","ping_status":"closed","template":"","meta":{"wprm-recipe-roundup-name":"","wprm-recipe-roundup-description":"","footnotes":""},"class_list":["post-11677","page","type-page","status-publish","has-post-thumbnail","hentry"],"_links":{"self":[{"href":"https:\/\/backenmitminis.de\/en\/wp-json\/wp\/v2\/pages\/11677","targetHints":{"allow":["GET"]}}],"collection":[{"href":"https:\/\/backenmitminis.de\/en\/wp-json\/wp\/v2\/pages"}],"about":[{"href":"https:\/\/backenmitminis.de\/en\/wp-json\/wp\/v2\/types\/page"}],"author":[{"embeddable":true,"href":"https:\/\/backenmitminis.de\/en\/wp-json\/wp\/v2\/users\/1"}],"replies":[{"embeddable":true,"href":"https:\/\/backenmitminis.de\/en\/wp-json\/wp\/v2\/comments?post=11677"}],"version-history":[{"count":4,"href":"https:\/\/backenmitminis.de\/en\/wp-json\/wp\/v2\/pages\/11677\/revisions"}],"predecessor-version":[{"id":11712,"href":"https:\/\/backenmitminis.de\/en\/wp-json\/wp\/v2\/pages\/11677\/revisions\/11712"}],"wp:featuredmedia":[{"embeddable":true,"href":"https:\/\/backenmitminis.de\/en\/wp-json\/wp\/v2\/media\/11699"}],"wp:attachment":[{"href":"https:\/\/backenmitminis.de\/en\/wp-json\/wp\/v2\/media?parent=11677"}],"curies":[{"name":"wp","href":"https:\/\/api.w.org\/{rel}","templated":true}]}}