{"id":11862,"date":"2024-01-30T17:03:36","date_gmt":"2024-01-30T16:03:36","guid":{"rendered":"https:\/\/backenmitminis.de\/?page_id=11862"},"modified":"2024-01-30T17:07:56","modified_gmt":"2024-01-30T16:07:56","slug":"schokoladige-liebesbotschaft","status":"publish","type":"page","link":"https:\/\/backenmitminis.de\/en\/schokoladige-liebesbotschaft\/","title":{"rendered":"\u201cSchokoladige Liebesbotschaft\u201d \u2013 die Banderolen f\u00fcr Ritter Sport Minis mit der Liebesbotschaft"},"content":{"rendered":"<p class=\"has-text-align-center\">Bist du noch auf der Suche nach einem kleinen, liebevollen Valentinstagsgeschenk? Oder m\u00f6chtest du einem lieben Menschen eine s\u00fc\u00dfe Botschaft zukommen lassen?<\/p>\n\n\n\n<p class=\"has-text-align-center\">Meine Minis &amp; ich haben eine ganz besonders S\u00dcSSE Idee, mit der du deinen Liebsten eine Freude machen kanns: eine Valentinstagsschokolade! Aber nicht irgendeine, sondern eine ganz besondere Schokolade mit einer pers\u00f6nlichen Liebesbotschaft!<\/p>\n\n\n\n<p class=\"has-text-align-center\">Mit der \u201cSchokoladigen Liebesbotschaft\u201d kannst du dein ganz besonderes, einzigartiges Geschenk zum Valentinstag an deinen Lieblingsmenschen verschenken.<\/p>\n\n\n\n<p class=\"has-text-align-center\">Liebe geht bekanntlich durch den Magen! Da sind die s\u00fc\u00dfen Ritter Sport Mini T\u00e4felchen genau das Richtige! Sie werden sowohl von Klein als auch von Gro\u00df gern vernascht! Mit unseren individuell beschrifteten Banderolen werden sie zum ultimativen Geschenk: Unserer &#8222;Liebesschokolade&#8220;!<\/p>\n\n\n\n<figure class=\"wp-block-image size-large\"><img loading=\"lazy\" decoding=\"async\" width=\"768\" height=\"1024\" src=\"https:\/\/backenmitminis.de\/wp-content\/uploads\/2024\/01\/Schokoladige-Liebesbotschaft-Valentinstag-Backen-mit-minis-8-Kopie-768x1024.jpg\" alt=\"\" class=\"wp-image-11882\" srcset=\"https:\/\/backenmitminis.de\/wp-content\/uploads\/2024\/01\/Schokoladige-Liebesbotschaft-Valentinstag-Backen-mit-minis-8-Kopie-768x1024.jpg 768w, https:\/\/backenmitminis.de\/wp-content\/uploads\/2024\/01\/Schokoladige-Liebesbotschaft-Valentinstag-Backen-mit-minis-8-Kopie-225x300.jpg 225w, https:\/\/backenmitminis.de\/wp-content\/uploads\/2024\/01\/Schokoladige-Liebesbotschaft-Valentinstag-Backen-mit-minis-8-Kopie-1152x1536.jpg 1152w, https:\/\/backenmitminis.de\/wp-content\/uploads\/2024\/01\/Schokoladige-Liebesbotschaft-Valentinstag-Backen-mit-minis-8-Kopie-1536x2048.jpg 1536w, https:\/\/backenmitminis.de\/wp-content\/uploads\/2024\/01\/Schokoladige-Liebesbotschaft-Valentinstag-Backen-mit-minis-8-Kopie-45x60.jpg 45w, https:\/\/backenmitminis.de\/wp-content\/uploads\/2024\/01\/Schokoladige-Liebesbotschaft-Valentinstag-Backen-mit-minis-8-Kopie-600x800.jpg 600w, https:\/\/backenmitminis.de\/wp-content\/uploads\/2024\/01\/Schokoladige-Liebesbotschaft-Valentinstag-Backen-mit-minis-8-Kopie-scaled.jpg 1920w\" sizes=\"auto, (max-width: 768px) 100vw, 768px\" \/><\/figure>\n\n\n\n<h2 class=\"wp-block-heading has-text-align-center\">Unsere Valentinstagsschokolade mit den \u201cSchokoladige Liebesbotschaft\u201d Banderolen f\u00fcr Ritter Sport Minis<\/h2>\n\n\n\n<p class=\"has-text-align-center\">Mit unseren Valentinstags-Banderolen f\u00fcr die Ritter Sport Minis kannst du ein einzigartiges Valentinstagsgeschenk, deine individuelle (Liebes-)Botschaft, an deine Liebsten verschenken!<\/p>\n\n\n\n<p class=\"has-text-align-center\">Du kannst romantische Liebesschw\u00fcre in deiner Valentinstagsschokolade verschenken. Besonders die individuell zu beschriftenden Banderolen bieten Platz f\u00fcr deine Kreativit\u00e4t. So kannst du in den Banderolen Gutscheine niederschreiben oder mithilfe der Banderolen eine &#8222;Schatzsuche&#8220; zum Ort des Abendessen oder zum Versteck einer kleinen Aufmerksamkeit organisieren&#8230; Die M\u00f6glichkeiten sind so vielf\u00e4ltig wie deine Ideen!<\/p>\n\n\n\n<p class=\"has-text-align-center\">Mit den s\u00fc\u00dfen Motiven und deinen lieben Worten verwandelst du die schokoladigen Ritter Sport T\u00e4felchen in ein einzigartiges Valentinstagsgeschenk!<\/p>\n\n\n\n<figure class=\"wp-block-image size-large\"><img loading=\"lazy\" decoding=\"async\" width=\"768\" height=\"1024\" src=\"https:\/\/backenmitminis.de\/wp-content\/uploads\/2024\/01\/Schokoladige-Liebesbotschaft-Valentinstag-Backen-mit-minis-3-Kopie-768x1024.jpg\" alt=\"\" class=\"wp-image-11877\" srcset=\"https:\/\/backenmitminis.de\/wp-content\/uploads\/2024\/01\/Schokoladige-Liebesbotschaft-Valentinstag-Backen-mit-minis-3-Kopie-768x1024.jpg 768w, https:\/\/backenmitminis.de\/wp-content\/uploads\/2024\/01\/Schokoladige-Liebesbotschaft-Valentinstag-Backen-mit-minis-3-Kopie-225x300.jpg 225w, https:\/\/backenmitminis.de\/wp-content\/uploads\/2024\/01\/Schokoladige-Liebesbotschaft-Valentinstag-Backen-mit-minis-3-Kopie-1152x1536.jpg 1152w, https:\/\/backenmitminis.de\/wp-content\/uploads\/2024\/01\/Schokoladige-Liebesbotschaft-Valentinstag-Backen-mit-minis-3-Kopie-1536x2048.jpg 1536w, https:\/\/backenmitminis.de\/wp-content\/uploads\/2024\/01\/Schokoladige-Liebesbotschaft-Valentinstag-Backen-mit-minis-3-Kopie-45x60.jpg 45w, https:\/\/backenmitminis.de\/wp-content\/uploads\/2024\/01\/Schokoladige-Liebesbotschaft-Valentinstag-Backen-mit-minis-3-Kopie-600x800.jpg 600w, https:\/\/backenmitminis.de\/wp-content\/uploads\/2024\/01\/Schokoladige-Liebesbotschaft-Valentinstag-Backen-mit-minis-3-Kopie-scaled.jpg 1920w\" sizes=\"auto, (max-width: 768px) 100vw, 768px\" \/><\/figure>\n\n\n\n<h2 class=\"wp-block-heading has-text-align-center\">Die DIY &#8222;Schokoladige Liebesbotschaft&#8220; Banderole f\u00fcr das Basteln mit Minis!<\/h2>\n\n\n\n<p class=\"has-text-align-center\">Die (Liebes-)Botschaften aus Ritter Sport Tafeln sind auch ein niedliches Geschenk von Minis f\u00fcr ihre Lieblingsmenschen. Zusammen mit deinen Minis kannst du mit den Banderolen leckere &#8222;Ich hab&#8216; dich lieb&#8220;-Schokoladen f\u00fcr Freunde, Gro\u00dfeltern, Paten, Erzieher, etc. kreativ gestalten!<\/p>\n\n\n\n<p class=\"has-text-align-center\">Falls deine Minis noch nicht schreiben k\u00f6nnen, bieten sich die kleinen Fenster f\u00fcr die pers\u00f6nliche Botschaft auch ganz wunderbar f\u00fcr kleine, h\u00fcbsche Bildnachrichten an!<\/p>\n\n\n\n<p class=\"has-text-align-center\">Die s\u00fc\u00dfen Motive sprechen auch unsere Kindern an und machen besonders den Kleinsten unter ihnen gro\u00dfe Freude!<\/p>\n\n\n\n<p class=\"has-text-align-center\">Ganz viel Spa\u00df beim Gestalten euer Valentinstagsschokoladen! <\/p>\n\n\n\n<figure class=\"wp-block-image size-large\"><img loading=\"lazy\" decoding=\"async\" width=\"768\" height=\"1024\" src=\"https:\/\/backenmitminis.de\/wp-content\/uploads\/2024\/01\/Schokoladige-Liebesbotschaft-Valentinstag-Backen-mit-minis-10-Kopie-768x1024.jpg\" alt=\"\" class=\"wp-image-11884\" srcset=\"https:\/\/backenmitminis.de\/wp-content\/uploads\/2024\/01\/Schokoladige-Liebesbotschaft-Valentinstag-Backen-mit-minis-10-Kopie-768x1024.jpg 768w, https:\/\/backenmitminis.de\/wp-content\/uploads\/2024\/01\/Schokoladige-Liebesbotschaft-Valentinstag-Backen-mit-minis-10-Kopie-225x300.jpg 225w, https:\/\/backenmitminis.de\/wp-content\/uploads\/2024\/01\/Schokoladige-Liebesbotschaft-Valentinstag-Backen-mit-minis-10-Kopie-1152x1536.jpg 1152w, https:\/\/backenmitminis.de\/wp-content\/uploads\/2024\/01\/Schokoladige-Liebesbotschaft-Valentinstag-Backen-mit-minis-10-Kopie-1536x2048.jpg 1536w, https:\/\/backenmitminis.de\/wp-content\/uploads\/2024\/01\/Schokoladige-Liebesbotschaft-Valentinstag-Backen-mit-minis-10-Kopie-45x60.jpg 45w, https:\/\/backenmitminis.de\/wp-content\/uploads\/2024\/01\/Schokoladige-Liebesbotschaft-Valentinstag-Backen-mit-minis-10-Kopie-600x800.jpg 600w, https:\/\/backenmitminis.de\/wp-content\/uploads\/2024\/01\/Schokoladige-Liebesbotschaft-Valentinstag-Backen-mit-minis-10-Kopie-scaled.jpg 1920w\" sizes=\"auto, (max-width: 768px) 100vw, 768px\" \/><\/figure>\n\n\n\n<h2 class=\"wp-block-heading has-text-align-center\">Kinderleichte &amp; einfache Gestaltung von Liebesschokoladen mit der DIY Vorlage f\u00fcr die \u201cSchokoladige Liebesbotschaft\u201d Banderolen<\/h2>\n\n\n\n<p class=\"has-text-align-center\">Die DIY Ritter Sport Minis-Banderolen sind kinderleicht und einfach zu gestalten. Mit wenig Aufwand und Material bastelst du deine einzigartige Liebesschokolade mit deinen Minis!<\/p>\n\n\n\n<p class=\"has-text-align-center\">Die Druckvorlage enth\u00e4lt 32 Banderolen f\u00fcr Ritter Sport Minis.<\/p>\n\n\n\n<p class=\"has-text-align-center\">Die Ritter Sport Minis-Banderolen f\u00fcr Liebesschokoladen k\u00f6nnen frei gestaltet werden:<\/p>\n\n\n\n<p class=\"has-text-align-center\">12 Banderolen mit Botschaften<\/p>\n\n\n\n<p class=\"has-text-align-center\">20 Banderolen mit freien Textfeldern f\u00fcr individuelle Texte.<\/p>\n\n\n\n<h2 class=\"wp-block-heading has-text-align-center\"><a href=\"https:\/\/backenmitminis.de\/en\/product\/diy-druckvorlage-liebesbotschaft-banderolen-fuer-ritter-sport-minis\/\" target=\"_blank\" rel=\"noreferrer noopener\">Get your print template now!<\/a><\/h2>\n\n\n\n<figure class=\"wp-block-image size-large\"><img loading=\"lazy\" decoding=\"async\" width=\"768\" height=\"1024\" src=\"https:\/\/backenmitminis.de\/wp-content\/uploads\/2024\/01\/Schokoladige-Liebesbotschaft-Valentinstag-Backen-mit-minis-4-Kopie-768x1024.jpg\" alt=\"\" class=\"wp-image-11878\" srcset=\"https:\/\/backenmitminis.de\/wp-content\/uploads\/2024\/01\/Schokoladige-Liebesbotschaft-Valentinstag-Backen-mit-minis-4-Kopie-768x1024.jpg 768w, https:\/\/backenmitminis.de\/wp-content\/uploads\/2024\/01\/Schokoladige-Liebesbotschaft-Valentinstag-Backen-mit-minis-4-Kopie-225x300.jpg 225w, https:\/\/backenmitminis.de\/wp-content\/uploads\/2024\/01\/Schokoladige-Liebesbotschaft-Valentinstag-Backen-mit-minis-4-Kopie-1152x1536.jpg 1152w, https:\/\/backenmitminis.de\/wp-content\/uploads\/2024\/01\/Schokoladige-Liebesbotschaft-Valentinstag-Backen-mit-minis-4-Kopie-1536x2048.jpg 1536w, https:\/\/backenmitminis.de\/wp-content\/uploads\/2024\/01\/Schokoladige-Liebesbotschaft-Valentinstag-Backen-mit-minis-4-Kopie-45x60.jpg 45w, https:\/\/backenmitminis.de\/wp-content\/uploads\/2024\/01\/Schokoladige-Liebesbotschaft-Valentinstag-Backen-mit-minis-4-Kopie-600x800.jpg 600w, https:\/\/backenmitminis.de\/wp-content\/uploads\/2024\/01\/Schokoladige-Liebesbotschaft-Valentinstag-Backen-mit-minis-4-Kopie-scaled.jpg 1920w\" sizes=\"auto, (max-width: 768px) 100vw, 768px\" \/><figcaption class=\"wp-element-caption\">Decorate reindeer noses <\/figcaption><\/figure>","protected":false},"excerpt":{"rendered":"<p>Bist du noch auf der Suche nach einem kleinen, liebevollen Valentinstagsgeschenk? Oder m\u00f6chtest du einem lieben Menschen eine s\u00fc\u00dfe Botschaft zukommen lassen? Meine Minis &amp; ich haben eine ganz besonders S\u00dcSSE Idee, mit der du &hellip; <\/p>","protected":false},"author":1,"featured_media":0,"parent":0,"menu_order":0,"comment_status":"closed","ping_status":"closed","template":"","meta":{"wprm-recipe-roundup-name":"","wprm-recipe-roundup-description":"","footnotes":""},"class_list":["post-11862","page","type-page","status-publish","hentry"],"_links":{"self":[{"href":"https:\/\/backenmitminis.de\/en\/wp-json\/wp\/v2\/pages\/11862","targetHints":{"allow":["GET"]}}],"collection":[{"href":"https:\/\/backenmitminis.de\/en\/wp-json\/wp\/v2\/pages"}],"about":[{"href":"https:\/\/backenmitminis.de\/en\/wp-json\/wp\/v2\/types\/page"}],"author":[{"embeddable":true,"href":"https:\/\/backenmitminis.de\/en\/wp-json\/wp\/v2\/users\/1"}],"replies":[{"embeddable":true,"href":"https:\/\/backenmitminis.de\/en\/wp-json\/wp\/v2\/comments?post=11862"}],"version-history":[{"count":6,"href":"https:\/\/backenmitminis.de\/en\/wp-json\/wp\/v2\/pages\/11862\/revisions"}],"predecessor-version":[{"id":11927,"href":"https:\/\/backenmitminis.de\/en\/wp-json\/wp\/v2\/pages\/11862\/revisions\/11927"}],"wp:attachment":[{"href":"https:\/\/backenmitminis.de\/en\/wp-json\/wp\/v2\/media?parent=11862"}],"curies":[{"name":"wp","href":"https:\/\/api.w.org\/{rel}","templated":true}]}}