{"id":11864,"date":"2024-01-30T15:59:02","date_gmt":"2024-01-30T14:59:02","guid":{"rendered":"https:\/\/backenmitminis.de\/?page_id=11864"},"modified":"2024-01-30T17:07:14","modified_gmt":"2024-01-30T16:07:14","slug":"mutmacher-schokolade-ritter-sport","status":"publish","type":"page","link":"https:\/\/backenmitminis.de\/en\/mutmacher-schokolade-ritter-sport\/","title":{"rendered":"\u201cMutmacher Schokolade\u201d- Banderole f\u00fcr Ritter Sport Minis mit Affirmationen f\u00fcr Kinder"},"content":{"rendered":"<p class=\"has-text-align-center\">Steht bei euch auch bald die Zeugnis\u00fcbergabe an? Oder braucht dein Kindergartenkind etwas st\u00e4rkende Unterst\u00fctzung, um sich morgens von dir zu trennen?<\/p>\n\n\n\n<p class=\"has-text-align-center\">Es gibt so viele Momente im Leben unserer Minis, in den sie &#8222;stark sein&#8220; m\u00fcssen. Viele Momenten, in denen es unheimlich hilfreich ist, wenn unsere Minis auf sich selbst vertrauen d\u00fcrfen!<\/p>\n\n\n\n<p class=\"has-text-align-center\">Mit unseren &#8222;Mutmacher&#8220;-Banderolen f\u00fcr die kleinen Ritter Sport T\u00e4felchen sprichst du deinen Minis in besonderen, aber auch in Alltagssituationen Mut zu!<\/p>\n\n\n\n<p class=\"has-text-align-center\">Die s\u00fc\u00dfen Mini Ritter Sport T\u00e4felchen schmecken den meisten und werden gern von Klein und Gro\u00df gern vernascht! Mit unseren \u201cMutmacher\u201d Banderolen verschenkst du jedoch nicht nur Schokolade, sondern so viel mehr!<\/p>\n\n\n\n<figure class=\"wp-block-image size-large\"><img loading=\"lazy\" decoding=\"async\" width=\"768\" height=\"1024\" src=\"https:\/\/backenmitminis.de\/wp-content\/uploads\/2024\/01\/Schokoladen-zum-Staerken-von-Kindern-Backen-mit-minis-11-Kopie-768x1024.jpg\" alt=\"Mutmacher Banderole f\u00fcr Ritter Sport Minis mit Affirmationen f\u00fcr Kinder\" class=\"wp-image-11894\" srcset=\"https:\/\/backenmitminis.de\/wp-content\/uploads\/2024\/01\/Schokoladen-zum-Staerken-von-Kindern-Backen-mit-minis-11-Kopie-768x1024.jpg 768w, https:\/\/backenmitminis.de\/wp-content\/uploads\/2024\/01\/Schokoladen-zum-Staerken-von-Kindern-Backen-mit-minis-11-Kopie-225x300.jpg 225w, https:\/\/backenmitminis.de\/wp-content\/uploads\/2024\/01\/Schokoladen-zum-Staerken-von-Kindern-Backen-mit-minis-11-Kopie-1152x1536.jpg 1152w, https:\/\/backenmitminis.de\/wp-content\/uploads\/2024\/01\/Schokoladen-zum-Staerken-von-Kindern-Backen-mit-minis-11-Kopie-1536x2048.jpg 1536w, https:\/\/backenmitminis.de\/wp-content\/uploads\/2024\/01\/Schokoladen-zum-Staerken-von-Kindern-Backen-mit-minis-11-Kopie-45x60.jpg 45w, https:\/\/backenmitminis.de\/wp-content\/uploads\/2024\/01\/Schokoladen-zum-Staerken-von-Kindern-Backen-mit-minis-11-Kopie-600x800.jpg 600w, https:\/\/backenmitminis.de\/wp-content\/uploads\/2024\/01\/Schokoladen-zum-Staerken-von-Kindern-Backen-mit-minis-11-Kopie-scaled.jpg 1920w\" sizes=\"auto, (max-width: 768px) 100vw, 768px\" \/><\/figure>\n\n\n\n<h2 class=\"wp-block-heading has-text-align-center\">Unsere Mutschokolade mit \u201cMutmacher\u201d Banderolen f\u00fcr Ritter Sport Minis<\/h2>\n\n\n\n<p class=\"has-text-align-center\">Mit unseren Mutmacher Banderolen f\u00fcr die Ritter Sport Minis kannst du Affirmationen f\u00fcr starke Kinder an deine Minis und Minis, die St\u00e4rke und Vertrauen in sich brauchen, weitergeben!<\/p>\n\n\n\n<p class=\"has-text-align-center\">Besonders in Momenten, in denen Affirmationen f\u00fcr Kinder die Minis noch einmal an ihre eigene St\u00e4rke und ihre Selbstvertrauen erinnern d\u00fcrfen, sind sie ein wundervolles Geschenk f\u00fcr die Minis. <\/p>\n\n\n\n<p class=\"has-text-align-center\">Beim 1. Schultag, beim Abschied von Mama &amp; Papa, f\u00fcr die Zeugnisvergabe, vor einem Auftritt, w\u00e4hrend der Klassenfahrt, f\u00fcr Pr\u00fcfungen, vor einem Fu\u00dfballspiel,&#8230;<\/p>\n\n\n\n<p class=\"has-text-align-center\">Aber nat\u00fcrlich auch an einem ganz normalen Tag, wie heute!<\/p>\n\n\n\n<figure class=\"wp-block-image size-large\"><img loading=\"lazy\" decoding=\"async\" width=\"768\" height=\"1024\" src=\"https:\/\/backenmitminis.de\/wp-content\/uploads\/2024\/01\/Schokoladen-zum-Staerken-von-Kindern-Backen-mit-minis-16-Kopie-768x1024.jpg\" alt=\"Mutmacher Banderole f\u00fcr Ritter Sport Minis mit Affirmationen f\u00fcr Kinder\" class=\"wp-image-11899\" srcset=\"https:\/\/backenmitminis.de\/wp-content\/uploads\/2024\/01\/Schokoladen-zum-Staerken-von-Kindern-Backen-mit-minis-16-Kopie-768x1024.jpg 768w, https:\/\/backenmitminis.de\/wp-content\/uploads\/2024\/01\/Schokoladen-zum-Staerken-von-Kindern-Backen-mit-minis-16-Kopie-225x300.jpg 225w, https:\/\/backenmitminis.de\/wp-content\/uploads\/2024\/01\/Schokoladen-zum-Staerken-von-Kindern-Backen-mit-minis-16-Kopie-1152x1536.jpg 1152w, https:\/\/backenmitminis.de\/wp-content\/uploads\/2024\/01\/Schokoladen-zum-Staerken-von-Kindern-Backen-mit-minis-16-Kopie-1536x2048.jpg 1536w, https:\/\/backenmitminis.de\/wp-content\/uploads\/2024\/01\/Schokoladen-zum-Staerken-von-Kindern-Backen-mit-minis-16-Kopie-45x60.jpg 45w, https:\/\/backenmitminis.de\/wp-content\/uploads\/2024\/01\/Schokoladen-zum-Staerken-von-Kindern-Backen-mit-minis-16-Kopie-600x800.jpg 600w, https:\/\/backenmitminis.de\/wp-content\/uploads\/2024\/01\/Schokoladen-zum-Staerken-von-Kindern-Backen-mit-minis-16-Kopie-scaled.jpg 1920w\" sizes=\"auto, (max-width: 768px) 100vw, 768px\" \/><\/figure>\n\n\n\n<h2 class=\"wp-block-heading has-text-align-center\">Die DIY Mutmacher Banderole f\u00fcr das Basteln mit Minis!<\/h2>\n\n\n\n<p class=\"has-text-align-center\">Die Mutschokoladen aus Ritter Sport Tafeln sind nicht nur ein st\u00e4rkendes Geschenk von unsere Minis. Zusammen mit deinen Minis kannst du mit den Banderolen auch k\u00f6stliche Mutschokoladen f\u00fcr Freunde, Gro\u00dfeltern, Paten, Erzieher, Lehrkr\u00e4fte, etc. kreativ gestalten!<\/p>\n\n\n\n<p class=\"has-text-align-center\">Das niedlichen Tiermotive in allen Farben sprechen Kindern an und machen besonders den Kleinsten unter uns eine gro\u00dfe Freude!<\/p>\n\n\n\n<p class=\"has-text-align-center\">Eine kreative, bunte Nachmittagsgestaltung f\u00fcr die Minis, w\u00e4hrend auch sie sich mit den Affirmationen f\u00fcr Kinder besch\u00e4ftigen und sie in sich aufnehmen!<\/p>\n\n\n\n<figure class=\"wp-block-image size-large\"><img loading=\"lazy\" decoding=\"async\" width=\"768\" height=\"1024\" src=\"https:\/\/backenmitminis.de\/wp-content\/uploads\/2024\/01\/Schokoladen-zum-Staerken-von-Kindern-Backen-mit-minis-3-Kopie-768x1024.jpg\" alt=\"Mutmacher Banderole f\u00fcr Ritter Sport Minis mit Affirmationen f\u00fcr Kinder\" class=\"wp-image-11887\" srcset=\"https:\/\/backenmitminis.de\/wp-content\/uploads\/2024\/01\/Schokoladen-zum-Staerken-von-Kindern-Backen-mit-minis-3-Kopie-768x1024.jpg 768w, https:\/\/backenmitminis.de\/wp-content\/uploads\/2024\/01\/Schokoladen-zum-Staerken-von-Kindern-Backen-mit-minis-3-Kopie-225x300.jpg 225w, https:\/\/backenmitminis.de\/wp-content\/uploads\/2024\/01\/Schokoladen-zum-Staerken-von-Kindern-Backen-mit-minis-3-Kopie-1152x1536.jpg 1152w, https:\/\/backenmitminis.de\/wp-content\/uploads\/2024\/01\/Schokoladen-zum-Staerken-von-Kindern-Backen-mit-minis-3-Kopie-1536x2048.jpg 1536w, https:\/\/backenmitminis.de\/wp-content\/uploads\/2024\/01\/Schokoladen-zum-Staerken-von-Kindern-Backen-mit-minis-3-Kopie-45x60.jpg 45w, https:\/\/backenmitminis.de\/wp-content\/uploads\/2024\/01\/Schokoladen-zum-Staerken-von-Kindern-Backen-mit-minis-3-Kopie-600x800.jpg 600w, https:\/\/backenmitminis.de\/wp-content\/uploads\/2024\/01\/Schokoladen-zum-Staerken-von-Kindern-Backen-mit-minis-3-Kopie-scaled.jpg 1920w\" sizes=\"auto, (max-width: 768px) 100vw, 768px\" \/><\/figure>\n\n\n\n<h2 class=\"wp-block-heading has-text-align-center\">Kinderleichte &amp; einfache Gestaltung von Mutschokoladen mit der DIY Vorlage f\u00fcr die \u201cMutmacher\u201d Banderolen<\/h2>\n\n\n\n<p class=\"has-text-align-center\">Die DIY Ritter Sport Minis-Banderolen sind kinderleicht und einfach zu gestalten. Mit wenig Aufwand und Material bastelst du deine einzigartige Mutschokolade mit deinen Minis!<\/p>\n\n\n\n<p class=\"has-text-align-center\">Die Druckvorlage enth\u00e4lt 32 Banderolen f\u00fcr Ritter Sport Minis.<\/p>\n\n\n\n<p class=\"has-text-align-center\">Viel Spa\u00df beim Gestalten deiner Mutschokoladen mit der Ritter Sport Minis-Banderolen!<\/p>\n\n\n\n<h2 class=\"wp-block-heading has-text-align-center\"><a href=\"https:\/\/backenmitminis.de\/en\/product\/diy-druckvorlage-mut-mach-banderolen-fuer-ritter-sport-minis-affirmationen-fuer-kinder\/\" target=\"_blank\" rel=\"noreferrer noopener\">Get your print template now!<\/a><\/h2>\n\n\n\n<figure class=\"wp-block-image size-large\"><img loading=\"lazy\" decoding=\"async\" width=\"768\" height=\"1024\" src=\"https:\/\/backenmitminis.de\/wp-content\/uploads\/2024\/01\/Schokoladen-zum-Staerken-von-Kindern-Backen-mit-minis-13-Kopie-768x1024.jpg\" alt=\"Mutmacher Banderole f\u00fcr Ritter Sport Minis mit Affirmationen f\u00fcr Kinder\" class=\"wp-image-11896\" srcset=\"https:\/\/backenmitminis.de\/wp-content\/uploads\/2024\/01\/Schokoladen-zum-Staerken-von-Kindern-Backen-mit-minis-13-Kopie-768x1024.jpg 768w, https:\/\/backenmitminis.de\/wp-content\/uploads\/2024\/01\/Schokoladen-zum-Staerken-von-Kindern-Backen-mit-minis-13-Kopie-225x300.jpg 225w, https:\/\/backenmitminis.de\/wp-content\/uploads\/2024\/01\/Schokoladen-zum-Staerken-von-Kindern-Backen-mit-minis-13-Kopie-1152x1536.jpg 1152w, https:\/\/backenmitminis.de\/wp-content\/uploads\/2024\/01\/Schokoladen-zum-Staerken-von-Kindern-Backen-mit-minis-13-Kopie-1536x2048.jpg 1536w, https:\/\/backenmitminis.de\/wp-content\/uploads\/2024\/01\/Schokoladen-zum-Staerken-von-Kindern-Backen-mit-minis-13-Kopie-45x60.jpg 45w, https:\/\/backenmitminis.de\/wp-content\/uploads\/2024\/01\/Schokoladen-zum-Staerken-von-Kindern-Backen-mit-minis-13-Kopie-600x800.jpg 600w, https:\/\/backenmitminis.de\/wp-content\/uploads\/2024\/01\/Schokoladen-zum-Staerken-von-Kindern-Backen-mit-minis-13-Kopie-scaled.jpg 1920w\" sizes=\"auto, (max-width: 768px) 100vw, 768px\" \/><\/figure>","protected":false},"excerpt":{"rendered":"<p>Steht bei euch auch bald die Zeugnis\u00fcbergabe an? Oder braucht dein Kindergartenkind etwas st\u00e4rkende Unterst\u00fctzung, um sich morgens von dir zu trennen? Es gibt so viele Momente im Leben unserer Minis, in den sie &#8222;stark &hellip; <\/p>","protected":false},"author":1,"featured_media":11893,"parent":0,"menu_order":0,"comment_status":"closed","ping_status":"closed","template":"","meta":{"wprm-recipe-roundup-name":"","wprm-recipe-roundup-description":"","footnotes":""},"class_list":["post-11864","page","type-page","status-publish","has-post-thumbnail","hentry"],"_links":{"self":[{"href":"https:\/\/backenmitminis.de\/en\/wp-json\/wp\/v2\/pages\/11864","targetHints":{"allow":["GET"]}}],"collection":[{"href":"https:\/\/backenmitminis.de\/en\/wp-json\/wp\/v2\/pages"}],"about":[{"href":"https:\/\/backenmitminis.de\/en\/wp-json\/wp\/v2\/types\/page"}],"author":[{"embeddable":true,"href":"https:\/\/backenmitminis.de\/en\/wp-json\/wp\/v2\/users\/1"}],"replies":[{"embeddable":true,"href":"https:\/\/backenmitminis.de\/en\/wp-json\/wp\/v2\/comments?post=11864"}],"version-history":[{"count":6,"href":"https:\/\/backenmitminis.de\/en\/wp-json\/wp\/v2\/pages\/11864\/revisions"}],"predecessor-version":[{"id":11929,"href":"https:\/\/backenmitminis.de\/en\/wp-json\/wp\/v2\/pages\/11864\/revisions\/11929"}],"wp:featuredmedia":[{"embeddable":true,"href":"https:\/\/backenmitminis.de\/en\/wp-json\/wp\/v2\/media\/11893"}],"wp:attachment":[{"href":"https:\/\/backenmitminis.de\/en\/wp-json\/wp\/v2\/media?parent=11864"}],"curies":[{"name":"wp","href":"https:\/\/api.w.org\/{rel}","templated":true}]}}