{"id":8787,"date":"2022-10-13T08:02:22","date_gmt":"2022-10-13T06:02:22","guid":{"rendered":"https:\/\/backenmitminis.de\/widerrufsbelehrung\/"},"modified":"2022-10-17T23:11:47","modified_gmt":"2022-10-17T21:11:47","slug":"widerrufsbelehrung","status":"publish","type":"page","link":"https:\/\/backenmitminis.de\/en\/widerrufsbelehrung\/","title":{"rendered":"Cancellation policy"},"content":{"rendered":"<h2 class=\"wp-block-heading\"><strong>Widerrufsbelehrung f\u00fcr digitale Produkte<\/strong><\/h2>\n\n\n\n<p>Verbrauchern steht ein Widerrufsrecht nach folgender Ma\u00dfgabe zu, wobei Verbraucher jede nat\u00fcrliche Person ist, die ein Rechtsgesch\u00e4ft zu Zwecken abschlie\u00dft, die \u00fcberwiegend weder ihrer gewerblichen noch ihrer selbst\u00e4ndigen beruflichen T\u00e4tigkeit zugerechnet werden k\u00f6nnen:<\/p>\n\n\n\n<h3 class=\"wp-block-heading\">A. Widerrufsbelehrung<\/h3>\n\n\n\n<h4 class=\"wp-block-heading\">Widerrufsrecht<\/h4>\n\n\n\n<p>Sie haben das Recht, binnen vierzehn Tagen ohne Angabe von Gr\u00fcnden diesen Vertrag zu widerrufen.<\/p>\n\n\n\n<p>Bei Vertr\u00e4gen zur Lieferung von nicht auf einem k\u00f6rperlichen Datentr\u00e4ger befindlichen Daten, die in digitaler Form hergestellt und bereitgestellt werden (digitale Inhalte) betr\u00e4gt die Widerrufsfrist vierzehn Tage ab dem Tag des Vertragsabschlusses.<\/p>\n\n\n\n<p>Um Ihr Widerrufsrecht auszu\u00fcben, m\u00fcssen Sie uns (Deliah Losada, Backen mit Minis, Alfred-Trebchen-Stra\u00dfe 35, 21337 L\u00fcneburg, E-Mail: backenmitminis@web.de) mittels einer eindeutigen Erkl\u00e4rung (z. B. ein mit der Post versandter Brief oder E-Mail) \u00fcber Ihren Entschluss, diesen Vertrag zu widerrufen, informieren. <\/p>\n\n\n\n<p>Zur Wahrung der Widerrufsfrist reicht es aus, dass Sie die Mitteilung \u00fcber die Aus\u00fcbung des Widerrufsrechts vor Ablauf der Widerrufsfrist absenden.<\/p>\n\n\n\n<h4 class=\"wp-block-heading\">Folgen des Widerrufs<\/h4>\n\n\n\n<p>Wenn Sie diesen Vertrag widerrufen, haben wir Ihnen alle Zahlungen, die wir von Ihnen erhalten haben, einschlie\u00dflich der Lieferkosten (mit Ausnahme der zus\u00e4tzlichen Kosten, die sich daraus ergeben, dass Sie eine andere Art der Lieferung als die von uns angebotene, g\u00fcnstigste Standardlieferung gew\u00e4hlt haben), unverz\u00fcglich und sp\u00e4testens binnen vierzehn Tagen ab dem Tag zur\u00fcckzuzahlen, an dem die Mitteilung \u00fcber Ihren Widerruf dieses Vertrags bei uns eingegangen ist. F\u00fcr diese R\u00fcckzahlung verwenden wir dasselbe Zahlungsmittel, das Sie bei der urspr\u00fcnglichen Transaktion eingesetzt haben, es sei denn, mit Ihnen wurde ausdr\u00fccklich etwas anderes vereinbart; in keinem Fall werden Ihnen wegen dieser R\u00fcckzahlung Entgelte berechnet.<\/p>\n\n\n\n<p>Bei Vertr\u00e4gen zur Lieferung von Waren k\u00f6nnen wir die R\u00fcckzahlung verweigern, bis wir die Waren wieder zur\u00fcckerhalten haben oder bis Sie den Nachweis erbracht haben, dass Sie die Waren zur\u00fcckgesandt haben, je nachdem, welches der fr\u00fchere Zeitpunkt ist.<\/p>\n\n\n\n<p>Sie haben die Waren unverz\u00fcglich und in jedem Fall sp\u00e4testens binnen vierzehn Tagen ab dem Tag, an dem Sie uns \u00fcber den Widerruf dieses Vertrags unterrichten, an uns zur\u00fcckzusenden oder zu \u00fcbergeben. Die Frist ist gewahrt, wenn Sie die Waren vor Ablauf der Frist von vierzehn Tagen absenden.<\/p>\n\n\n\n<p>Sie tragen die unmittelbaren Kosten der R\u00fccksendung der Waren.<\/p>\n\n\n\n<p>Sie m\u00fcssen f\u00fcr einen etwaigen Wertverlust der Waren nur aufkommen, wenn dieser Wertverlust auf einen zur Pr\u00fcfung der Beschaffenheit, Eigenschaften und Funktionsweise der Waren nicht notwendigen Umgang mit ihnen zur\u00fcckzuf\u00fchren ist.<\/p>\n\n\n\n<h4 class=\"wp-block-heading\">Ausschluss bzw. vorzeitiges Erl\u00f6schen des Widerrufsrechts<\/h4>\n\n\n\n<p>Das Widerrufsrecht erlischt vorzeitig bei Vertr\u00e4gen zur Lieferung von digitalen Inhalten, wenn wir mit der Ausf\u00fchrung des Vertrages begonnen haben, nachdem Sie ausdr\u00fccklich zugestimmt haben, dass wir mit der Ausf\u00fchrung des Vertrages vor Ablauf der Widerrufsfrist beginnen und Sie uns Ihre Kenntnis davon best\u00e4tigt haben, dass Sie durch Ihre Zustimmung mit Beginn der Ausf\u00fchrung des Vertrags Ihr Widerrufsrecht verlieren.<\/p>","protected":false},"excerpt":{"rendered":"<p>Widerrufsbelehrung f\u00fcr digitale Produkte Verbrauchern steht ein Widerrufsrecht nach folgender Ma\u00dfgabe zu, wobei Verbraucher jede nat\u00fcrliche Person ist, die ein Rechtsgesch\u00e4ft zu Zwecken abschlie\u00dft, die \u00fcberwiegend weder ihrer gewerblichen noch ihrer selbst\u00e4ndigen beruflichen T\u00e4tigkeit zugerechnet &hellip; <\/p>","protected":false},"author":1,"featured_media":0,"parent":0,"menu_order":0,"comment_status":"closed","ping_status":"closed","template":"","meta":{"wprm-recipe-roundup-name":"","wprm-recipe-roundup-description":"","footnotes":""},"class_list":["post-8787","page","type-page","status-publish","hentry"],"_links":{"self":[{"href":"https:\/\/backenmitminis.de\/en\/wp-json\/wp\/v2\/pages\/8787","targetHints":{"allow":["GET"]}}],"collection":[{"href":"https:\/\/backenmitminis.de\/en\/wp-json\/wp\/v2\/pages"}],"about":[{"href":"https:\/\/backenmitminis.de\/en\/wp-json\/wp\/v2\/types\/page"}],"author":[{"embeddable":true,"href":"https:\/\/backenmitminis.de\/en\/wp-json\/wp\/v2\/users\/1"}],"replies":[{"embeddable":true,"href":"https:\/\/backenmitminis.de\/en\/wp-json\/wp\/v2\/comments?post=8787"}],"version-history":[{"count":2,"href":"https:\/\/backenmitminis.de\/en\/wp-json\/wp\/v2\/pages\/8787\/revisions"}],"predecessor-version":[{"id":8971,"href":"https:\/\/backenmitminis.de\/en\/wp-json\/wp\/v2\/pages\/8787\/revisions\/8971"}],"wp:attachment":[{"href":"https:\/\/backenmitminis.de\/en\/wp-json\/wp\/v2\/media?parent=8787"}],"curies":[{"name":"wp","href":"https:\/\/api.w.org\/{rel}","templated":true}]}}