{"id":10243,"date":"2023-03-10T23:25:35","date_gmt":"2023-03-10T22:25:35","guid":{"rendered":"https:\/\/backenmitminis.de\/?post_type=product&#038;p=10243"},"modified":"2024-09-17T20:37:20","modified_gmt":"2024-09-17T18:37:20","slug":"druckbare-osterkarten","status":"publish","type":"product","link":"https:\/\/backenmitminis.de\/en\/product\/druckbare-osterkarten\/","title":{"rendered":"Druckbare Osterkarten"},"content":{"rendered":"<h2><strong>Osterkarten ausmalen | Osterkarten basteln\u00a0<\/strong><strong>|\u00a0<\/strong><strong>Kinderbesch\u00e4ftigung\u00a0<\/strong><strong>| Bastelvorlage\u00a0<\/strong><strong>| Druckvorlage<\/strong><\/h2>\n<p>Dieser Download enth\u00e4lt:<\/p>\n<ul>\n<li>35 Vorlagen f\u00fcr Osterkarten im PDF-Format (davon 25 Oster-Klappkarten und 16 Ausmal-Karten)<\/li>\n<\/ul>\n<p><strong>Der Erwerb beinhaltet ausschlie\u00dflich die Datei f\u00fcr handels\u00fcbliche Drucker (Dateiformate siehe oben). Es ist keine fertige Ware enthalten.<\/strong><\/p>\n<p>Lizenz: Die Nutzung der Datei ist nur zur privaten Verwendung, es ist keine kommerzielle Nutzung oder Weitergabe an Dritte erlaubt. Weitere Informationen dazu siehe bitte Nutzungsbedingungen\/Lizenzrechte.<\/p>\n<p>Die Dateien sind von Deliah Losada erstellt. Alle Rechte an den Motiven und Dateien verbleiben bei den Herstellern.<\/p>","protected":false},"excerpt":{"rendered":"<p>Druckbare Osterkarten\u00a0f\u00fcr Kinder<\/p>","protected":false},"featured_media":10335,"template":"","meta":{"wprm-recipe-roundup-name":"","wprm-recipe-roundup-description":""},"product_brand":[],"product_cat":[655],"product_tag":[496,497],"class_list":{"0":"post-10243","1":"product","2":"type-product","3":"status-publish","4":"has-post-thumbnail","6":"product_cat-downloads-ostern","7":"product_tag-osterkarten","8":"product_tag-ostern","10":"first","11":"instock","12":"downloadable","13":"virtual","14":"purchasable","15":"product-type-simple"},"_links":{"self":[{"href":"https:\/\/backenmitminis.de\/en\/wp-json\/wp\/v2\/product\/10243","targetHints":{"allow":["GET"]}}],"collection":[{"href":"https:\/\/backenmitminis.de\/en\/wp-json\/wp\/v2\/product"}],"about":[{"href":"https:\/\/backenmitminis.de\/en\/wp-json\/wp\/v2\/types\/product"}],"wp:featuredmedia":[{"embeddable":true,"href":"https:\/\/backenmitminis.de\/en\/wp-json\/wp\/v2\/media\/10335"}],"wp:attachment":[{"href":"https:\/\/backenmitminis.de\/en\/wp-json\/wp\/v2\/media?parent=10243"}],"wp:term":[{"taxonomy":"product_brand","embeddable":true,"href":"https:\/\/backenmitminis.de\/en\/wp-json\/wp\/v2\/product_brand?post=10243"},{"taxonomy":"product_cat","embeddable":true,"href":"https:\/\/backenmitminis.de\/en\/wp-json\/wp\/v2\/product_cat?post=10243"},{"taxonomy":"product_tag","embeddable":true,"href":"https:\/\/backenmitminis.de\/en\/wp-json\/wp\/v2\/product_tag?post=10243"}],"curies":[{"name":"wp","href":"https:\/\/api.w.org\/{rel}","templated":true}]}}