{"id":10399,"date":"2023-03-29T22:58:48","date_gmt":"2023-03-29T20:58:48","guid":{"rendered":"https:\/\/backenmitminis.de\/?post_type=product&#038;p=10399"},"modified":"2024-07-02T13:40:40","modified_gmt":"2024-07-02T11:40:40","slug":"wuerzige-ostern-oster-banderolen-fuer-just-spices-gewuerzboxen","status":"publish","type":"product","link":"https:\/\/backenmitminis.de\/en\/product\/wuerzige-ostern-oster-banderolen-fuer-just-spices-gewuerzboxen\/","title":{"rendered":"&#8222;W\u00fcrzige Ostern&#8220; &#8211; Oster-Banderolen f\u00fcr Just Spices Gew\u00fcrzboxen"},"content":{"rendered":"<h2><strong>Oster-Banderolen f\u00fcr die Just Spices Gew\u00fcrzboxen | DIY-Vorlage f\u00fcr Geschenkbanderolen | Geschenke aus der K\u00fcche | Kinderbesch\u00e4ftigung | Bastelvorlage<\/strong><\/h2>\n<p>Dieser Download enth\u00e4lt:<\/p>\n<ul>\n<li>Guide inkl. Vorlagen und Anleitung im PDF-Format<\/li>\n<li>Vorlagen: 10 verschiedene Banderolen<\/li>\n<\/ul>\n<p><strong>Der Erwerb beinhaltet ausschlie\u00dflich die Datei f\u00fcr handels\u00fcbliche Drucker (Dateiformate siehe oben). Es ist keine fertige Ware enthalten.<\/strong><\/p>\n<p>Lizenz: Die Nutzung der Datei ist nur zur privaten Verwendung, es ist keine kommerzielle Nutzung oder Weitergabe an Dritte erlaubt. Weitere Informationen dazu siehe bitte Nutzungsbedingungen\/Lizenzrechte.<\/p>\n<p>Die Dateien sind von Deliah Losada erstellt. Alle Rechte an den Motiven und Dateien verbleiben bei den Herstellern.<\/p>","protected":false},"excerpt":{"rendered":"<p>DIY Druckvorlage Banderolen f\u00fcr Just Spices Gew\u00fcrzboxen &#8222;W\u00fcrzige Ostern&#8220;<\/p>","protected":false},"featured_media":10354,"template":"","meta":{"wprm-recipe-roundup-name":"","wprm-recipe-roundup-description":""},"product_brand":[],"product_cat":[655],"product_tag":[504,497],"class_list":{"0":"post-10399","1":"product","2":"type-product","3":"status-publish","4":"has-post-thumbnail","6":"product_cat-downloads-ostern","7":"product_tag-banderolen","8":"product_tag-ostern","10":"first","11":"instock","12":"downloadable","13":"virtual","14":"purchasable","15":"product-type-simple"},"_links":{"self":[{"href":"https:\/\/backenmitminis.de\/en\/wp-json\/wp\/v2\/product\/10399","targetHints":{"allow":["GET"]}}],"collection":[{"href":"https:\/\/backenmitminis.de\/en\/wp-json\/wp\/v2\/product"}],"about":[{"href":"https:\/\/backenmitminis.de\/en\/wp-json\/wp\/v2\/types\/product"}],"wp:featuredmedia":[{"embeddable":true,"href":"https:\/\/backenmitminis.de\/en\/wp-json\/wp\/v2\/media\/10354"}],"wp:attachment":[{"href":"https:\/\/backenmitminis.de\/en\/wp-json\/wp\/v2\/media?parent=10399"}],"wp:term":[{"taxonomy":"product_brand","embeddable":true,"href":"https:\/\/backenmitminis.de\/en\/wp-json\/wp\/v2\/product_brand?post=10399"},{"taxonomy":"product_cat","embeddable":true,"href":"https:\/\/backenmitminis.de\/en\/wp-json\/wp\/v2\/product_cat?post=10399"},{"taxonomy":"product_tag","embeddable":true,"href":"https:\/\/backenmitminis.de\/en\/wp-json\/wp\/v2\/product_tag?post=10399"}],"curies":[{"name":"wp","href":"https:\/\/api.w.org\/{rel}","templated":true}]}}