{"id":11328,"date":"2023-11-03T11:47:35","date_gmt":"2023-11-03T10:47:35","guid":{"rendered":"https:\/\/backenmitminis.de\/?post_type=product&#038;p=11328"},"modified":"2026-04-14T19:12:32","modified_gmt":"2026-04-14T17:12:32","slug":"diy-druckvorlage-cake-muffintopper-rentier-rudolf","status":"publish","type":"product","link":"https:\/\/backenmitminis.de\/en\/product\/diy-druckvorlage-cake-muffintopper-rentier-rudolf\/","title":{"rendered":"DIY-Druckvorlage Cake-\/Muffintopper Rentier Rudolf"},"content":{"rendered":"<h2><strong>Rentier Rudolf Cake-\/Muffintopper basteln f\u00fcr witzige Rentier-Kuchendekoration | Kinderbesch\u00e4ftigung | DIY-Vorlage f\u00fcr Muffintopper, Bastelvorlage<\/strong><\/h2>\n<p>Dieser Download enth\u00e4lt:<\/p>\n<ul>\n<li>Vorlagen im PDF-Format mit Vorlagen f\u00fcr Rentiergeweihe in 3 Gr\u00f6\u00dfen (Muffins, 20er-Kuchen, 28er-Kuchen)<\/li>\n<\/ul>\n<p>&nbsp;<\/p>\n<p class=\"isSelectedEnd\"><strong>Einen &#8222;virtuellen Kaffee&#8220; als Dankesch\u00f6n!<\/strong><\/p>\n<p class=\"isSelectedEnd\">Dieses Produkt habe ich mit Zeit, Kreativit\u00e4t und Herzblut f\u00fcr dich erstellt. Es soll dir helfen, den Weihnachtskuchen noch sch\u00f6ner und einfacher zu gestalten!<\/p>\n<p class=\"isSelectedEnd\">Wenn dir meine Inhalte gefallen und du meine Arbeit wertsch\u00e4tzen m\u00f6chtest, freue ich mich sehr, wenn du mich zu einem &#8222;virtuellen Kaffee&#8220; einladen m\u00f6chtest. \u00dcber eine Kaffeespende via Paypal (backenmitminis@web.de) freue ich mich sehr!<\/p>\n<p class=\"isSelectedEnd\">Damit unterst\u00fctzt du mich dabei, weiterhin neue Ideen, Vorlagen und Inspirationen f\u00fcr dich zu entwickeln.<\/p>\n<p>Vielen Dank f\u00fcr deine Unterst\u00fctzung und ganz viel Freude der Vorlage!<\/p>\n<p>&nbsp;<\/p>\n<p><strong>Der Erwerb beinhaltet ausschlie\u00dflich die Datei f\u00fcr handels\u00fcbliche Drucker (Dateiformate siehe oben). Es ist keine fertige Ware enthalten.<\/strong><\/p>\n<p>Lizenz: Die Nutzung der Datei ist nur zur privaten Verwendung, es ist keine kommerzielle Nutzung oder Weitergabe an Dritte erlaubt. Weitere Informationen dazu siehe bitte Nutzungsbedingungen\/Lizenzrechte.<\/p>\n<p>Die Dateien sind von Deliah Losada erstellt. Alle Rechte an den Motiven und Dateien verbleiben bei den Herstellern.<\/p>","protected":false},"excerpt":{"rendered":"<p>DIY Druckvorlage Cake-\/Muffintopper Rentier Rudolf<\/p>","protected":false},"featured_media":9580,"template":"","meta":{"wprm-recipe-roundup-name":"","wprm-recipe-roundup-description":""},"product_brand":[],"product_cat":[651],"product_tag":[309,307],"class_list":{"0":"post-11328","1":"product","2":"type-product","3":"status-publish","4":"has-post-thumbnail","6":"product_cat-downloads-weihnachten","7":"product_tag-caketopper","8":"product_tag-muffintopper","10":"first","11":"instock","12":"downloadable","13":"virtual","14":"purchasable","15":"product-type-simple"},"_links":{"self":[{"href":"https:\/\/backenmitminis.de\/en\/wp-json\/wp\/v2\/product\/11328","targetHints":{"allow":["GET"]}}],"collection":[{"href":"https:\/\/backenmitminis.de\/en\/wp-json\/wp\/v2\/product"}],"about":[{"href":"https:\/\/backenmitminis.de\/en\/wp-json\/wp\/v2\/types\/product"}],"wp:featuredmedia":[{"embeddable":true,"href":"https:\/\/backenmitminis.de\/en\/wp-json\/wp\/v2\/media\/9580"}],"wp:attachment":[{"href":"https:\/\/backenmitminis.de\/en\/wp-json\/wp\/v2\/media?parent=11328"}],"wp:term":[{"taxonomy":"product_brand","embeddable":true,"href":"https:\/\/backenmitminis.de\/en\/wp-json\/wp\/v2\/product_brand?post=11328"},{"taxonomy":"product_cat","embeddable":true,"href":"https:\/\/backenmitminis.de\/en\/wp-json\/wp\/v2\/product_cat?post=11328"},{"taxonomy":"product_tag","embeddable":true,"href":"https:\/\/backenmitminis.de\/en\/wp-json\/wp\/v2\/product_tag?post=11328"}],"curies":[{"name":"wp","href":"https:\/\/api.w.org\/{rel}","templated":true}]}}