{"id":11497,"date":"2023-11-23T22:02:11","date_gmt":"2023-11-23T21:02:11","guid":{"rendered":"https:\/\/backenmitminis.de\/?post_type=product&#038;p=11497"},"modified":"2025-11-02T22:11:07","modified_gmt":"2025-11-02T21:11:07","slug":"diy-druckvorlage-weihnachtsgruesse-adventskalender-banderolen-fuer-ritter-sport-minis","status":"publish","type":"product","link":"https:\/\/backenmitminis.de\/en\/product\/diy-druckvorlage-weihnachtsgruesse-adventskalender-banderolen-fuer-ritter-sport-minis\/","title":{"rendered":"DIY Druckvorlage Weihnachtsgr\u00fc\u00dfe &#038; Adventskalender Banderolen f\u00fcr Ritter Sport Minis"},"content":{"rendered":"<h2 data-start=\"264\" data-end=\"336\">Create Your Own Advent Calendar with Ritter Sport Minis<\/h2>\n<p data-start=\"338\" data-end=\"579\"><strong data-start=\"338\" data-end=\"379\">Mach deinen Advent besonders kreativ!<\/strong> Mit dieser <strong data-start=\"391\" data-end=\"411\">DIY-Druckvorlage<\/strong> gestaltest du im Handumdrehen einen liebevollen Adventskalender aus Ritter Sport Mini-Schokoladent\u00e4felchen \u2013 perfekt als Last-Minute-Bastelspa\u00df mit der ganzen Familie.<\/p>\n<hr data-start=\"581\" data-end=\"584\" \/>\n<h3 data-start=\"586\" data-end=\"600\">Ideal f\u00fcr:<\/h3>\n<ul data-start=\"601\" data-end=\"897\">\n<li data-start=\"601\" data-end=\"651\">\n<p data-start=\"603\" data-end=\"651\"><strong data-start=\"603\" data-end=\"626\">DIY Adventskalender<\/strong> mit Schoki f\u00fcr jeden Tag<\/p>\n<\/li>\n<li data-start=\"652\" data-end=\"702\">\n<p data-start=\"654\" data-end=\"702\"><strong data-start=\"654\" data-end=\"677\">Kinderbesch\u00e4ftigung<\/strong> in der Vorweihnachtszeit<\/p>\n<\/li>\n<li data-start=\"703\" data-end=\"772\">\n<p data-start=\"705\" data-end=\"772\"><strong data-start=\"705\" data-end=\"742\">Weihnachtsgeschenke zum Versenden<\/strong>\u2013 pers\u00f6nlich &amp; schnell gemacht<\/p>\n<\/li>\n<li data-start=\"773\" data-end=\"815\">\n<p data-start=\"775\" data-end=\"815\"><strong data-start=\"775\" data-end=\"798\">Festliche Tischdeko<\/strong> oder Mitbringsel<\/p>\n<\/li>\n<li data-start=\"816\" data-end=\"850\">\n<p data-start=\"818\" data-end=\"850\"><strong data-start=\"818\" data-end=\"850\">Last-Minute Genuss mit Liebe<\/strong><\/p>\n<\/li>\n<li data-start=\"851\" data-end=\"897\">\n<p data-start=\"853\" data-end=\"897\"><strong data-start=\"853\" data-end=\"877\">Bastelzeit mit Minis<\/strong> \u2013 einfach &amp; witzig!<\/p>\n<\/li>\n<\/ul>\n<h3 data-start=\"904\" data-end=\"924\"><\/h3>\n<h3 data-start=\"904\" data-end=\"924\">Das bekommst du:<\/h3>\n<ul data-start=\"925\" data-end=\"1204\">\n<li data-start=\"925\" data-end=\"996\">\n<p data-start=\"927\" data-end=\"996\"><strong data-start=\"927\" data-end=\"976\">PDF-Guide inkl. Schritt-f\u00fcr-Schritt-Anleitung<\/strong> \u2013 ideal f\u00fcr Bastler<\/p>\n<\/li>\n<li data-start=\"997\" data-end=\"1073\">\n<p data-start=\"999\" data-end=\"1073\"><strong data-start=\"999\" data-end=\"1039\">Druckvorlagen im g\u00e4ngigen PDF-Format<\/strong>, bereit f\u00fcr Zuhause oder Copyshop<\/p>\n<\/li>\n<li data-start=\"1074\" data-end=\"1204\">\n<p data-start=\"1076\" data-end=\"1204\"><strong data-start=\"1076\" data-end=\"1092\">Privatlizenz<\/strong> \u2013 Die Nutzung der Datei ist nur zur privaten Verwendung, es ist keine kommerzielle Nutzung oder Weitergabe an Dritte erlaubt. Weitere Informationen dazu siehe bitte Nutzungsbedingungen\/Lizenzrechte. Die Dateien sind von Deliah Losada erstellt. Alle Rechte an den Motiven und Dateien verbleiben bei den Herstellern.<\/p>\n<\/li>\n<\/ul>\n<h3 data-start=\"1514\" data-end=\"1556\"><\/h3>\n<h3 data-start=\"1514\" data-end=\"1556\">Warum diese Vorlage ein Must-Have ist:<\/h3>\n<ul data-start=\"1557\" data-end=\"1985\">\n<li data-start=\"1557\" data-end=\"1660\">\n<p data-start=\"1559\" data-end=\"1660\"><strong data-start=\"1559\" data-end=\"1579\">Schnell gemacht:<\/strong> Einfach drucken, ausschneiden, falten und fertig ist der Schoko-Adventskalender!<\/p>\n<\/li>\n<li data-start=\"1661\" data-end=\"1763\">\n<p data-start=\"1663\" data-end=\"1763\"><strong data-start=\"1663\" data-end=\"1690\">Pers\u00f6nlich &amp; originell:<\/strong> Du kannst jeden Tag mit liebevollen Gr\u00fc\u00dfen gestalten.<\/p>\n<\/li>\n<li data-start=\"1764\" data-end=\"1867\">\n<p data-start=\"1766\" data-end=\"1867\"><strong data-start=\"1766\" data-end=\"1789\">Tolles DIY-Projekt:<\/strong> Perfekt zum gemeinsamen Basteln in der Familie \u2013 ideal mit Minis im Teamwork.<\/p>\n<\/li>\n<\/ul>\n<p data-start=\"1992\" data-end=\"2133\"><strong data-start=\"1992\" data-end=\"2050\">F\u00fcge jetzt deine Vorlage in den Warenkorb<\/strong>\u00a0<strong>und erwecke die Vorfreude mit einem zauberhaften Adventskalender zum Selbermachen!<\/strong><\/p>\n<p data-start=\"1992\" data-end=\"2133\">\n<p><strong>Bist du noch auf der Suche nach schokoladige Weihnachtsgeschenke f\u00fcr Gro\u00dfeltern, Familie, Freunde, Lehrer:Innen? <\/strong><\/p>\n<p><a href=\"https:\/\/backenmitminis.de\/en\/product-category\/downloads-weihnachten\/\" target=\"_blank\" rel=\"noopener\">Dann lass&#8216; dich hier von unseren liebevoll gestalteten Banderolen &amp; Cover f\u00fcr leckere Weihnachtsgeschenke inspirieren!<\/a><\/p>","protected":false},"excerpt":{"rendered":"<p>DIY Druckvorlage Weihnachtsgr\u00fc\u00dfe &amp; Adventskalender Banderolen f\u00fcr Ritter Sport Minis<\/p>","protected":false},"featured_media":11477,"template":"","meta":{"wprm-recipe-roundup-name":"","wprm-recipe-roundup-description":""},"product_brand":[],"product_cat":[713,841],"product_tag":[724],"class_list":{"0":"post-11497","1":"product","2":"type-product","3":"status-publish","4":"has-post-thumbnail","6":"product_cat-downloads-adventskalender","7":"product_cat-druckvorlagen-ritter-sport","8":"product_tag-adventskalender","10":"first","11":"instock","12":"downloadable","13":"virtual","14":"purchasable","15":"product-type-simple"},"_links":{"self":[{"href":"https:\/\/backenmitminis.de\/en\/wp-json\/wp\/v2\/product\/11497","targetHints":{"allow":["GET"]}}],"collection":[{"href":"https:\/\/backenmitminis.de\/en\/wp-json\/wp\/v2\/product"}],"about":[{"href":"https:\/\/backenmitminis.de\/en\/wp-json\/wp\/v2\/types\/product"}],"wp:featuredmedia":[{"embeddable":true,"href":"https:\/\/backenmitminis.de\/en\/wp-json\/wp\/v2\/media\/11477"}],"wp:attachment":[{"href":"https:\/\/backenmitminis.de\/en\/wp-json\/wp\/v2\/media?parent=11497"}],"wp:term":[{"taxonomy":"product_brand","embeddable":true,"href":"https:\/\/backenmitminis.de\/en\/wp-json\/wp\/v2\/product_brand?post=11497"},{"taxonomy":"product_cat","embeddable":true,"href":"https:\/\/backenmitminis.de\/en\/wp-json\/wp\/v2\/product_cat?post=11497"},{"taxonomy":"product_tag","embeddable":true,"href":"https:\/\/backenmitminis.de\/en\/wp-json\/wp\/v2\/product_tag?post=11497"}],"curies":[{"name":"wp","href":"https:\/\/api.w.org\/{rel}","templated":true}]}}