{"id":12346,"date":"2024-05-28T12:22:40","date_gmt":"2024-05-28T10:22:40","guid":{"rendered":"https:\/\/backenmitminis.de\/?post_type=product&#038;p=12346"},"modified":"2025-09-22T21:03:10","modified_gmt":"2025-09-22T19:03:10","slug":"diy-druckvorlage-kommunion-banderolen-fuer-duplos-du-gehst-mit","status":"publish","type":"product","link":"https:\/\/backenmitminis.de\/en\/product\/diy-druckvorlage-kommunion-banderolen-fuer-duplos-du-gehst-mit\/","title":{"rendered":"DIY Druckvorlage &#8222;Kommunion&#8220; Banderolen f\u00fcr Duplos (&#8222;Du gehst mit&#8220;)"},"content":{"rendered":"<h2><strong>&#8222;Kommunion'&#8220; Banderolen f\u00fcr Duplo Riegel | Kommunionschokolade <\/strong><strong>| <\/strong><strong>Kinderbesch\u00e4ftigung | DIY-Vorlage f\u00fcr S\u00fc\u00dfigkeiten <\/strong><strong>| <\/strong><strong>Gastgeschenke <\/strong><strong>| Platzk\u00e4rtchen<\/strong><\/h2>\n<p>Dieser Download enth\u00e4lt:<\/p>\n<ul>\n<li>Guide inkl. Vorlagen und Anleitung im PDF-Format<\/li>\n<li>16 Banderolen (8 Banderolen f\u00fcr Gastgeschenke, 8 Banderolen f\u00fcr Kommunionkinder)<\/li>\n<\/ul>\n<p><strong>Der Erwerb beinhaltet ausschlie\u00dflich die Datei f\u00fcr handels\u00fcbliche Drucker (Dateiformate siehe oben). Es ist keine fertige Ware enthalten.<\/strong><\/p>\n<p>Lizenz: Die Nutzung der Datei ist nur zur privaten Verwendung, es ist keine kommerzielle Nutzung oder Weitergabe an Dritte erlaubt. Weitere Informationen dazu siehe bitte Nutzungsbedingungen\/Lizenzrechte.<\/p>\n<p>Die Dateien sind von Deliah Losada erstellt. Alle Rechte an den Motiven und Dateien verbleiben bei den Herstellern.<\/p>","protected":false},"excerpt":{"rendered":"<p>DIY Druckvorlage &#8222;Kommunion&#8220; Banderolen f\u00fcr Duplo Riegel<\/p>","protected":false},"featured_media":12349,"template":"","meta":{"wprm-recipe-roundup-name":"","wprm-recipe-roundup-description":""},"product_brand":[],"product_cat":[838,840],"product_tag":[600],"class_list":{"0":"post-12346","1":"product","2":"type-product","3":"status-publish","4":"has-post-thumbnail","6":"product_cat-downloads-taufe-kommunion-hochzeit","7":"product_cat-druckvorlage-duplo","8":"product_tag-geschenke-aus-der-kueche","10":"first","11":"instock","12":"downloadable","13":"virtual","14":"purchasable","15":"product-type-simple"},"_links":{"self":[{"href":"https:\/\/backenmitminis.de\/en\/wp-json\/wp\/v2\/product\/12346","targetHints":{"allow":["GET"]}}],"collection":[{"href":"https:\/\/backenmitminis.de\/en\/wp-json\/wp\/v2\/product"}],"about":[{"href":"https:\/\/backenmitminis.de\/en\/wp-json\/wp\/v2\/types\/product"}],"wp:featuredmedia":[{"embeddable":true,"href":"https:\/\/backenmitminis.de\/en\/wp-json\/wp\/v2\/media\/12349"}],"wp:attachment":[{"href":"https:\/\/backenmitminis.de\/en\/wp-json\/wp\/v2\/media?parent=12346"}],"wp:term":[{"taxonomy":"product_brand","embeddable":true,"href":"https:\/\/backenmitminis.de\/en\/wp-json\/wp\/v2\/product_brand?post=12346"},{"taxonomy":"product_cat","embeddable":true,"href":"https:\/\/backenmitminis.de\/en\/wp-json\/wp\/v2\/product_cat?post=12346"},{"taxonomy":"product_tag","embeddable":true,"href":"https:\/\/backenmitminis.de\/en\/wp-json\/wp\/v2\/product_tag?post=12346"}],"curies":[{"name":"wp","href":"https:\/\/api.w.org\/{rel}","templated":true}]}}