{"id":12451,"date":"2024-07-08T20:53:38","date_gmt":"2024-07-08T18:53:38","guid":{"rendered":"https:\/\/backenmitminis.de\/?post_type=product&#038;p=12451"},"modified":"2024-11-11T22:59:36","modified_gmt":"2024-11-11T21:59:36","slug":"danke-banderole-toblerone","status":"publish","type":"product","link":"https:\/\/backenmitminis.de\/en\/product\/danke-banderole-toblerone\/","title":{"rendered":"DIY Druckvorlage &#8222;Danke &#038; tolle Ferien&#8220; Banderole f\u00fcr Toblerone"},"content":{"rendered":"<h2><strong>&#8222;Danke &amp; tolle Ferien&#8220; Banderole f\u00fcr Toblerone (200g) zum Schuljahresende| Dankesch\u00f6n-Schokolade f\u00fcr Lehrkr\u00e4fte <\/strong><strong>| <\/strong><strong>Kinderbesch\u00e4ftigung | DIY-Vorlage f\u00fcr S\u00fc\u00dfigkeiten <\/strong><strong>|<\/strong><strong>DIY-Vorlage f\u00fcr Schokoladenverpackung<\/strong><\/h2>\n<p>Dieser Download enth\u00e4lt:<\/p>\n<ul>\n<li>Guide inkl. Vorlagen und Anleitung im PDF-Format<\/li>\n<li>1 Banderole f\u00fcr ein s\u00fc\u00dfes Dankesch\u00f6n<\/li>\n<\/ul>\n<p><strong>Der Erwerb beinhaltet ausschlie\u00dflich die Datei f\u00fcr handels\u00fcbliche Drucker (Dateiformate siehe oben). Es ist keine fertige Ware enthalten.<\/strong><\/p>\n<p>Lizenz: Die Nutzung der Datei ist nur zur privaten Verwendung, es ist keine kommerzielle Nutzung oder Weitergabe an Dritte erlaubt. Weitere Informationen dazu siehe bitte Nutzungsbedingungen\/Lizenzrechte.<\/p>\n<p>Die Dateien sind von Deliah Losada erstellt. Alle Rechte an den Motiven und Dateien verbleiben bei den Herstellern.<\/p>","protected":false},"excerpt":{"rendered":"<p>DIY Druckvorlage &#8222;Danke &amp; tolle Ferien&#8220; Banderole f\u00fcr Toblerone als Dankesch\u00f6n f\u00fcr Lehrkr\u00e4fte, Freunde, etc.<\/p>","protected":false},"featured_media":12509,"template":"","meta":{"wprm-recipe-roundup-name":"","wprm-recipe-roundup-description":""},"product_brand":[],"product_cat":[679],"product_tag":[678],"class_list":{"0":"post-12451","1":"product","2":"type-product","3":"status-publish","4":"has-post-thumbnail","6":"product_cat-downloads-schule-kindergarten","7":"product_tag-dankeschoen","9":"first","10":"instock","11":"downloadable","12":"virtual","13":"purchasable","14":"product-type-simple"},"_links":{"self":[{"href":"https:\/\/backenmitminis.de\/en\/wp-json\/wp\/v2\/product\/12451","targetHints":{"allow":["GET"]}}],"collection":[{"href":"https:\/\/backenmitminis.de\/en\/wp-json\/wp\/v2\/product"}],"about":[{"href":"https:\/\/backenmitminis.de\/en\/wp-json\/wp\/v2\/types\/product"}],"wp:featuredmedia":[{"embeddable":true,"href":"https:\/\/backenmitminis.de\/en\/wp-json\/wp\/v2\/media\/12509"}],"wp:attachment":[{"href":"https:\/\/backenmitminis.de\/en\/wp-json\/wp\/v2\/media?parent=12451"}],"wp:term":[{"taxonomy":"product_brand","embeddable":true,"href":"https:\/\/backenmitminis.de\/en\/wp-json\/wp\/v2\/product_brand?post=12451"},{"taxonomy":"product_cat","embeddable":true,"href":"https:\/\/backenmitminis.de\/en\/wp-json\/wp\/v2\/product_cat?post=12451"},{"taxonomy":"product_tag","embeddable":true,"href":"https:\/\/backenmitminis.de\/en\/wp-json\/wp\/v2\/product_tag?post=12451"}],"curies":[{"name":"wp","href":"https:\/\/api.w.org\/{rel}","templated":true}]}}