{"id":12458,"date":"2024-07-08T21:19:51","date_gmt":"2024-07-08T19:19:51","guid":{"rendered":"https:\/\/backenmitminis.de\/?post_type=product&#038;p=12458"},"modified":"2025-09-22T21:34:34","modified_gmt":"2025-09-22T19:34:34","slug":"einschulungs-cover-fuer-merci-collection","status":"publish","type":"product","link":"https:\/\/backenmitminis.de\/en\/product\/einschulungs-cover-fuer-merci-collection\/","title":{"rendered":"DIY Druckvorlage &#8222;Einschulung&#8220; Cover f\u00fcr Merci Collection"},"content":{"rendered":"<h2><strong>&#8222;Einschulung&#8220; Cover f\u00fcr Merci Collection (250 g) zum Schulstart | Einschulungschokolade\u00a0<\/strong><strong>| Geldgeschenk zur\u00a0<\/strong><strong>Starting school\u00a0<\/strong><strong>|\u00a0<\/strong><strong>T<\/strong><strong>IY-Vorlage f\u00fcr Schokoladenverpackung zur Einschulung<\/strong><\/h2>\n<p>Dieser Download enth\u00e4lt:<\/p>\n<ul>\n<li>Guide inkl. Vorlagen und Anleitung im PDF-Format<\/li>\n<li>2 Banderole f\u00fcr einen s\u00fc\u00dfen Gl\u00fcckwunsch zur Einschulung<\/li>\n<\/ul>\n<p><strong>Der Erwerb beinhaltet ausschlie\u00dflich die Datei f\u00fcr handels\u00fcbliche Drucker (Dateiformate siehe oben). Es ist keine fertige Ware enthalten.<\/strong><\/p>\n<p>Lizenz: Die Nutzung der Datei ist nur zur privaten Verwendung, es ist keine kommerzielle Nutzung oder Weitergabe an Dritte erlaubt. Weitere Informationen dazu siehe bitte Nutzungsbedingungen\/Lizenzrechte.<\/p>\n<p>Die Dateien sind von Deliah Losada erstellt. Alle Rechte an den Motiven und Dateien verbleiben bei den Herstellern.<\/p>","protected":false},"excerpt":{"rendered":"<p>DIY Druckvorlage &#8222;Einschulung&#8220; Cover f\u00fcr Merci Collection<\/p>","protected":false},"featured_media":12500,"template":"","meta":{"wprm-recipe-roundup-name":"","wprm-recipe-roundup-description":""},"product_brand":[],"product_cat":[679,845],"product_tag":[726],"class_list":{"0":"post-12458","1":"product","2":"type-product","3":"status-publish","4":"has-post-thumbnail","6":"product_cat-downloads-schule-kindergarten","7":"product_cat-druckvorlage-merci","8":"product_tag-einschulung","10":"first","11":"instock","12":"downloadable","13":"virtual","14":"purchasable","15":"product-type-simple"},"_links":{"self":[{"href":"https:\/\/backenmitminis.de\/en\/wp-json\/wp\/v2\/product\/12458","targetHints":{"allow":["GET"]}}],"collection":[{"href":"https:\/\/backenmitminis.de\/en\/wp-json\/wp\/v2\/product"}],"about":[{"href":"https:\/\/backenmitminis.de\/en\/wp-json\/wp\/v2\/types\/product"}],"wp:featuredmedia":[{"embeddable":true,"href":"https:\/\/backenmitminis.de\/en\/wp-json\/wp\/v2\/media\/12500"}],"wp:attachment":[{"href":"https:\/\/backenmitminis.de\/en\/wp-json\/wp\/v2\/media?parent=12458"}],"wp:term":[{"taxonomy":"product_brand","embeddable":true,"href":"https:\/\/backenmitminis.de\/en\/wp-json\/wp\/v2\/product_brand?post=12458"},{"taxonomy":"product_cat","embeddable":true,"href":"https:\/\/backenmitminis.de\/en\/wp-json\/wp\/v2\/product_cat?post=12458"},{"taxonomy":"product_tag","embeddable":true,"href":"https:\/\/backenmitminis.de\/en\/wp-json\/wp\/v2\/product_tag?post=12458"}],"curies":[{"name":"wp","href":"https:\/\/api.w.org\/{rel}","templated":true}]}}