{"id":12530,"date":"2024-07-27T15:32:39","date_gmt":"2024-07-27T13:32:39","guid":{"rendered":"https:\/\/backenmitminis.de\/?post_type=product&#038;p=12530"},"modified":"2025-09-22T21:33:53","modified_gmt":"2025-09-22T19:33:53","slug":"diy-druckvorlage-danke-fuers-kitajahr","status":"publish","type":"product","link":"https:\/\/backenmitminis.de\/en\/product\/diy-druckvorlage-danke-fuers-kitajahr\/","title":{"rendered":"DIY Druckvorlage &#8222;Danke f\u00fcrs Kindergartenjahr&#8220; Banderole f\u00fcr Milka Pralinen"},"content":{"rendered":"<h2><strong>&#8222;Danke f\u00fcrs Kindergartenjahr&#8220; Banderole f\u00fcr Milka Pralinen zum Kindergartenjahresende| Dankesch\u00f6n-Schokolade f\u00fcr Erzieher:Innen <\/strong><strong>| <\/strong><strong>Kinderbesch\u00e4ftigung | DIY-Vorlage f\u00fcr S\u00fc\u00dfigkeiten <\/strong><strong>|<\/strong><strong>DIY-Vorlage f\u00fcr Schokoladenverpackung<\/strong><\/h2>\n<p>Dieser Download enth\u00e4lt:<\/p>\n<ul>\n<li>Guide inkl. Vorlagen und Anleitung im PDF-Format<\/li>\n<li>1 Banderole f\u00fcr ein s\u00fc\u00dfes Dankesch\u00f6n<\/li>\n<\/ul>\n<p><strong>Der Erwerb beinhaltet ausschlie\u00dflich die Datei f\u00fcr handels\u00fcbliche Drucker (Dateiformate siehe oben). Es ist keine fertige Ware enthalten.<\/strong><\/p>\n<p>Lizenz: Die Nutzung der Datei ist nur zur privaten Verwendung, es ist keine kommerzielle Nutzung oder Weitergabe an Dritte erlaubt. Weitere Informationen dazu siehe bitte Nutzungsbedingungen\/Lizenzrechte.<\/p>\n<p>Die Dateien sind von Deliah Losada erstellt. Alle Rechte an den Motiven und Dateien verbleiben bei den Herstellern.<\/p>","protected":false},"excerpt":{"rendered":"<p>DIY Druckvorlage &#8222;Danke f\u00fcrs Kindergartenjahr&#8220; Banderole f\u00fcr Milka Pralinen als Dankesch\u00f6n f\u00fcr Erzieher:Innen.<\/p>","protected":false},"featured_media":12539,"template":"","meta":{"wprm-recipe-roundup-name":"","wprm-recipe-roundup-description":""},"product_brand":[],"product_cat":[679,842],"product_tag":[678],"class_list":{"0":"post-12530","1":"product","2":"type-product","3":"status-publish","4":"has-post-thumbnail","6":"product_cat-downloads-schule-kindergarten","7":"product_cat-druckvorlagen-milka","8":"product_tag-dankeschoen","10":"first","11":"instock","12":"downloadable","13":"virtual","14":"purchasable","15":"product-type-simple"},"_links":{"self":[{"href":"https:\/\/backenmitminis.de\/en\/wp-json\/wp\/v2\/product\/12530","targetHints":{"allow":["GET"]}}],"collection":[{"href":"https:\/\/backenmitminis.de\/en\/wp-json\/wp\/v2\/product"}],"about":[{"href":"https:\/\/backenmitminis.de\/en\/wp-json\/wp\/v2\/types\/product"}],"wp:featuredmedia":[{"embeddable":true,"href":"https:\/\/backenmitminis.de\/en\/wp-json\/wp\/v2\/media\/12539"}],"wp:attachment":[{"href":"https:\/\/backenmitminis.de\/en\/wp-json\/wp\/v2\/media?parent=12530"}],"wp:term":[{"taxonomy":"product_brand","embeddable":true,"href":"https:\/\/backenmitminis.de\/en\/wp-json\/wp\/v2\/product_brand?post=12530"},{"taxonomy":"product_cat","embeddable":true,"href":"https:\/\/backenmitminis.de\/en\/wp-json\/wp\/v2\/product_cat?post=12530"},{"taxonomy":"product_tag","embeddable":true,"href":"https:\/\/backenmitminis.de\/en\/wp-json\/wp\/v2\/product_tag?post=12530"}],"curies":[{"name":"wp","href":"https:\/\/api.w.org\/{rel}","templated":true}]}}