{"id":12758,"date":"2024-09-17T21:26:49","date_gmt":"2024-09-17T19:26:49","guid":{"rendered":"https:\/\/backenmitminis.de\/?post_type=product&#038;p=12758"},"modified":"2025-09-22T21:58:08","modified_gmt":"2025-09-22T19:58:08","slug":"diy-druckvorlage-kids-rock-banderolen","status":"publish","type":"product","link":"https:\/\/backenmitminis.de\/en\/product\/diy-druckvorlage-kids-rock-banderolen\/","title":{"rendered":"DIY Druckvorlage &#8222;Kids rock&#8220; Banderolen f\u00fcr Ritter Sport Minis"},"content":{"rendered":"<h2><strong>&#8222;Kids rock'&#8220; Banderolen f\u00fcr Ritter Sport Minis f\u00fcr starke Kinder| Schokolade f\u00fcr den internationalen Kindertag <\/strong><strong>| <\/strong><strong>Kinderbesch\u00e4ftigung | DIY-Vorlage f\u00fcr S\u00fc\u00dfigkeiten <\/strong><strong>| <\/strong><strong>Starkmacher <\/strong><strong>| Schokoladen f\u00fcr mehr Rechte f\u00fcr Kinder<\/strong><\/h2>\n<p>Dieser Download enth\u00e4lt:<\/p>\n<ul>\n<li>Guide inkl. Vorlagen und Anleitung im PDF-Format<\/li>\n<li>40 Banderolen f\u00fcr starke M\u00e4dchen<\/li>\n<\/ul>\n<p><strong>Der Erwerb beinhaltet ausschlie\u00dflich die Datei f\u00fcr handels\u00fcbliche Drucker (Dateiformate siehe oben). Es ist keine fertige Ware enthalten.<\/strong><\/p>\n<p>Lizenz: Die Nutzung der Datei ist nur zur privaten Verwendung, es ist keine kommerzielle Nutzung oder Weitergabe an Dritte erlaubt. Weitere Informationen dazu siehe bitte Nutzungsbedingungen\/Lizenzrechte.<\/p>\n<p>Die Dateien sind von Deliah Losada erstellt. Alle Rechte an den Motiven und Dateien verbleiben bei den Herstellern.<\/p>","protected":false},"excerpt":{"rendered":"<p>DIY Druckvorlage &#8222;Kids rock&#8220; Banderolen f\u00fcr Ritter Sport Minis f\u00fcr starke Kinder<\/p>","protected":false},"featured_media":12899,"template":"","meta":{"wprm-recipe-roundup-name":"","wprm-recipe-roundup-description":""},"product_brand":[],"product_cat":[657,841,679],"product_tag":[725],"class_list":{"0":"post-12758","1":"product","2":"type-product","3":"status-publish","4":"has-post-thumbnail","6":"product_cat-download-geburtstag","7":"product_cat-druckvorlagen-ritter-sport","8":"product_cat-downloads-schule-kindergarten","9":"product_tag-starke-kinder","11":"first","12":"instock","13":"downloadable","14":"virtual","15":"purchasable","16":"product-type-simple"},"_links":{"self":[{"href":"https:\/\/backenmitminis.de\/en\/wp-json\/wp\/v2\/product\/12758","targetHints":{"allow":["GET"]}}],"collection":[{"href":"https:\/\/backenmitminis.de\/en\/wp-json\/wp\/v2\/product"}],"about":[{"href":"https:\/\/backenmitminis.de\/en\/wp-json\/wp\/v2\/types\/product"}],"wp:featuredmedia":[{"embeddable":true,"href":"https:\/\/backenmitminis.de\/en\/wp-json\/wp\/v2\/media\/12899"}],"wp:attachment":[{"href":"https:\/\/backenmitminis.de\/en\/wp-json\/wp\/v2\/media?parent=12758"}],"wp:term":[{"taxonomy":"product_brand","embeddable":true,"href":"https:\/\/backenmitminis.de\/en\/wp-json\/wp\/v2\/product_brand?post=12758"},{"taxonomy":"product_cat","embeddable":true,"href":"https:\/\/backenmitminis.de\/en\/wp-json\/wp\/v2\/product_cat?post=12758"},{"taxonomy":"product_tag","embeddable":true,"href":"https:\/\/backenmitminis.de\/en\/wp-json\/wp\/v2\/product_tag?post=12758"}],"curies":[{"name":"wp","href":"https:\/\/api.w.org\/{rel}","templated":true}]}}