{"id":12807,"date":"2024-09-19T23:44:09","date_gmt":"2024-09-19T21:44:09","guid":{"rendered":"https:\/\/backenmitminis.de\/?post_type=product&#038;p=12807"},"modified":"2025-09-22T21:54:34","modified_gmt":"2025-09-22T19:54:34","slug":"diy-druckvorlage-baby-blue-banderolen","status":"publish","type":"product","link":"https:\/\/backenmitminis.de\/en\/product\/diy-druckvorlage-baby-blue-banderolen\/","title":{"rendered":"DIY Druckvorlage &#8222;Baby Blue&#8220; Banderolen f\u00fcr die Baby Party (Ritter Sport Minis)"},"content":{"rendered":"<h2><strong>&#8222;Baby Blue'&#8220; Banderolen f\u00fcr Ritter Sport Minis f\u00fcr eine Baby Party| Baby Shower Schokolade <\/strong><strong>| <\/strong><strong>Kinderbesch\u00e4ftigung | DIY-Vorlage f\u00fcr S\u00fc\u00dfigkeiten <\/strong><strong>| <\/strong><strong>Candy Bar <\/strong><strong>| Schokoladen f\u00fcr eine Baby Party<\/strong><\/h2>\n<p>Dieser Download enth\u00e4lt:<\/p>\n<ul>\n<li>Guide inkl. Vorlagen und Anleitung im PDF-Format<\/li>\n<li>16 Banderolen f\u00fcr die Baby Party<\/li>\n<\/ul>\n<p><strong>Der Erwerb beinhaltet ausschlie\u00dflich die Datei f\u00fcr handels\u00fcbliche Drucker (Dateiformate siehe oben). Es ist keine fertige Ware enthalten.<\/strong><\/p>\n<p>Lizenz: Die Nutzung der Datei ist nur zur privaten Verwendung, es ist keine kommerzielle Nutzung oder Weitergabe an Dritte erlaubt. Weitere Informationen dazu siehe bitte Nutzungsbedingungen\/Lizenzrechte.<\/p>\n<p>Die Dateien sind von Deliah Losada erstellt. Alle Rechte an den Motiven und Dateien verbleiben bei den Herstellern.<\/p>","protected":false},"excerpt":{"rendered":"<p>DIY Druckvorlage &#8222;Baby Blue&#8220; Banderolen f\u00fcr Ritter Sport Minis f\u00fcr die Baby Party<\/p>","protected":false},"featured_media":12811,"template":"","meta":{"wprm-recipe-roundup-name":"","wprm-recipe-roundup-description":""},"product_brand":[],"product_cat":[834,841],"product_tag":[676],"class_list":{"0":"post-12807","1":"product","2":"type-product","3":"status-publish","4":"has-post-thumbnail","6":"product_cat-downloads-muttertag","7":"product_cat-druckvorlagen-ritter-sport","8":"product_tag-baby-party","10":"first","11":"instock","12":"downloadable","13":"virtual","14":"purchasable","15":"product-type-simple"},"_links":{"self":[{"href":"https:\/\/backenmitminis.de\/en\/wp-json\/wp\/v2\/product\/12807","targetHints":{"allow":["GET"]}}],"collection":[{"href":"https:\/\/backenmitminis.de\/en\/wp-json\/wp\/v2\/product"}],"about":[{"href":"https:\/\/backenmitminis.de\/en\/wp-json\/wp\/v2\/types\/product"}],"wp:featuredmedia":[{"embeddable":true,"href":"https:\/\/backenmitminis.de\/en\/wp-json\/wp\/v2\/media\/12811"}],"wp:attachment":[{"href":"https:\/\/backenmitminis.de\/en\/wp-json\/wp\/v2\/media?parent=12807"}],"wp:term":[{"taxonomy":"product_brand","embeddable":true,"href":"https:\/\/backenmitminis.de\/en\/wp-json\/wp\/v2\/product_brand?post=12807"},{"taxonomy":"product_cat","embeddable":true,"href":"https:\/\/backenmitminis.de\/en\/wp-json\/wp\/v2\/product_cat?post=12807"},{"taxonomy":"product_tag","embeddable":true,"href":"https:\/\/backenmitminis.de\/en\/wp-json\/wp\/v2\/product_tag?post=12807"}],"curies":[{"name":"wp","href":"https:\/\/api.w.org\/{rel}","templated":true}]}}