{"id":12927,"date":"2024-09-24T10:56:14","date_gmt":"2024-09-24T08:56:14","guid":{"rendered":"https:\/\/backenmitminis.de\/?post_type=product&#038;p=12927"},"modified":"2025-09-22T21:29:32","modified_gmt":"2025-09-22T19:29:32","slug":"diy-druckvorlage-merry-christmas-merci","status":"publish","type":"product","link":"https:\/\/backenmitminis.de\/en\/product\/diy-druckvorlage-merry-christmas-merci\/","title":{"rendered":"DIY Druckvorlage &#8222;Merry Christmas&#8220; Cover f\u00fcr Merci Collection"},"content":{"rendered":"<h2><strong>&#8222;Merry Christmas&#8220; Cover f\u00fcr Merci Collection (250 g) f\u00fcr die Weihnachtszeit | Weihnachtsschokolade <\/strong><strong>| <\/strong><strong>T<\/strong><strong>IY-Vorlage f\u00fcr Schokoladenverpackung zur Weihnachtszeit<\/strong><\/h2>\n<p>Dieser Download enth\u00e4lt:<\/p>\n<ul>\n<li>Guide inkl. Vorlagen und Anleitung im PDF-Format<\/li>\n<li>6 Cover mit einem Weihnachtsgru\u00df + \u00dcberraschungscover<\/li>\n<\/ul>\n<p>Hol&#8216; dir jetzt deinen Download f\u00fcr einzigartige Weihnachtsschokoladen und kreiere leckere Weihnachtsgeschenke f\u00fcr deine Lieblingsmenschen, die vom Herzen kommen!<\/p>\n<p>&nbsp;<\/p>\n<p>&nbsp;<\/p>\n<p><strong>Der Erwerb beinhaltet ausschlie\u00dflich die Datei f\u00fcr handels\u00fcbliche Drucker (Dateiformate siehe oben). Es ist keine fertige Ware enthalten.<\/strong><\/p>\n<p>Lizenz: Die Nutzung der Datei ist nur zur privaten Verwendung, es ist keine kommerzielle Nutzung oder Weitergabe an Dritte erlaubt. Weitere Informationen dazu siehe bitte Nutzungsbedingungen\/Lizenzrechte.<\/p>\n<p>Die Dateien sind von Deliah Losada erstellt. Alle Rechte an den Motiven und Dateien verbleiben bei den Herstellern.<\/p>","protected":false},"excerpt":{"rendered":"<p>DIY Druckvorlage &#8222;Merry Christmas&#8220; Cover f\u00fcr Merci Collection<\/p>","protected":false},"featured_media":13158,"template":"","meta":{"wprm-recipe-roundup-name":"","wprm-recipe-roundup-description":""},"product_brand":[],"product_cat":[651,845],"product_tag":[320],"class_list":{"0":"post-12927","1":"product","2":"type-product","3":"status-publish","4":"has-post-thumbnail","6":"product_cat-downloads-weihnachten","7":"product_cat-druckvorlage-merci","8":"product_tag-weihnachten","10":"first","11":"instock","12":"downloadable","13":"virtual","14":"purchasable","15":"product-type-simple"},"_links":{"self":[{"href":"https:\/\/backenmitminis.de\/en\/wp-json\/wp\/v2\/product\/12927","targetHints":{"allow":["GET"]}}],"collection":[{"href":"https:\/\/backenmitminis.de\/en\/wp-json\/wp\/v2\/product"}],"about":[{"href":"https:\/\/backenmitminis.de\/en\/wp-json\/wp\/v2\/types\/product"}],"wp:featuredmedia":[{"embeddable":true,"href":"https:\/\/backenmitminis.de\/en\/wp-json\/wp\/v2\/media\/13158"}],"wp:attachment":[{"href":"https:\/\/backenmitminis.de\/en\/wp-json\/wp\/v2\/media?parent=12927"}],"wp:term":[{"taxonomy":"product_brand","embeddable":true,"href":"https:\/\/backenmitminis.de\/en\/wp-json\/wp\/v2\/product_brand?post=12927"},{"taxonomy":"product_cat","embeddable":true,"href":"https:\/\/backenmitminis.de\/en\/wp-json\/wp\/v2\/product_cat?post=12927"},{"taxonomy":"product_tag","embeddable":true,"href":"https:\/\/backenmitminis.de\/en\/wp-json\/wp\/v2\/product_tag?post=12927"}],"curies":[{"name":"wp","href":"https:\/\/api.w.org\/{rel}","templated":true}]}}