{"id":13236,"date":"2024-10-10T16:04:54","date_gmt":"2024-10-10T14:04:54","guid":{"rendered":"https:\/\/backenmitminis.de\/?post_type=product&#038;p=13236"},"modified":"2025-09-22T21:28:49","modified_gmt":"2025-09-22T19:28:49","slug":"katzen-einladung","status":"publish","type":"product","link":"https:\/\/backenmitminis.de\/en\/product\/katzen-einladung\/","title":{"rendered":"&#8222;Katzen-Einladung&#8220; &#8211; DIY Banderolen f\u00fcr Ritter Sport Minis"},"content":{"rendered":"<h2><strong>&#8222;Katzen-Einladung&#8220; DIY Banderolen f\u00fcr Ritter Sport Minis | Einladung f\u00fcr Kindergeburtstag<\/strong><strong>| <\/strong><strong>Kinderbesch\u00e4ftigung | DIY-Vorlage f\u00fcr S\u00fc\u00dfigkeiten\u00a0<\/strong><\/h2>\n<p>Dieser Download enth\u00e4lt:<\/p>\n<ul>\n<li>Guide inkl. Vorlagen und Anleitung im PDF-Format<\/li>\n<li>8 Banderolen inkl. vorgefassten Einladungstext<\/li>\n<li>8 Banderolen mit leeren Textfeld f\u00fcr individuellen Einladungstext<\/li>\n<\/ul>\n<p><strong>Der Erwerb beinhaltet ausschlie\u00dflich die Datei f\u00fcr handels\u00fcbliche Drucker (Dateiformate siehe oben). Es ist keine fertige Ware enthalten.<\/strong><\/p>\n<p>Lizenz: Die Nutzung der Datei ist nur zur privaten Verwendung, es ist keine kommerzielle Nutzung oder Weitergabe an Dritte erlaubt. Weitere Informationen dazu siehe bitte Nutzungsbedingungen\/Lizenzrechte.<\/p>\n<p>Die Dateien sind von Deliah Losada erstellt. Alle Rechte an den Motiven und Dateien verbleiben bei den Herstellern.<\/p>","protected":false},"excerpt":{"rendered":"<p>DIY Banderolen zum Ausdrucken &#8222;Katzen-Einladung&#8220; f\u00fcr Ritter Sport Minis<\/p>","protected":false},"featured_media":13335,"template":"","meta":{"wprm-recipe-roundup-name":"","wprm-recipe-roundup-description":""},"product_brand":[],"product_cat":[672,841],"product_tag":[673],"class_list":{"0":"post-13236","1":"product","2":"type-product","3":"status-publish","4":"has-post-thumbnail","6":"product_cat-downloads-einladungen","7":"product_cat-druckvorlagen-ritter-sport","8":"product_tag-einladung","10":"first","11":"instock","12":"downloadable","13":"virtual","14":"purchasable","15":"product-type-simple"},"_links":{"self":[{"href":"https:\/\/backenmitminis.de\/en\/wp-json\/wp\/v2\/product\/13236","targetHints":{"allow":["GET"]}}],"collection":[{"href":"https:\/\/backenmitminis.de\/en\/wp-json\/wp\/v2\/product"}],"about":[{"href":"https:\/\/backenmitminis.de\/en\/wp-json\/wp\/v2\/types\/product"}],"wp:featuredmedia":[{"embeddable":true,"href":"https:\/\/backenmitminis.de\/en\/wp-json\/wp\/v2\/media\/13335"}],"wp:attachment":[{"href":"https:\/\/backenmitminis.de\/en\/wp-json\/wp\/v2\/media?parent=13236"}],"wp:term":[{"taxonomy":"product_brand","embeddable":true,"href":"https:\/\/backenmitminis.de\/en\/wp-json\/wp\/v2\/product_brand?post=13236"},{"taxonomy":"product_cat","embeddable":true,"href":"https:\/\/backenmitminis.de\/en\/wp-json\/wp\/v2\/product_cat?post=13236"},{"taxonomy":"product_tag","embeddable":true,"href":"https:\/\/backenmitminis.de\/en\/wp-json\/wp\/v2\/product_tag?post=13236"}],"curies":[{"name":"wp","href":"https:\/\/api.w.org\/{rel}","templated":true}]}}