{"id":13381,"date":"2024-10-26T22:33:53","date_gmt":"2024-10-26T20:33:53","guid":{"rendered":"https:\/\/backenmitminis.de\/?post_type=product&#038;p=13381"},"modified":"2025-11-02T22:09:59","modified_gmt":"2025-11-02T21:09:59","slug":"diy-druckvorlage-sweet-adventskalender","status":"publish","type":"product","link":"https:\/\/backenmitminis.de\/en\/product\/diy-druckvorlage-sweet-adventskalender\/","title":{"rendered":"DIY Druckvorlage &#8222;Sweet Adventskalender mit Botschaften&#8220; Banderolen f\u00fcr Ritter Sport Minis (Gutschein-Adventskalender)"},"content":{"rendered":"<h2><strong>&#8222;Sweet Adventskalender mit Botschaften&#8220; Banderolen f\u00fcr Ritter Sport Minis | Weihnachtsschokolade <\/strong><strong>| <\/strong><strong>Adventskalender | DIY-Vorlage f\u00fcr S\u00fc\u00dfigkeiten <\/strong><strong>| (<\/strong><strong>Adventskalender-)Botschaften <\/strong><strong>| <\/strong><strong>Gutscheine\u00a0<\/strong><\/h2>\n<p>Die Druckvorlage f\u00fcr einen einzigartigen Adventskalender f\u00fcr Ritter Sport Minis mit 90 Gutscheinideen f\u00fcr eine wundervolle, gemeinsame Weihnachtszeit mit &#8222;Zeit statt Zeugs&#8220;!<\/p>\n<p>Dieser Download enth\u00e4lt:<\/p>\n<ul>\n<li>Guide inkl. Vorlagen und Anleitung im PDF-Format<\/li>\n<li>24 Banderolen mit leeren Textfeld f\u00fcr individuelle Botschaften<\/li>\n<li>90 Ideen f\u00fcr Adventskalenderbotschaften &amp; Gutscheine f\u00fcr eine sch\u00f6ne, gemeinsame Zeit im Advent<\/li>\n<\/ul>\n<p>Hol&#8216; dir jetzt deinen Download f\u00fcr s\u00fc\u00dfen Adventskalender f\u00fcr Ritter Sport Minis und \u00fcberrasche deine Lieblingsmenschen mit einer s\u00fc\u00dfen Adventszeit mit einem selbstgemachten Adventskalender!<\/p>\n<p>&nbsp;<\/p>\n<p><strong>Bist du noch auf der Suche nach schokoladige Weihnachtsgeschenke f\u00fcr Gro\u00dfeltern, Familie, Freunde, Lehrer:Innen? <\/strong><\/p>\n<p><a href=\"https:\/\/backenmitminis.de\/en\/product-category\/downloads-weihnachten\/\" target=\"_blank\" rel=\"noopener\">Dann lass&#8216; dich hier von unseren liebevoll gestalteten Banderolen &amp; Cover f\u00fcr leckere Weihnachtsgeschenke inspirieren!<\/a><\/p>\n<p>&nbsp;<\/p>\n<p><strong>Der Erwerb beinhaltet ausschlie\u00dflich die Datei f\u00fcr handels\u00fcbliche Drucker (Dateiformate siehe oben). Es ist keine fertige Ware enthalten.<\/strong><\/p>\n<p>Lizenz: Die Nutzung der Datei ist nur zur privaten Verwendung, es ist keine kommerzielle Nutzung oder Weitergabe an Dritte erlaubt. Weitere Informationen dazu siehe bitte Nutzungsbedingungen\/Lizenzrechte.<\/p>\n<p>Die Dateien sind von Deliah Losada erstellt. Alle Rechte an den Motiven und Dateien verbleiben bei den Herstellern.<\/p>","protected":false},"excerpt":{"rendered":"<p>DIY Druckvorlage &#8222;Sweet Adventskalender mit Botschaften&#8220; Banderolen f\u00fcr Ritter Sport Minis<\/p>","protected":false},"featured_media":13383,"template":"","meta":{"wprm-recipe-roundup-name":"","wprm-recipe-roundup-description":""},"product_brand":[],"product_cat":[713,841],"product_tag":[724],"class_list":{"0":"post-13381","1":"product","2":"type-product","3":"status-publish","4":"has-post-thumbnail","6":"product_cat-downloads-adventskalender","7":"product_cat-druckvorlagen-ritter-sport","8":"product_tag-adventskalender","10":"first","11":"instock","12":"downloadable","13":"virtual","14":"purchasable","15":"product-type-simple"},"_links":{"self":[{"href":"https:\/\/backenmitminis.de\/en\/wp-json\/wp\/v2\/product\/13381","targetHints":{"allow":["GET"]}}],"collection":[{"href":"https:\/\/backenmitminis.de\/en\/wp-json\/wp\/v2\/product"}],"about":[{"href":"https:\/\/backenmitminis.de\/en\/wp-json\/wp\/v2\/types\/product"}],"wp:featuredmedia":[{"embeddable":true,"href":"https:\/\/backenmitminis.de\/en\/wp-json\/wp\/v2\/media\/13383"}],"wp:attachment":[{"href":"https:\/\/backenmitminis.de\/en\/wp-json\/wp\/v2\/media?parent=13381"}],"wp:term":[{"taxonomy":"product_brand","embeddable":true,"href":"https:\/\/backenmitminis.de\/en\/wp-json\/wp\/v2\/product_brand?post=13381"},{"taxonomy":"product_cat","embeddable":true,"href":"https:\/\/backenmitminis.de\/en\/wp-json\/wp\/v2\/product_cat?post=13381"},{"taxonomy":"product_tag","embeddable":true,"href":"https:\/\/backenmitminis.de\/en\/wp-json\/wp\/v2\/product_tag?post=13381"}],"curies":[{"name":"wp","href":"https:\/\/api.w.org\/{rel}","templated":true}]}}