{"id":13702,"date":"2024-11-11T22:11:38","date_gmt":"2024-11-11T21:11:38","guid":{"rendered":"https:\/\/backenmitminis.de\/?post_type=product&#038;p=13702"},"modified":"2025-09-22T21:27:07","modified_gmt":"2025-09-22T19:27:07","slug":"diy-druckvorlage-adventskalender-in-a-box-auto-cover-fuer-toffifees","status":"publish","type":"product","link":"https:\/\/backenmitminis.de\/en\/product\/diy-druckvorlage-adventskalender-in-a-box-auto-cover-fuer-toffifees\/","title":{"rendered":"DIY Druckvorlage &#8222;Adventskalender in a Box &#8211; Auto&#8220; Cover f\u00fcr Toffifees"},"content":{"rendered":"<h2><strong>&#8222;Adventskalender in a Box &#8211; Auto&#8220; Cover f\u00fcr Toffifee-Boxen | Weihnachtsschokolade <\/strong><strong>| <\/strong><strong>Adventskalender | DIY-Vorlage f\u00fcr S\u00fc\u00dfigkeiten <\/strong><strong>| Weihnachtsmitbringsel<\/strong><\/h2>\n<p>Die Druckvorlage f\u00fcr einen k\u00f6stlichen Adventskalender f\u00fcr Toffifee-Schachteln f\u00fcr eine leckere Adventszeit.<\/p>\n<p>Dieser Download enth\u00e4lt:<\/p>\n<ul>\n<li>Guide inkl. Vorlage und Anleitung im PDF-Format<\/li>\n<li>1 Cover f\u00fcr die 24er Toffifee-Schachtel<\/li>\n<\/ul>\n<p>Hol&#8216; dir jetzt deinen Download f\u00fcr s\u00fc\u00dfen Adventskalender f\u00fcr Toffifee-Boxen und \u00fcberrasche deine Lieblingsmenschen mit einer s\u00fc\u00dfen Adventszeit mit einem selbstgemachten Adventskalender!<\/p>\n<p>&nbsp;<\/p>\n<p>&nbsp;<\/p>\n<p><strong>Der Erwerb beinhaltet ausschlie\u00dflich die Datei f\u00fcr handels\u00fcbliche Drucker (Dateiformate siehe oben). Es ist keine fertige Ware enthalten.<\/strong><\/p>\n<p><a href=\"https:\/\/backenmitminis.de\/en\/shop\/\" target=\"_blank\" rel=\"noopener\">In unserem Shop findest du zu dem bunte Druckvorlagen f\u00fcr Geschenkanh\u00e4nger, Adventskalender,Neujahrsgeschenke, Einladung, Weihnachtsschokoladen, Babypartys und vieles mehr. Viel Spa\u00df beim St\u00f6bern!<\/a><\/p>\n<p>Lizenz: Die Nutzung der Datei ist nur zur privaten Verwendung, es ist keine kommerzielle Nutzung oder Weitergabe an Dritte erlaubt. Weitere Informationen dazu siehe bitte Nutzungsbedingungen\/Lizenzrechte.<\/p>\n<p>Die Dateien sind von Deliah Losada erstellt. Alle Rechte an den Motiven und Dateien verbleiben bei den Herstellern.<\/p>","protected":false},"excerpt":{"rendered":"<p>DIY Druckvorlage &#8222;Adventskalender in a Box &#8211; Auto&#8220; Cover f\u00fcr Toffifee-Boxen<\/p>","protected":false},"featured_media":13632,"template":"","meta":{"wprm-recipe-roundup-name":"","wprm-recipe-roundup-description":""},"product_brand":[],"product_cat":[713,843],"product_tag":[724],"class_list":{"0":"post-13702","1":"product","2":"type-product","3":"status-publish","4":"has-post-thumbnail","6":"product_cat-downloads-adventskalender","7":"product_cat-druckvorlagen-toffifee","8":"product_tag-adventskalender","10":"first","11":"instock","12":"downloadable","13":"virtual","14":"purchasable","15":"product-type-simple"},"_links":{"self":[{"href":"https:\/\/backenmitminis.de\/en\/wp-json\/wp\/v2\/product\/13702","targetHints":{"allow":["GET"]}}],"collection":[{"href":"https:\/\/backenmitminis.de\/en\/wp-json\/wp\/v2\/product"}],"about":[{"href":"https:\/\/backenmitminis.de\/en\/wp-json\/wp\/v2\/types\/product"}],"wp:featuredmedia":[{"embeddable":true,"href":"https:\/\/backenmitminis.de\/en\/wp-json\/wp\/v2\/media\/13632"}],"wp:attachment":[{"href":"https:\/\/backenmitminis.de\/en\/wp-json\/wp\/v2\/media?parent=13702"}],"wp:term":[{"taxonomy":"product_brand","embeddable":true,"href":"https:\/\/backenmitminis.de\/en\/wp-json\/wp\/v2\/product_brand?post=13702"},{"taxonomy":"product_cat","embeddable":true,"href":"https:\/\/backenmitminis.de\/en\/wp-json\/wp\/v2\/product_cat?post=13702"},{"taxonomy":"product_tag","embeddable":true,"href":"https:\/\/backenmitminis.de\/en\/wp-json\/wp\/v2\/product_tag?post=13702"}],"curies":[{"name":"wp","href":"https:\/\/api.w.org\/{rel}","templated":true}]}}