{"id":13734,"date":"2024-11-14T10:54:17","date_gmt":"2024-11-14T09:54:17","guid":{"rendered":"https:\/\/backenmitminis.de\/?post_type=product&#038;p=13734"},"modified":"2025-09-22T21:25:50","modified_gmt":"2025-09-22T19:25:50","slug":"verpackung-fuer-schokoladentafeln","status":"publish","type":"product","link":"https:\/\/backenmitminis.de\/en\/product\/verpackung-fuer-schokoladentafeln\/","title":{"rendered":"DIY Druckvorlage &#8222;Happy New Year&#8220;-Set (15 Vorlagen) Verpackung f\u00fcr Schokoladentafeln"},"content":{"rendered":"<h2><strong>&#8222;Happy New Year&#8220;-Set Verpackung f\u00fcr Schokoladentafeln (15 Vorlagen) | Neujahrsschokolade <\/strong><strong>| <\/strong><strong>Silvestergeschenk | DIY-Vorlage f\u00fcr S\u00fc\u00dfigkeiten <\/strong><strong>| Silvestermitbringsel<\/strong><\/h2>\n<p>Die Druckvorlage f\u00fcr eine h\u00fcbsche Verpackung f\u00fcr eine Gl\u00fcckschokolade zum Jahreswechsel.<\/p>\n<p>Dieser Download enth\u00e4lt:<\/p>\n<ul>\n<li>Guide inkl. Vorlagen und Anleitung im PDF-Format<\/li>\n<li>15 Druckvorlagen f\u00fcr ein gl\u00fcckliches, neues Jahr<\/li>\n<\/ul>\n<p><strong>Der Erwerb beinhaltet ausschlie\u00dflich die Datei f\u00fcr handels\u00fcbliche Drucker (Dateiformate siehe oben). Es ist keine fertige Ware enthalten.<\/strong><\/p>\n<p><a href=\"https:\/\/backenmitminis.de\/en\/shop\/\" target=\"_blank\" rel=\"noopener\">In unserem Shop findest du zu dem bunte Druckvorlagen f\u00fcr Geschenkanh\u00e4nger, Adventskalender, Einladung, Weihnachtsschokoladen, Babypartys und vieles mehr. Viel Spa\u00df beim St\u00f6bern!<\/a><\/p>\n<p>Lizenz: Die Nutzung der Datei ist nur zur privaten Verwendung, es ist keine kommerzielle Nutzung oder Weitergabe an Dritte erlaubt. Weitere Informationen dazu siehe bitte Nutzungsbedingungen\/Lizenzrechte.<\/p>\n<p>Die Dateien sind von Deliah Losada erstellt. Alle Rechte an den Motiven und Dateien verbleiben bei den Herstellern.<\/p>","protected":false},"excerpt":{"rendered":"<p>DIY Druckvorlage &#8222;Happy New Year&#8220;-Set &#8211; kreative Verpackung f\u00fcr Schokoladentafeln<\/p>","protected":false},"featured_media":13863,"template":"","meta":{"wprm-recipe-roundup-name":"","wprm-recipe-roundup-description":""},"product_brand":[],"product_cat":[748,844],"product_tag":[599],"class_list":{"0":"post-13734","1":"product","2":"type-product","3":"status-publish","4":"has-post-thumbnail","6":"product_cat-downloads-silvester","7":"product_cat-druckvorlagen-tafelschokolade","8":"product_tag-silvester","10":"first","11":"instock","12":"downloadable","13":"virtual","14":"purchasable","15":"product-type-simple"},"_links":{"self":[{"href":"https:\/\/backenmitminis.de\/en\/wp-json\/wp\/v2\/product\/13734","targetHints":{"allow":["GET"]}}],"collection":[{"href":"https:\/\/backenmitminis.de\/en\/wp-json\/wp\/v2\/product"}],"about":[{"href":"https:\/\/backenmitminis.de\/en\/wp-json\/wp\/v2\/types\/product"}],"wp:featuredmedia":[{"embeddable":true,"href":"https:\/\/backenmitminis.de\/en\/wp-json\/wp\/v2\/media\/13863"}],"wp:attachment":[{"href":"https:\/\/backenmitminis.de\/en\/wp-json\/wp\/v2\/media?parent=13734"}],"wp:term":[{"taxonomy":"product_brand","embeddable":true,"href":"https:\/\/backenmitminis.de\/en\/wp-json\/wp\/v2\/product_brand?post=13734"},{"taxonomy":"product_cat","embeddable":true,"href":"https:\/\/backenmitminis.de\/en\/wp-json\/wp\/v2\/product_cat?post=13734"},{"taxonomy":"product_tag","embeddable":true,"href":"https:\/\/backenmitminis.de\/en\/wp-json\/wp\/v2\/product_tag?post=13734"}],"curies":[{"name":"wp","href":"https:\/\/api.w.org\/{rel}","templated":true}]}}