{"id":13939,"date":"2024-12-04T11:30:51","date_gmt":"2024-12-04T10:30:51","guid":{"rendered":"https:\/\/backenmitminis.de\/?post_type=product&#038;p=13939"},"modified":"2025-09-22T21:22:53","modified_gmt":"2025-09-22T19:22:53","slug":"verpackung-fuer-schokoladentafeln-w3","status":"publish","type":"product","link":"https:\/\/backenmitminis.de\/en\/product\/verpackung-fuer-schokoladentafeln-w3\/","title":{"rendered":"DIY Druckvorlage &#8222;Weihnachten &#8211; Zuckerstangen&#8220; Verpackung f\u00fcr Schokoladentafeln"},"content":{"rendered":"<h2><strong>&#8222;Weihnachten&#8220; Verpackung f\u00fcr Schokoladentafeln| Weihnachtsschokolade <\/strong><strong>| <\/strong><strong>Wichtelgeschenk | DIY-Vorlage f\u00fcr S\u00fc\u00dfigkeiten <\/strong><strong>| Weihnachtsmitbringsel<\/strong><\/h2>\n<p>Die Druckvorlage f\u00fcr eine weihnachtliche Verpackung f\u00fcr eine k\u00f6stliche Schokolade in der Weihnachtszeit<\/p>\n<p>Dieser Download enth\u00e4lt:<\/p>\n<ul>\n<li>Guide inkl. Vorlage und Anleitung im PDF-Format<\/li>\n<li>1 weihnachtliche Druckvorlage<\/li>\n<\/ul>\n<p>Hol&#8216; dir jetzt deinen Download f\u00fcr einzigartige Weihnachtsschokoladen und kreiere leckere Weihnachtsgeschenke f\u00fcr deine Lieblingsmenschen, die vom Herzen kommen!<\/p>\n<p>&nbsp;<\/p>\n<p>&nbsp;<\/p>\n<p><strong>Der Erwerb beinhaltet ausschlie\u00dflich die Datei f\u00fcr handels\u00fcbliche Drucker (Dateiformate siehe oben). Es ist keine fertige Ware enthalten.<\/strong><\/p>\n<p><a href=\"https:\/\/backenmitminis.de\/en\/shop\/\" target=\"_blank\" rel=\"noopener\">In unserem Shop findest du zu dem bunte Druckvorlagen f\u00fcr Geschenkanh\u00e4nger, Adventskalender, Einladung, Weihnachtsschokoladen, Babypartys und vieles mehr. Viel Spa\u00df beim St\u00f6bern!<\/a><\/p>\n<p>Lizenz: Die Nutzung der Datei ist nur zur privaten Verwendung, es ist keine kommerzielle Nutzung oder Weitergabe an Dritte erlaubt. Weitere Informationen dazu siehe bitte Nutzungsbedingungen\/Lizenzrechte.<\/p>\n<p>Die Dateien sind von Deliah Losada erstellt. Alle Rechte an den Motiven und Dateien verbleiben bei den Herstellern.<\/p>","protected":false},"excerpt":{"rendered":"<p>DIY Druckvorlage &#8222;Weihnachten &#8211; Zuckerstangen&#8220; &#8211; weihnachtliche Verpackung f\u00fcr Schokoladentafeln<\/p>","protected":false},"featured_media":13894,"template":"","meta":{"wprm-recipe-roundup-name":"","wprm-recipe-roundup-description":""},"product_brand":[],"product_cat":[651,844],"product_tag":[320],"class_list":{"0":"post-13939","1":"product","2":"type-product","3":"status-publish","4":"has-post-thumbnail","6":"product_cat-downloads-weihnachten","7":"product_cat-druckvorlagen-tafelschokolade","8":"product_tag-weihnachten","10":"first","11":"instock","12":"downloadable","13":"virtual","14":"purchasable","15":"product-type-simple"},"_links":{"self":[{"href":"https:\/\/backenmitminis.de\/en\/wp-json\/wp\/v2\/product\/13939","targetHints":{"allow":["GET"]}}],"collection":[{"href":"https:\/\/backenmitminis.de\/en\/wp-json\/wp\/v2\/product"}],"about":[{"href":"https:\/\/backenmitminis.de\/en\/wp-json\/wp\/v2\/types\/product"}],"wp:featuredmedia":[{"embeddable":true,"href":"https:\/\/backenmitminis.de\/en\/wp-json\/wp\/v2\/media\/13894"}],"wp:attachment":[{"href":"https:\/\/backenmitminis.de\/en\/wp-json\/wp\/v2\/media?parent=13939"}],"wp:term":[{"taxonomy":"product_brand","embeddable":true,"href":"https:\/\/backenmitminis.de\/en\/wp-json\/wp\/v2\/product_brand?post=13939"},{"taxonomy":"product_cat","embeddable":true,"href":"https:\/\/backenmitminis.de\/en\/wp-json\/wp\/v2\/product_cat?post=13939"},{"taxonomy":"product_tag","embeddable":true,"href":"https:\/\/backenmitminis.de\/en\/wp-json\/wp\/v2\/product_tag?post=13939"}],"curies":[{"name":"wp","href":"https:\/\/api.w.org\/{rel}","templated":true}]}}