{"id":14059,"date":"2024-12-13T09:32:31","date_gmt":"2024-12-13T08:32:31","guid":{"rendered":"https:\/\/backenmitminis.de\/?post_type=product&#038;p=14059"},"modified":"2025-09-22T21:22:06","modified_gmt":"2025-09-22T19:22:06","slug":"duplo-banderole-weihnachtsmann","status":"publish","type":"product","link":"https:\/\/backenmitminis.de\/en\/product\/duplo-banderole-weihnachtsmann\/","title":{"rendered":"DIY Druckvorlage &#8222;Weihnachtsmann&#8220; Duplo-Banderole"},"content":{"rendered":"<h2><strong>&#8222;Weihnachtsmann&#8220; Banderole f\u00fcr Duplo-Box | Weihnachts-Schokolade <\/strong><strong>|<\/strong><strong>\u00a0DIY-Vorlage f\u00fcr S\u00fc\u00dfigkeiten <\/strong><strong>| <\/strong><strong>Geschenk zu Weihnachten <\/strong><strong>| DIY Schokoladenverpackung<\/strong><\/h2>\n<p>Dieser Download enth\u00e4lt:<\/p>\n<ul>\n<li>Guide inkl. Vorlagen und Anleitung im PDF-Format<\/li>\n<li>1 Cover f\u00fcr Duplo Box (10 Riegel)<\/li>\n<\/ul>\n<p>Hol&#8216; dir jetzt deine Banderole f\u00fcr Duplo-Boxen und kreiere einzigartige Weihnachtsgeschenke f\u00fcr deine Lieblingsmenschen, die vom Herzen kommen!<\/p>\n<p>&nbsp;<\/p>\n<p>&nbsp;<\/p>\n<p><strong>Der Erwerb beinhaltet ausschlie\u00dflich die Datei f\u00fcr handels\u00fcbliche Drucker (Dateiformate siehe oben). Es ist keine fertige Ware enthalten.<\/strong><\/p>\n<p>Lizenz: Die Nutzung der Datei ist nur zur privaten Verwendung, es ist keine kommerzielle Nutzung oder Weitergabe an Dritte erlaubt. Weitere Informationen dazu siehe bitte Nutzungsbedingungen\/Lizenzrechte.<\/p>\n<p>Die Dateien sind von Deliah Losada erstellt. Alle Rechte an den Motiven und Dateien verbleiben bei den Herstellern.<\/p>","protected":false},"excerpt":{"rendered":"<p>DIY Druckvorlage &#8222;Weihnachtsmann&#8220; Banderole f\u00fcr Duplo Box f\u00fcr DIY Geschenke zu Weihnachten<\/p>","protected":false},"featured_media":14076,"template":"","meta":{"wprm-recipe-roundup-name":"","wprm-recipe-roundup-description":""},"product_brand":[],"product_cat":[651,840],"product_tag":[320],"class_list":{"0":"post-14059","1":"product","2":"type-product","3":"status-publish","4":"has-post-thumbnail","6":"product_cat-downloads-weihnachten","7":"product_cat-druckvorlage-duplo","8":"product_tag-weihnachten","10":"first","11":"instock","12":"downloadable","13":"virtual","14":"purchasable","15":"product-type-simple"},"_links":{"self":[{"href":"https:\/\/backenmitminis.de\/en\/wp-json\/wp\/v2\/product\/14059","targetHints":{"allow":["GET"]}}],"collection":[{"href":"https:\/\/backenmitminis.de\/en\/wp-json\/wp\/v2\/product"}],"about":[{"href":"https:\/\/backenmitminis.de\/en\/wp-json\/wp\/v2\/types\/product"}],"wp:featuredmedia":[{"embeddable":true,"href":"https:\/\/backenmitminis.de\/en\/wp-json\/wp\/v2\/media\/14076"}],"wp:attachment":[{"href":"https:\/\/backenmitminis.de\/en\/wp-json\/wp\/v2\/media?parent=14059"}],"wp:term":[{"taxonomy":"product_brand","embeddable":true,"href":"https:\/\/backenmitminis.de\/en\/wp-json\/wp\/v2\/product_brand?post=14059"},{"taxonomy":"product_cat","embeddable":true,"href":"https:\/\/backenmitminis.de\/en\/wp-json\/wp\/v2\/product_cat?post=14059"},{"taxonomy":"product_tag","embeddable":true,"href":"https:\/\/backenmitminis.de\/en\/wp-json\/wp\/v2\/product_tag?post=14059"}],"curies":[{"name":"wp","href":"https:\/\/api.w.org\/{rel}","templated":true}]}}