{"id":14062,"date":"2024-12-13T09:53:44","date_gmt":"2024-12-13T08:53:44","guid":{"rendered":"https:\/\/backenmitminis.de\/?post_type=product&#038;p=14062"},"modified":"2025-09-22T21:21:30","modified_gmt":"2025-09-22T19:21:30","slug":"weihnachten-duplo-banderole","status":"publish","type":"product","link":"https:\/\/backenmitminis.de\/en\/product\/weihnachten-duplo-banderole\/","title":{"rendered":"DIY Druckvorlage weihnachtliche Duplo-Banderole &#8222;Weihnachten Set&#8220;"},"content":{"rendered":"<h2><strong>Weihnachtliche Banderolen f\u00fcr Duplo-Box &#8222;Weihnachten Set&#8220; | Weihnachts-Schokolade <\/strong><strong>|<\/strong><strong>\u00a0DIY-Vorlage f\u00fcr S\u00fc\u00dfigkeiten <\/strong><strong>| <\/strong><strong>Geschenk zu Weihnachten <\/strong><strong>| DIY Schokoladenverpackung<\/strong><\/h2>\n<p>Dieser Download enth\u00e4lt:<\/p>\n<ul>\n<li>Guide inkl. Vorlagen und Anleitung im PDF-Format<\/li>\n<li>3 Cover f\u00fcr Duplo Box (10 Riegel)<\/li>\n<\/ul>\n<p>Hol&#8216; dir jetzt deine Banderolen f\u00fcr Duplo-Boxen und kreiere einzigartige Weihnachtsgeschenke, die vom Herzen kommen!<\/p>\n<p>&nbsp;<\/p>\n<p>&nbsp;<\/p>\n<p><strong>Der Erwerb beinhaltet ausschlie\u00dflich die Datei f\u00fcr handels\u00fcbliche Drucker (Dateiformate siehe oben). Es ist keine fertige Ware enthalten.<\/strong><\/p>\n<p>Lizenz: Die Nutzung der Datei ist nur zur privaten Verwendung, es ist keine kommerzielle Nutzung oder Weitergabe an Dritte erlaubt. Weitere Informationen dazu siehe bitte Nutzungsbedingungen\/Lizenzrechte.<\/p>\n<p>Die Dateien sind von Deliah Losada erstellt. Alle Rechte an den Motiven und Dateien verbleiben bei den Herstellern.<\/p>","protected":false},"excerpt":{"rendered":"<p>DIY Druckvorlage &#8222;Weihnachten Set&#8220; Banderolen f\u00fcr Duplo Boxen f\u00fcr DIY Geschenke zu Weihnachten<\/p>","protected":false},"featured_media":14073,"template":"","meta":{"wprm-recipe-roundup-name":"","wprm-recipe-roundup-description":""},"product_brand":[],"product_cat":[651,840],"product_tag":[320],"class_list":{"0":"post-14062","1":"product","2":"type-product","3":"status-publish","4":"has-post-thumbnail","6":"product_cat-downloads-weihnachten","7":"product_cat-druckvorlage-duplo","8":"product_tag-weihnachten","10":"first","11":"instock","12":"downloadable","13":"virtual","14":"purchasable","15":"product-type-simple"},"_links":{"self":[{"href":"https:\/\/backenmitminis.de\/en\/wp-json\/wp\/v2\/product\/14062","targetHints":{"allow":["GET"]}}],"collection":[{"href":"https:\/\/backenmitminis.de\/en\/wp-json\/wp\/v2\/product"}],"about":[{"href":"https:\/\/backenmitminis.de\/en\/wp-json\/wp\/v2\/types\/product"}],"wp:featuredmedia":[{"embeddable":true,"href":"https:\/\/backenmitminis.de\/en\/wp-json\/wp\/v2\/media\/14073"}],"wp:attachment":[{"href":"https:\/\/backenmitminis.de\/en\/wp-json\/wp\/v2\/media?parent=14062"}],"wp:term":[{"taxonomy":"product_brand","embeddable":true,"href":"https:\/\/backenmitminis.de\/en\/wp-json\/wp\/v2\/product_brand?post=14062"},{"taxonomy":"product_cat","embeddable":true,"href":"https:\/\/backenmitminis.de\/en\/wp-json\/wp\/v2\/product_cat?post=14062"},{"taxonomy":"product_tag","embeddable":true,"href":"https:\/\/backenmitminis.de\/en\/wp-json\/wp\/v2\/product_tag?post=14062"}],"curies":[{"name":"wp","href":"https:\/\/api.w.org\/{rel}","templated":true}]}}