{"id":14754,"date":"2025-04-11T13:43:58","date_gmt":"2025-04-11T11:43:58","guid":{"rendered":"https:\/\/backenmitminis.de\/?post_type=product&#038;p=14754"},"modified":"2025-09-22T21:18:15","modified_gmt":"2025-09-22T19:18:15","slug":"druckvorlage-osterschokolade-kueken","status":"publish","type":"product","link":"https:\/\/backenmitminis.de\/en\/product\/druckvorlage-osterschokolade-kueken\/","title":{"rendered":"DIY Druckvorlage f\u00fcr Osterschokolade mit &#8222;Osterschoki &#8211; K\u00fcken&#8220;-Ritter Sport-Banderole"},"content":{"rendered":"<h2><strong>\u00d6sterliche Banderole f\u00fcr Ritter Sport Tafeln &#8222;Osterschoki &#8211; K\u00fcken&#8220; | Osterschokolade <\/strong><strong>|<\/strong><strong>\u00a0DIY-Vorlage f\u00fcr S\u00fc\u00dfigkeiten <\/strong><strong>| <\/strong><strong>Geschenk zu Ostern <\/strong><strong>| DIY Schokoladenverpackung<\/strong><\/h2>\n<p>Dieser Download enth\u00e4lt:<\/p>\n<ul>\n<li>Guide inkl. Vorlagen und Anleitung im PDF-Format<\/li>\n<li>1 Cover f\u00fcr Ritter Sport Tafeln<\/li>\n<\/ul>\n<p><strong>Der Erwerb beinhaltet ausschlie\u00dflich die Datei f\u00fcr handels\u00fcbliche Drucker (Dateiformate siehe oben). Es ist keine fertige Ware enthalten.<\/strong><\/p>\n<p>Lizenz: Die Nutzung der Datei ist nur zur privaten Verwendung, es ist keine kommerzielle Nutzung oder Weitergabe an Dritte erlaubt. Weitere Informationen dazu siehe bitte Nutzungsbedingungen\/Lizenzrechte.<\/p>\n<p>Die Dateien sind von Deliah Losada erstellt. Alle Rechte an den Motiven und Dateien verbleiben bei den Herstellern.<\/p>","protected":false},"excerpt":{"rendered":"<p>DIY Druckvorlage &#8222;Osterschoki &#8211; K\u00fcken&#8220; Banderole f\u00fcr Ritter Sport f\u00fcr DIY Osterschokolade &#8211; s\u00fc\u00dfe DIY Geschenke f\u00fcr Ostern<\/p>","protected":false},"featured_media":14333,"template":"","meta":{"wprm-recipe-roundup-name":"","wprm-recipe-roundup-description":""},"product_brand":[],"product_cat":[655,841],"product_tag":[497],"class_list":{"0":"post-14754","1":"product","2":"type-product","3":"status-publish","4":"has-post-thumbnail","6":"product_cat-downloads-ostern","7":"product_cat-druckvorlagen-ritter-sport","8":"product_tag-ostern","10":"first","11":"instock","12":"downloadable","13":"virtual","14":"purchasable","15":"product-type-simple"},"_links":{"self":[{"href":"https:\/\/backenmitminis.de\/en\/wp-json\/wp\/v2\/product\/14754","targetHints":{"allow":["GET"]}}],"collection":[{"href":"https:\/\/backenmitminis.de\/en\/wp-json\/wp\/v2\/product"}],"about":[{"href":"https:\/\/backenmitminis.de\/en\/wp-json\/wp\/v2\/types\/product"}],"wp:featuredmedia":[{"embeddable":true,"href":"https:\/\/backenmitminis.de\/en\/wp-json\/wp\/v2\/media\/14333"}],"wp:attachment":[{"href":"https:\/\/backenmitminis.de\/en\/wp-json\/wp\/v2\/media?parent=14754"}],"wp:term":[{"taxonomy":"product_brand","embeddable":true,"href":"https:\/\/backenmitminis.de\/en\/wp-json\/wp\/v2\/product_brand?post=14754"},{"taxonomy":"product_cat","embeddable":true,"href":"https:\/\/backenmitminis.de\/en\/wp-json\/wp\/v2\/product_cat?post=14754"},{"taxonomy":"product_tag","embeddable":true,"href":"https:\/\/backenmitminis.de\/en\/wp-json\/wp\/v2\/product_tag?post=14754"}],"curies":[{"name":"wp","href":"https:\/\/api.w.org\/{rel}","templated":true}]}}