{"id":14800,"date":"2025-05-02T18:34:25","date_gmt":"2025-05-02T16:34:25","guid":{"rendered":"https:\/\/backenmitminis.de\/?post_type=product&#038;p=14800"},"modified":"2025-09-22T21:17:51","modified_gmt":"2025-09-22T19:17:51","slug":"ritter-sport-banderole-du-bist-1-klasse","status":"publish","type":"product","link":"https:\/\/backenmitminis.de\/en\/product\/ritter-sport-banderole-du-bist-1-klasse\/","title":{"rendered":"DIY Druckvorlage f\u00fcr &#8222;Du bist 1. Klasse&#8220; Ritter Sport Banderole &#8211; Geschenke zur Einschulung"},"content":{"rendered":"<h2><strong>Banderole f\u00fcr Ritter Sport Tafeln &#8222;Du bist 1. Klasse&#8220; | Schokolade f\u00fcr die Einschulung <\/strong><strong>|<\/strong><strong>\u00a0DIY-Vorlage f\u00fcr S\u00fc\u00dfigkeiten <\/strong><strong>| <\/strong><strong>Geschenke zur Einschulung <\/strong><strong>| DIY Schokoladenverpackung<\/strong><\/h2>\n<p>Dieser Download enth\u00e4lt:<\/p>\n<ul>\n<li>Guide inkl. Vorlagen und Anleitung im PDF-Format<\/li>\n<li>4 Banderolen f\u00fcr Ritter Sport Tafeln<\/li>\n<\/ul>\n<p><strong>Der Erwerb beinhaltet ausschlie\u00dflich die Datei f\u00fcr handels\u00fcbliche Drucker (Dateiformate siehe oben). Es ist keine fertige Ware enthalten.<\/strong><\/p>\n<p>Lizenz: Die Nutzung der Datei ist nur zur privaten Verwendung, es ist keine kommerzielle Nutzung oder Weitergabe an Dritte erlaubt. Weitere Informationen dazu siehe bitte Nutzungsbedingungen\/Lizenzrechte.<\/p>\n<p>Die Dateien sind von Deliah Losada erstellt. Alle Rechte an den Motiven und Dateien verbleiben bei den Herstellern.<\/p>","protected":false},"excerpt":{"rendered":"<p>DIY Druckvorlage &#8222;S\u00fc\u00dfe Schultasche&#8220; Banderole f\u00fcr Ritter Sport f\u00fcr Geschenke zur Einschulung<\/p>","protected":false},"featured_media":15205,"template":"","meta":{"wprm-recipe-roundup-name":"","wprm-recipe-roundup-description":""},"product_brand":[],"product_cat":[679,841],"product_tag":[726],"class_list":{"0":"post-14800","1":"product","2":"type-product","3":"status-publish","4":"has-post-thumbnail","6":"product_cat-downloads-schule-kindergarten","7":"product_cat-druckvorlagen-ritter-sport","8":"product_tag-einschulung","10":"first","11":"instock","12":"downloadable","13":"virtual","14":"purchasable","15":"product-type-simple"},"_links":{"self":[{"href":"https:\/\/backenmitminis.de\/en\/wp-json\/wp\/v2\/product\/14800","targetHints":{"allow":["GET"]}}],"collection":[{"href":"https:\/\/backenmitminis.de\/en\/wp-json\/wp\/v2\/product"}],"about":[{"href":"https:\/\/backenmitminis.de\/en\/wp-json\/wp\/v2\/types\/product"}],"wp:featuredmedia":[{"embeddable":true,"href":"https:\/\/backenmitminis.de\/en\/wp-json\/wp\/v2\/media\/15205"}],"wp:attachment":[{"href":"https:\/\/backenmitminis.de\/en\/wp-json\/wp\/v2\/media?parent=14800"}],"wp:term":[{"taxonomy":"product_brand","embeddable":true,"href":"https:\/\/backenmitminis.de\/en\/wp-json\/wp\/v2\/product_brand?post=14800"},{"taxonomy":"product_cat","embeddable":true,"href":"https:\/\/backenmitminis.de\/en\/wp-json\/wp\/v2\/product_cat?post=14800"},{"taxonomy":"product_tag","embeddable":true,"href":"https:\/\/backenmitminis.de\/en\/wp-json\/wp\/v2\/product_tag?post=14800"}],"curies":[{"name":"wp","href":"https:\/\/api.w.org\/{rel}","templated":true}]}}