{"id":15023,"date":"2025-06-26T21:45:59","date_gmt":"2025-06-26T19:45:59","guid":{"rendered":"https:\/\/backenmitminis.de\/?post_type=product&#038;p=15023"},"modified":"2025-09-22T21:16:27","modified_gmt":"2025-09-22T19:16:27","slug":"druckvorlage-thank-you-school-toffifee","status":"publish","type":"product","link":"https:\/\/backenmitminis.de\/en\/product\/druckvorlage-thank-you-school-toffifee\/","title":{"rendered":"DIY Druckvorlage &#8222;Thank you &#8211; school year&#8220; Danke-Banderole f\u00fcr Toffifee Box (125g) ENG"},"content":{"rendered":"<h2><strong>&#8222;Thank you for school year&#8220; &#8211; englische Danke-Banderole f\u00fcr Toffifee-Box zum Schuljahresende| Dankesch\u00f6n-Schokolade f\u00fcr Lehrkr\u00e4fte &amp; Unterst\u00fctzer w\u00e4hrend des Schuljahres<\/strong><strong>| <\/strong><strong>Kinderbesch\u00e4ftigung | DIY-Vorlage f\u00fcr S\u00fc\u00dfigkeiten <\/strong><strong>|<\/strong><strong>DIY-Vorlage f\u00fcr Schokoladenverpackung<\/strong><\/h2>\n<p>Dieser Download enth\u00e4lt:<\/p>\n<ul>\n<li>Guide inkl. Vorlagen und Anleitung im PDF-Format<\/li>\n<li>1 Banderole f\u00fcr ein s\u00fc\u00dfes Dankesch\u00f6n<\/li>\n<\/ul>\n<p><strong>Der Erwerb beinhaltet ausschlie\u00dflich die Datei f\u00fcr handels\u00fcbliche Drucker (Dateiformate siehe oben). Es ist keine fertige Ware enthalten.<\/strong><\/p>\n<p>Lizenz: Die Nutzung der Datei ist nur zur privaten Verwendung, es ist keine kommerzielle Nutzung oder Weitergabe an Dritte erlaubt. Weitere Informationen dazu siehe bitte Nutzungsbedingungen\/Lizenzrechte.<\/p>\n<p>Die Dateien sind von Deliah Losada erstellt. Alle Rechte an den Motiven und Dateien verbleiben bei den Herstellern.<\/p>","protected":false},"excerpt":{"rendered":"<p>DIY Druckvorlage &#8222;Thank you for school year&#8220; Danke-Banderole f\u00fcr Toffifee Boxen (125g) als Dankesch\u00f6n f\u00fcr Lehrkr\u00e4fte &amp; andere Schulbegleiter.<\/p>","protected":false},"featured_media":15028,"template":"","meta":{"wprm-recipe-roundup-name":"","wprm-recipe-roundup-description":""},"product_brand":[],"product_cat":[679,844,843],"product_tag":[678],"class_list":{"0":"post-15023","1":"product","2":"type-product","3":"status-publish","4":"has-post-thumbnail","6":"product_cat-downloads-schule-kindergarten","7":"product_cat-druckvorlagen-tafelschokolade","8":"product_cat-druckvorlagen-toffifee","9":"product_tag-dankeschoen","11":"first","12":"instock","13":"downloadable","14":"virtual","15":"purchasable","16":"product-type-simple"},"_links":{"self":[{"href":"https:\/\/backenmitminis.de\/en\/wp-json\/wp\/v2\/product\/15023","targetHints":{"allow":["GET"]}}],"collection":[{"href":"https:\/\/backenmitminis.de\/en\/wp-json\/wp\/v2\/product"}],"about":[{"href":"https:\/\/backenmitminis.de\/en\/wp-json\/wp\/v2\/types\/product"}],"wp:featuredmedia":[{"embeddable":true,"href":"https:\/\/backenmitminis.de\/en\/wp-json\/wp\/v2\/media\/15028"}],"wp:attachment":[{"href":"https:\/\/backenmitminis.de\/en\/wp-json\/wp\/v2\/media?parent=15023"}],"wp:term":[{"taxonomy":"product_brand","embeddable":true,"href":"https:\/\/backenmitminis.de\/en\/wp-json\/wp\/v2\/product_brand?post=15023"},{"taxonomy":"product_cat","embeddable":true,"href":"https:\/\/backenmitminis.de\/en\/wp-json\/wp\/v2\/product_cat?post=15023"},{"taxonomy":"product_tag","embeddable":true,"href":"https:\/\/backenmitminis.de\/en\/wp-json\/wp\/v2\/product_tag?post=15023"}],"curies":[{"name":"wp","href":"https:\/\/api.w.org\/{rel}","templated":true}]}}