{"id":15469,"date":"2025-09-12T11:09:34","date_gmt":"2025-09-12T09:09:34","guid":{"rendered":"https:\/\/backenmitminis.de\/?post_type=product&#038;p=15469"},"modified":"2025-09-22T21:15:18","modified_gmt":"2025-09-22T19:15:18","slug":"diy-druckvorlage-danke-schoen-mama","status":"publish","type":"product","link":"https:\/\/backenmitminis.de\/en\/product\/diy-druckvorlage-danke-schoen-mama\/","title":{"rendered":"\u201eDanke sch\u00f6n, Mama\u201c \u2013 DIY-Banderole f\u00fcr Milka Pralinen"},"content":{"rendered":"<p data-start=\"236\" data-end=\"493\">Mach deiner Mama (oder einer lieben Mutterfigur) eine s\u00fc\u00dfe Freude! Mit unserer <strong data-start=\"315\" data-end=\"348\">\u201eDanke sch\u00f6n, Mama\u201c-Banderole<\/strong> gestaltest du im Handumdrehen ein pers\u00f6nliches Geschenk \u2013 perfekt f\u00fcr Muttertag, Geburtstag oder einfach als kleines Dankesch\u00f6n zwischendurch.<\/p>\n<hr data-start=\"495\" data-end=\"498\" \/>\n<h4 data-start=\"500\" data-end=\"526\">Produkt-Highlights<\/h4>\n<ul data-start=\"527\" data-end=\"864\">\n<li data-start=\"527\" data-end=\"684\">\n<p data-start=\"529\" data-end=\"566\"><strong data-start=\"529\" data-end=\"564\">2 liebevoll gestaltete Vorlagen<\/strong><\/p>\n<ul data-start=\"569\" data-end=\"684\">\n<li data-start=\"569\" data-end=\"614\">\n<p data-start=\"571\" data-end=\"614\">1 <strong data-start=\"573\" data-end=\"592\">bunte Banderole<\/strong> \u2013 sofort einsetzbar<\/p>\n<\/li>\n<li data-start=\"617\" data-end=\"684\">\n<p data-start=\"619\" data-end=\"684\">1 <strong data-start=\"621\" data-end=\"641\">Ausmal-Banderole<\/strong> \u2013 ideal f\u00fcr Kinder, um kreativ zu werden<\/p>\n<\/li>\n<\/ul>\n<\/li>\n<li data-start=\"685\" data-end=\"754\">\n<p data-start=\"687\" data-end=\"754\"><strong data-start=\"687\" data-end=\"703\">PDF-Download<\/strong>: Sofort verf\u00fcgbar, einfach ausdrucken &amp; loslegen<\/p>\n<\/li>\n<li data-start=\"755\" data-end=\"816\">\n<p data-start=\"757\" data-end=\"816\">Passend f\u00fcr Milka-Pralinen<\/p>\n<\/li>\n<li data-start=\"817\" data-end=\"864\">\n<p data-start=\"819\" data-end=\"864\">Pers\u00f6nliches Geschenk, das von Herzen kommt<\/p>\n<\/li>\n<\/ul>\n<h4 data-start=\"871\" data-end=\"899\">Kreativ &amp; pers\u00f6nlich<\/h4>\n<p data-start=\"900\" data-end=\"1104\">Mit der Ausmal-Banderole k\u00f6nnen Kinder ihre ganz eigene Gestaltungsidee umsetzen. So wird aus einer einfachen S\u00fc\u00dfigkeit ein unverwechselbares Geschenk, das Mama garantiert ein L\u00e4cheln ins Gesicht zaubert.<\/p>\n<h4 data-start=\"1111\" data-end=\"1142\">Ideal f\u00fcr viele Anl\u00e4sse<\/h4>\n<ul data-start=\"1143\" data-end=\"1246\">\n<li data-start=\"1143\" data-end=\"1156\">\n<p data-start=\"1145\" data-end=\"1156\">Mother's Day<\/p>\n<\/li>\n<li data-start=\"1157\" data-end=\"1171\">\n<p data-start=\"1159\" data-end=\"1171\">Geburtstag<\/p>\n<\/li>\n<li data-start=\"1172\" data-end=\"1208\">\n<p data-start=\"1174\" data-end=\"1208\">Kleines Dankesch\u00f6n zwischendurch<\/p>\n<\/li>\n<li data-start=\"1209\" data-end=\"1246\">\n<p data-start=\"1211\" data-end=\"1246\">Kreative Besch\u00e4ftigung f\u00fcr Kinder<\/p>\n<\/li>\n<\/ul>\n<h4 data-start=\"1253\" data-end=\"1273\">Lieferumfang<\/h4>\n<ul data-start=\"1274\" data-end=\"1459\">\n<li data-start=\"1274\" data-end=\"1369\">\n<p data-start=\"1276\" data-end=\"1292\">PDF-Datei mit:<\/p>\n<ul data-start=\"1295\" data-end=\"1369\">\n<li data-start=\"1295\" data-end=\"1328\">\n<p data-start=\"1297\" data-end=\"1328\">Schritt-f\u00fcr-Schritt-Anleitung<\/p>\n<\/li>\n<li data-start=\"1331\" data-end=\"1369\">\n<p data-start=\"1333\" data-end=\"1369\">2 Banderolen (bunt &amp; zum Ausmalen)<\/p>\n<\/li>\n<\/ul>\n<\/li>\n<li data-start=\"1370\" data-end=\"1459\">\n<p data-start=\"1372\" data-end=\"1459\">Kein physisches Produkt \u2013 <strong data-start=\"1398\" data-end=\"1435\">du erh\u00e4ltst eine digitale Vorlage<\/strong> zum Selbstausdrucken.<\/p>\n<\/li>\n<\/ul>\n<blockquote data-start=\"1461\" data-end=\"1562\">\n<p data-start=\"1463\" data-end=\"1562\">\n<\/blockquote>\n<p data-start=\"1569\" data-end=\"1710\">\ud83d\udc8c <strong data-start=\"1572\" data-end=\"1607\">Hol dir jetzt deine DIY-Vorlage<\/strong> und zaubere mit wenig Aufwand ein herzliches, selbst gestaltetes Geschenk f\u00fcr deine Lieblingsmenschen!<\/p>\n<p>&nbsp;<\/p>\n<p>&nbsp;<\/p>\n<p><strong>Hinweis: Der Erwerb beinhaltet ausschlie\u00dflich die Datei f\u00fcr handels\u00fcbliche Drucker (Dateiformate siehe oben). Es ist keine fertige Ware enthalten.<\/strong><\/p>\n<p>Lizenz: Die Nutzung der Datei ist nur zur privaten Verwendung, es ist keine kommerzielle Nutzung oder Weitergabe an Dritte erlaubt. Weitere Informationen dazu siehe bitte Nutzungsbedingungen\/Lizenzrechte.<\/p>\n<p>Die Dateien sind von Deliah Losada erstellt. Alle Rechte an den Motiven und Dateien verbleiben bei den Herstellern.<\/p>","protected":false},"excerpt":{"rendered":"<p>DIY Druckvorlage &#8222;Danke Sch\u00f6n Mama&#8220; Banderole f\u00fcr Milka Pralinen als Dankesch\u00f6n zum Geburtstag, Muttertag oder einfach &#8218;mal so<\/p>","protected":false},"featured_media":15634,"template":"","meta":{"wprm-recipe-roundup-name":"","wprm-recipe-roundup-description":""},"product_brand":[],"product_cat":[657,842,834],"product_tag":[728,727],"class_list":{"0":"post-15469","1":"product","2":"type-product","3":"status-publish","4":"has-post-thumbnail","6":"product_cat-download-geburtstag","7":"product_cat-druckvorlagen-milka","8":"product_cat-downloads-muttertag","9":"product_tag-geburtstag","10":"product_tag-muttertag-geburt","12":"first","13":"instock","14":"downloadable","15":"virtual","16":"purchasable","17":"product-type-simple"},"_links":{"self":[{"href":"https:\/\/backenmitminis.de\/en\/wp-json\/wp\/v2\/product\/15469","targetHints":{"allow":["GET"]}}],"collection":[{"href":"https:\/\/backenmitminis.de\/en\/wp-json\/wp\/v2\/product"}],"about":[{"href":"https:\/\/backenmitminis.de\/en\/wp-json\/wp\/v2\/types\/product"}],"wp:featuredmedia":[{"embeddable":true,"href":"https:\/\/backenmitminis.de\/en\/wp-json\/wp\/v2\/media\/15634"}],"wp:attachment":[{"href":"https:\/\/backenmitminis.de\/en\/wp-json\/wp\/v2\/media?parent=15469"}],"wp:term":[{"taxonomy":"product_brand","embeddable":true,"href":"https:\/\/backenmitminis.de\/en\/wp-json\/wp\/v2\/product_brand?post=15469"},{"taxonomy":"product_cat","embeddable":true,"href":"https:\/\/backenmitminis.de\/en\/wp-json\/wp\/v2\/product_cat?post=15469"},{"taxonomy":"product_tag","embeddable":true,"href":"https:\/\/backenmitminis.de\/en\/wp-json\/wp\/v2\/product_tag?post=15469"}],"curies":[{"name":"wp","href":"https:\/\/api.w.org\/{rel}","templated":true}]}}