{"id":15482,"date":"2025-09-12T12:56:58","date_gmt":"2025-09-12T10:56:58","guid":{"rendered":"https:\/\/backenmitminis.de\/?post_type=product&#038;p=15482"},"modified":"2025-09-22T21:13:05","modified_gmt":"2025-09-22T19:13:05","slug":"diy-druckvorlage-taufe-blau","status":"publish","type":"product","link":"https:\/\/backenmitminis.de\/en\/product\/diy-druckvorlage-taufe-blau\/","title":{"rendered":"Liebevolle Tisch- &#038; Gastgeschenke zur Taufe (blau) &#8211; DIY-Banderolen f\u00fcr Ritter Sport Minis"},"content":{"rendered":"<article class=\"text-token-text-primary w-full focus:outline-none scroll-mt-[calc(var(--header-height)+min(200px,max(70px,20svh)))]\" dir=\"auto\" tabindex=\"-1\" data-turn-id=\"request-WEB:55ef93f5-3fac-47d3-9542-3dc617d0025f-11\" data-testid=\"conversation-turn-16\" data-scroll-anchor=\"true\" data-turn=\"assistant\">\n<div class=\"text-base my-auto mx-auto pb-10 [--thread-content-margin:--spacing(4)] thread-sm:[--thread-content-margin:--spacing(6)] thread-lg:[--thread-content-margin:--spacing(16)] px-(--thread-content-margin)\">\n<div class=\"[--thread-content-max-width:40rem] thread-sm:[--thread-content-max-width:40rem] thread-lg:[--thread-content-max-width:48rem] mx-auto max-w-(--thread-content-max-width) flex-1 group\/turn-messages focus-visible:outline-hidden relative flex w-full min-w-0 flex-col agent-turn\" tabindex=\"-1\">\n<div class=\"flex max-w-full flex-col grow\">\n<div class=\"min-h-8 text-message relative flex w-full flex-col items-end gap-2 text-start break-words whitespace-normal [.text-message+&amp;]:mt-5\" dir=\"auto\" data-message-author-role=\"assistant\" data-message-id=\"310a679b-de3e-4592-b94e-7bbab6b38858\" data-message-model-slug=\"gpt-5\">\n<div class=\"flex w-full flex-col gap-1 empty:hidden first:pt-[3px]\">\n<div class=\"markdown prose dark:prose-invert w-full break-words light markdown-new-styling\">\n<p data-start=\"292\" data-end=\"544\">Mach die Taufe deines Kindes (oder deines Patenkindes) noch besonderer!<br data-start=\"363\" data-end=\"366\" \/>Mit unseren <strong data-start=\"378\" data-end=\"419\">DIY-Banderolen f\u00fcr Ritter Sport Minis<\/strong> gestaltest du im Handumdrehen kleine, pers\u00f6nliche Mitgebsel f\u00fcr G\u00e4ste \u2013 perfekt als Tischdeko oder Dankesch\u00f6n zum Mitnehmen.<\/p>\n<h4 data-start=\"551\" data-end=\"577\">Produkt-Highlights<\/h4>\n<ul data-start=\"578\" data-end=\"873\">\n<li data-start=\"578\" data-end=\"655\">\n<p data-start=\"580\" data-end=\"655\"><strong data-start=\"580\" data-end=\"603\">Zauberhafte Designs<\/strong> passend zur Taufe \u2013 neutral oder in zarten Farben<\/p>\n<\/li>\n<li data-start=\"656\" data-end=\"725\">\n<p data-start=\"658\" data-end=\"725\">Passend f\u00fcr <strong data-start=\"670\" data-end=\"692\">Ritter Sport Minis<\/strong> und \u00e4hnliche Schokoladengr\u00f6\u00dfen<\/p>\n<\/li>\n<li data-start=\"726\" data-end=\"810\">\n<p data-start=\"728\" data-end=\"810\"><strong data-start=\"728\" data-end=\"744\">PDF-Download<\/strong>: sofort verf\u00fcgbar, einfach ausdrucken, ausschneiden &amp; umwickeln<\/p>\n<\/li>\n<li data-start=\"811\" data-end=\"873\">\n<p data-start=\"813\" data-end=\"873\">Liebevolle Idee f\u00fcr ein stilvolles, individuelles Tauffest<\/p>\n<\/li>\n<\/ul>\n<h4 data-start=\"880\" data-end=\"908\">Kreativ &amp; pers\u00f6nlich<\/h4>\n<p data-start=\"909\" data-end=\"1112\">Die h\u00fcbschen Banderolen machen aus einer kleinen Schokolade ein besonderes Erinnerungsst\u00fcck. Du kannst sie ganz einfach selbst basteln \u2013 auch eine tolle Besch\u00e4ftigung f\u00fcr Geschwisterkinder vor der Feier!<\/p>\n<h4 data-start=\"1119\" data-end=\"1136\">Ideal f\u00fcr<\/h4>\n<ul data-start=\"1137\" data-end=\"1312\">\n<li data-start=\"1137\" data-end=\"1168\">\n<p data-start=\"1139\" data-end=\"1168\">Gastgeschenke bei der Taufe<\/p>\n<\/li>\n<li data-start=\"1169\" data-end=\"1216\">\n<p data-start=\"1171\" data-end=\"1216\">Kleine Aufmerksamkeiten f\u00fcr Paten &amp; Familie<\/p>\n<\/li>\n<li data-start=\"1217\" data-end=\"1263\">\n<p data-start=\"1219\" data-end=\"1263\">Tischdeko oder Platzkarten mit s\u00fc\u00dfem Extra<\/p>\n<\/li>\n<li data-start=\"1264\" data-end=\"1312\">\n<p data-start=\"1266\" data-end=\"1312\">Dankesch\u00f6n f\u00fcr Helfer:innen und Freund:innen<\/p>\n<\/li>\n<\/ul>\n<h4 data-start=\"1319\" data-end=\"1339\">\u00a0Lieferumfang<\/h4>\n<ul data-start=\"1340\" data-end=\"1548\">\n<li data-start=\"1340\" data-end=\"1460\">\n<p data-start=\"1342\" data-end=\"1358\">PDF-Datei mit:<\/p>\n<ul data-start=\"1361\" data-end=\"1460\">\n<li data-start=\"1361\" data-end=\"1424\">\n<p data-start=\"1363\" data-end=\"1424\">8 Banderolen-Designs<\/p>\n<\/li>\n<li data-start=\"1427\" data-end=\"1460\">\n<p data-start=\"1429\" data-end=\"1460\">Schritt-f\u00fcr-Schritt-Anleitung<\/p>\n<\/li>\n<\/ul>\n<\/li>\n<li data-start=\"1461\" data-end=\"1548\">\n<p data-start=\"1463\" data-end=\"1548\">Kein physisches Produkt \u2013 du erh\u00e4ltst eine <strong data-start=\"1506\" data-end=\"1526\">digitale Vorlage<\/strong> zum Selbstausdrucken.<\/p>\n<\/li>\n<\/ul>\n<\/div>\n<p><strong data-start=\"1600\" data-end=\"1612\">Hinweis:<\/strong><\/p>\n<ul data-start=\"1329\" data-end=\"1678\">\n<li data-start=\"1475\" data-end=\"1595\">\n<p data-start=\"1477\" data-end=\"1595\"><strong data-start=\"1477\" data-end=\"1487\">Lizenz<\/strong>: Nur private Nutzung erlaubt. Keine kommerzielle Verwendung oder Weitergabe ohne ausdr\u00fcckliche Erlaubnis.<\/p>\n<\/li>\n<li data-start=\"1596\" data-end=\"1678\">\n<p data-start=\"1598\" data-end=\"1678\"><strong data-start=\"1598\" data-end=\"1608\">Rechte<\/strong>: Designs von Deliah Losada; alle Rechte verbleiben bei der Urheberin.<\/p>\n<\/li>\n<\/ul>\n<p>&nbsp;<\/p>\n<div class=\"markdown prose dark:prose-invert w-full break-words light markdown-new-styling\">\n<p data-start=\"1658\" data-end=\"1767\" data-is-last-node=\"\" data-is-only-node=\"\">\u2728 <strong data-start=\"1660\" data-end=\"1683\">Jetzt herunterladen<\/strong> und die Taufe mit liebevoll gestalteten Schokoladengeschenken unvergesslich machen!<\/p>\n<\/div>\n<\/div>\n<\/div>\n<\/div>\n<\/div>\n<\/div>\n<\/article>\n","protected":false},"excerpt":{"rendered":"<p>&#8222;Taufe (blau)&#8220; DIY-Banderolen f\u00fcr Ritter Sport Minis \u2013 Liebevolle Tisch- &amp; Gastgeschenke zur Taufe<\/p>","protected":false},"featured_media":15581,"template":"","meta":{"wprm-recipe-roundup-name":"","wprm-recipe-roundup-description":""},"product_brand":[],"product_cat":[838,841],"product_tag":[839],"class_list":{"0":"post-15482","1":"product","2":"type-product","3":"status-publish","4":"has-post-thumbnail","6":"product_cat-downloads-taufe-kommunion-hochzeit","7":"product_cat-druckvorlagen-ritter-sport","8":"product_tag-taufe-kommunion-hochzeit","10":"first","11":"instock","12":"downloadable","13":"virtual","14":"purchasable","15":"product-type-simple"},"_links":{"self":[{"href":"https:\/\/backenmitminis.de\/en\/wp-json\/wp\/v2\/product\/15482","targetHints":{"allow":["GET"]}}],"collection":[{"href":"https:\/\/backenmitminis.de\/en\/wp-json\/wp\/v2\/product"}],"about":[{"href":"https:\/\/backenmitminis.de\/en\/wp-json\/wp\/v2\/types\/product"}],"wp:featuredmedia":[{"embeddable":true,"href":"https:\/\/backenmitminis.de\/en\/wp-json\/wp\/v2\/media\/15581"}],"wp:attachment":[{"href":"https:\/\/backenmitminis.de\/en\/wp-json\/wp\/v2\/media?parent=15482"}],"wp:term":[{"taxonomy":"product_brand","embeddable":true,"href":"https:\/\/backenmitminis.de\/en\/wp-json\/wp\/v2\/product_brand?post=15482"},{"taxonomy":"product_cat","embeddable":true,"href":"https:\/\/backenmitminis.de\/en\/wp-json\/wp\/v2\/product_cat?post=15482"},{"taxonomy":"product_tag","embeddable":true,"href":"https:\/\/backenmitminis.de\/en\/wp-json\/wp\/v2\/product_tag?post=15482"}],"curies":[{"name":"wp","href":"https:\/\/api.w.org\/{rel}","templated":true}]}}