{"id":15486,"date":"2025-09-12T13:09:35","date_gmt":"2025-09-12T11:09:35","guid":{"rendered":"https:\/\/backenmitminis.de\/?post_type=product&#038;p=15486"},"modified":"2025-09-22T21:12:36","modified_gmt":"2025-09-22T19:12:36","slug":"diy-druckvorlage-kommunion-rosa","status":"publish","type":"product","link":"https:\/\/backenmitminis.de\/en\/product\/diy-druckvorlage-kommunion-rosa\/","title":{"rendered":"Liebevolle Gastgeschenke zur Kommunion (rosa) &#8211; DIY-Banderolen f\u00fcr Ritter Sport Minis"},"content":{"rendered":"<article class=\"text-token-text-primary w-full focus:outline-none scroll-mt-[calc(var(--header-height)+min(200px,max(70px,20svh)))]\" dir=\"auto\" tabindex=\"-1\" data-turn-id=\"request-WEB:55ef93f5-3fac-47d3-9542-3dc617d0025f-11\" data-testid=\"conversation-turn-16\" data-scroll-anchor=\"true\" data-turn=\"assistant\">\n<div class=\"text-base my-auto mx-auto pb-10 [--thread-content-margin:--spacing(4)] thread-sm:[--thread-content-margin:--spacing(6)] thread-lg:[--thread-content-margin:--spacing(16)] px-(--thread-content-margin)\">\n<div class=\"[--thread-content-max-width:40rem] thread-sm:[--thread-content-max-width:40rem] thread-lg:[--thread-content-max-width:48rem] mx-auto max-w-(--thread-content-max-width) flex-1 group\/turn-messages focus-visible:outline-hidden relative flex w-full min-w-0 flex-col agent-turn\" tabindex=\"-1\">\n<div class=\"flex max-w-full flex-col grow\">\n<div class=\"min-h-8 text-message relative flex w-full flex-col items-end gap-2 text-start break-words whitespace-normal [.text-message+&amp;]:mt-5\" dir=\"auto\" data-message-author-role=\"assistant\" data-message-id=\"310a679b-de3e-4592-b94e-7bbab6b38858\" data-message-model-slug=\"gpt-5\">\n<div class=\"flex w-full flex-col gap-1 empty:hidden first:pt-[3px]\">\n<div class=\"markdown prose dark:prose-invert w-full break-words light markdown-new-styling\">\n<p data-start=\"309\" data-end=\"541\">Gestalte die Kommunion deines Kindes unvergesslich!<br data-start=\"360\" data-end=\"363\" \/>Mit unseren <strong data-start=\"375\" data-end=\"416\">DIY-Banderolen f\u00fcr Ritter Sport Minis<\/strong> verwandelst du kleine Schokol\u00e4dchen in herzliche Mitgebsel oder Tischdeko \u2013 perfekt, um G\u00e4sten eine s\u00fc\u00dfe Freude zu bereiten.<\/p>\n<h4 data-start=\"548\" data-end=\"574\">Produkt-Highlights<\/h4>\n<ul data-start=\"575\" data-end=\"887\">\n<li data-start=\"575\" data-end=\"655\">\n<p data-start=\"577\" data-end=\"655\"><strong data-start=\"577\" data-end=\"598\">Stilvolle Designs<\/strong> passend zur Kommunion \u2013 dezent, festlich &amp; kindgerecht<\/p>\n<\/li>\n<li data-start=\"656\" data-end=\"730\">\n<p data-start=\"658\" data-end=\"730\">Passend f\u00fcr <strong data-start=\"670\" data-end=\"692\">Ritter Sport Minis<\/strong> und andere kleine Schokoladentafeln<\/p>\n<\/li>\n<li data-start=\"731\" data-end=\"819\">\n<p data-start=\"733\" data-end=\"819\"><strong data-start=\"733\" data-end=\"753\">PDF-Druckvorlage<\/strong>: Sofort verf\u00fcgbar, einfach ausdrucken, ausschneiden &amp; umwickeln<\/p>\n<\/li>\n<li data-start=\"820\" data-end=\"887\">\n<p data-start=\"822\" data-end=\"887\">Kleine, kreative Aufmerksamkeiten, die die Feier besonders machen<\/p>\n<\/li>\n<\/ul>\n<h4 data-start=\"894\" data-end=\"922\">Kreativ &amp; pers\u00f6nlich<\/h4>\n<p data-start=\"923\" data-end=\"1102\">Die Banderolen geben jedem Schokol\u00e4dchen eine liebevolle Botschaft. So entstehen im Handumdrehen individuelle Geschenke, die G\u00e4sten, Paten und Familie lange in Erinnerung bleiben.<\/p>\n<h4 data-start=\"1109\" data-end=\"1128\">Perfekt f\u00fcr<\/h4>\n<ul data-start=\"1129\" data-end=\"1299\">\n<li data-start=\"1129\" data-end=\"1164\">\n<p data-start=\"1131\" data-end=\"1164\">Gastgeschenke bei der Kommunion<\/p>\n<\/li>\n<li data-start=\"1165\" data-end=\"1208\">\n<p data-start=\"1167\" data-end=\"1208\">Tischdeko &amp; Platzkarten mit s\u00fc\u00dfem Extra<\/p>\n<\/li>\n<li data-start=\"1209\" data-end=\"1248\">\n<p data-start=\"1211\" data-end=\"1248\">Dankesch\u00f6n f\u00fcr Helfer:innen &amp; Paten<\/p>\n<\/li>\n<li data-start=\"1249\" data-end=\"1299\">\n<p data-start=\"1251\" data-end=\"1299\">Kleine \u00dcberraschung f\u00fcr Kinder oder Freund:innen<\/p>\n<\/li>\n<\/ul>\n<h4 data-start=\"1306\" data-end=\"1326\">Lieferumfang<\/h4>\n<ul data-start=\"1327\" data-end=\"1561\">\n<li data-start=\"1327\" data-end=\"1473\">\n<p data-start=\"1329\" data-end=\"1345\">PDF-Datei mit:<\/p>\n<ul data-start=\"1348\" data-end=\"1473\">\n<li data-start=\"1348\" data-end=\"1412\">\n<p data-start=\"1350\" data-end=\"1412\">8 festlichen Banderolen-Designs passend zur Kommunion<\/p>\n<\/li>\n<li data-start=\"1415\" data-end=\"1473\">\n<p data-start=\"1417\" data-end=\"1473\">Schritt-f\u00fcr-Schritt-Anleitung zum Ausdrucken &amp; Basteln<\/p>\n<\/li>\n<\/ul>\n<\/li>\n<li data-start=\"1474\" data-end=\"1561\">\n<p data-start=\"1476\" data-end=\"1561\">Kein physisches Produkt \u2013 du erh\u00e4ltst eine <strong data-start=\"1519\" data-end=\"1539\">digitale Vorlage<\/strong> zum Selbstausdrucken.<\/p>\n<\/li>\n<\/ul>\n<p data-start=\"1671\" data-end=\"1810\" data-is-last-node=\"\" data-is-only-node=\"\"><strong data-start=\"1600\" data-end=\"1612\">Hinweis:<\/strong><\/p>\n<\/div>\n<ul data-start=\"1329\" data-end=\"1678\">\n<li data-start=\"1475\" data-end=\"1595\">\n<p data-start=\"1477\" data-end=\"1595\"><strong data-start=\"1477\" data-end=\"1487\">Lizenz<\/strong>: Nur private Nutzung erlaubt. Keine kommerzielle Verwendung oder Weitergabe ohne ausdr\u00fcckliche Erlaubnis.<\/p>\n<\/li>\n<li data-start=\"1596\" data-end=\"1678\">\n<p data-start=\"1598\" data-end=\"1678\"><strong data-start=\"1598\" data-end=\"1608\">Rechte<\/strong>: Designs von Deliah Losada; alle Rechte verbleiben bei der Urheberin.<\/p>\n<\/li>\n<\/ul>\n<p>&nbsp;<\/p>\n<div class=\"markdown prose dark:prose-invert w-full break-words light markdown-new-styling\">\n<p data-start=\"1658\" data-end=\"1767\" data-is-last-node=\"\" data-is-only-node=\"\">\u2728 <strong data-start=\"1673\" data-end=\"1696\">Jetzt herunterladen<\/strong> und deiner Kommunionsfeier mit selbst gestalteten Schokoladengeschenken eine besonders liebevolle Note verleihen!<\/p>\n<\/div>\n<\/div>\n<\/div>\n<\/div>\n<\/div>\n<\/div>\n<\/article>\n","protected":false},"excerpt":{"rendered":"<p>&#8222;Kommunion (rosa)&#8220; DIY-Banderolen f\u00fcr Ritter Sport Minis \u2013 Liebevolle Gastgeschenke zur Kommunion<\/p>","protected":false},"featured_media":15563,"template":"","meta":{"wprm-recipe-roundup-name":"","wprm-recipe-roundup-description":""},"product_brand":[],"product_cat":[838,841],"product_tag":[839],"class_list":{"0":"post-15486","1":"product","2":"type-product","3":"status-publish","4":"has-post-thumbnail","6":"product_cat-downloads-taufe-kommunion-hochzeit","7":"product_cat-druckvorlagen-ritter-sport","8":"product_tag-taufe-kommunion-hochzeit","10":"first","11":"instock","12":"downloadable","13":"virtual","14":"purchasable","15":"product-type-simple"},"_links":{"self":[{"href":"https:\/\/backenmitminis.de\/en\/wp-json\/wp\/v2\/product\/15486","targetHints":{"allow":["GET"]}}],"collection":[{"href":"https:\/\/backenmitminis.de\/en\/wp-json\/wp\/v2\/product"}],"about":[{"href":"https:\/\/backenmitminis.de\/en\/wp-json\/wp\/v2\/types\/product"}],"wp:featuredmedia":[{"embeddable":true,"href":"https:\/\/backenmitminis.de\/en\/wp-json\/wp\/v2\/media\/15563"}],"wp:attachment":[{"href":"https:\/\/backenmitminis.de\/en\/wp-json\/wp\/v2\/media?parent=15486"}],"wp:term":[{"taxonomy":"product_brand","embeddable":true,"href":"https:\/\/backenmitminis.de\/en\/wp-json\/wp\/v2\/product_brand?post=15486"},{"taxonomy":"product_cat","embeddable":true,"href":"https:\/\/backenmitminis.de\/en\/wp-json\/wp\/v2\/product_cat?post=15486"},{"taxonomy":"product_tag","embeddable":true,"href":"https:\/\/backenmitminis.de\/en\/wp-json\/wp\/v2\/product_tag?post=15486"}],"curies":[{"name":"wp","href":"https:\/\/api.w.org\/{rel}","templated":true}]}}