{"id":15491,"date":"2025-09-12T13:25:30","date_gmt":"2025-09-12T11:25:30","guid":{"rendered":"https:\/\/backenmitminis.de\/?post_type=product&#038;p=15491"},"modified":"2025-09-22T21:12:09","modified_gmt":"2025-09-22T19:12:09","slug":"diy-banderolen-gastgeschenke-bunt","status":"publish","type":"product","link":"https:\/\/backenmitminis.de\/en\/product\/diy-banderolen-gastgeschenke-bunt\/","title":{"rendered":"DIY-Banderolen \u201eSch\u00f6n, dass du da bist\u201c (bunt) \u2013 F\u00fcr Ritter Sport Minis"},"content":{"rendered":"<article class=\"text-token-text-primary w-full focus:outline-none scroll-mt-[calc(var(--header-height)+min(200px,max(70px,20svh)))]\" dir=\"auto\" tabindex=\"-1\" data-turn-id=\"request-WEB:55ef93f5-3fac-47d3-9542-3dc617d0025f-11\" data-testid=\"conversation-turn-16\" data-scroll-anchor=\"true\" data-turn=\"assistant\">\n<div class=\"text-base my-auto mx-auto pb-10 [--thread-content-margin:--spacing(4)] thread-sm:[--thread-content-margin:--spacing(6)] thread-lg:[--thread-content-margin:--spacing(16)] px-(--thread-content-margin)\">\n<div class=\"[--thread-content-max-width:40rem] thread-sm:[--thread-content-max-width:40rem] thread-lg:[--thread-content-max-width:48rem] mx-auto max-w-(--thread-content-max-width) flex-1 group\/turn-messages focus-visible:outline-hidden relative flex w-full min-w-0 flex-col agent-turn\" tabindex=\"-1\">\n<div class=\"flex max-w-full flex-col grow\">\n<div class=\"min-h-8 text-message relative flex w-full flex-col items-end gap-2 text-start break-words whitespace-normal [.text-message+&amp;]:mt-5\" dir=\"auto\" data-message-author-role=\"assistant\" data-message-id=\"310a679b-de3e-4592-b94e-7bbab6b38858\" data-message-model-slug=\"gpt-5\">\n<div class=\"flex w-full flex-col gap-1 empty:hidden first:pt-[3px]\">\n<div class=\"markdown prose dark:prose-invert w-full break-words light markdown-new-styling\">\n<p data-start=\"255\" data-end=\"492\">Sag deinen G\u00e4sten auf liebevolle Weise \u201eSch\u00f6n, dass du da bist\u201c!<br data-start=\"319\" data-end=\"322\" \/>Mit diesen <strong data-start=\"333\" data-end=\"374\">DIY-Banderolen f\u00fcr Ritter Sport Minis<\/strong> verwandelst du kleine Schokol\u00e4dchen in herzliche Willkommens- oder Dankesch\u00f6n-Geschenke \u2013 ideal f\u00fcr Feiern aller Art.<\/p>\n<h4 data-start=\"499\" data-end=\"525\">Produkt-Highlights<\/h4>\n<ul data-start=\"526\" data-end=\"823\">\n<li data-start=\"526\" data-end=\"593\">\n<p data-start=\"528\" data-end=\"593\"><strong data-start=\"528\" data-end=\"551\">Zauberhafte Designs<\/strong> mit dem Spruch \u201eSch\u00f6n, dass du da bist\u201c<\/p>\n<\/li>\n<li data-start=\"594\" data-end=\"670\">\n<p data-start=\"596\" data-end=\"670\">Passend f\u00fcr <strong data-start=\"608\" data-end=\"630\">Ritter Sport Minis<\/strong> und \u00e4hnliche kleine Schokoladentafeln<\/p>\n<\/li>\n<li data-start=\"671\" data-end=\"752\">\n<p data-start=\"673\" data-end=\"752\"><strong data-start=\"673\" data-end=\"693\">PDF-Druckvorlage<\/strong>: Sofort downloaden, ausdrucken, ausschneiden &amp; umwickeln<\/p>\n<\/li>\n<li data-start=\"753\" data-end=\"823\">\n<p data-start=\"755\" data-end=\"823\">Perfekt als Tischdekoration, Gastgeschenk oder kleine Aufmerksamkeit<\/p>\n<\/li>\n<\/ul>\n<h4 data-start=\"830\" data-end=\"861\">Kreativ &amp; unkompliziert<\/h4>\n<p data-start=\"862\" data-end=\"1040\">Mit wenigen Handgriffen entstehen kleine, pers\u00f6nliche Mitbringsel. Ob als Begr\u00fc\u00dfungsgeschenk oder als s\u00fc\u00dfer Gru\u00df zum Abschied \u2013 diese Banderolen machen jeden Moment noch sch\u00f6ner.<\/p>\n<h4 data-start=\"1047\" data-end=\"1064\">Ideal f\u00fcr<\/h4>\n<ul data-start=\"1065\" data-end=\"1242\">\n<li data-start=\"1065\" data-end=\"1088\">\n<p data-start=\"1067\" data-end=\"1088\">Hochzeiten &amp; Taufen<\/p>\n<\/li>\n<li data-start=\"1089\" data-end=\"1124\">\n<p data-start=\"1091\" data-end=\"1124\">Geburtstags- und Familienfeiern<\/p>\n<\/li>\n<li data-start=\"1125\" data-end=\"1151\">\n<p data-start=\"1127\" data-end=\"1151\">Babypartys &amp; Kommunion<\/p>\n<\/li>\n<li data-start=\"1152\" data-end=\"1182\">\n<p data-start=\"1154\" data-end=\"1182\">Firmen- oder Vereinsfeiern<\/p>\n<\/li>\n<li data-start=\"1183\" data-end=\"1242\">\n<p data-start=\"1185\" data-end=\"1242\">Kleine \u00dcberraschungen f\u00fcr Freund:innen oder Nachbar:innen<\/p>\n<\/li>\n<\/ul>\n<h4 data-start=\"1249\" data-end=\"1269\">Lieferumfang<\/h4>\n<ul data-start=\"1270\" data-end=\"1477\">\n<li data-start=\"1270\" data-end=\"1389\">\n<p data-start=\"1272\" data-end=\"1288\">PDF-Datei mit:<\/p>\n<ul data-start=\"1291\" data-end=\"1389\">\n<li data-start=\"1291\" data-end=\"1353\">\n<p data-start=\"1293\" data-end=\"1353\">8 verschiedene Banderolen \u201eSch\u00f6n, dass du da bist\u201c<\/p>\n<\/li>\n<li data-start=\"1356\" data-end=\"1389\">\n<p data-start=\"1358\" data-end=\"1389\">Schritt-f\u00fcr-Schritt-Anleitung<\/p>\n<\/li>\n<\/ul>\n<\/li>\n<li data-start=\"1390\" data-end=\"1477\">\n<p data-start=\"1392\" data-end=\"1477\">Kein physisches Produkt \u2013 du erh\u00e4ltst eine <strong data-start=\"1435\" data-end=\"1455\">digitale Vorlage<\/strong> zum Selbstausdrucken.<\/p>\n<\/li>\n<\/ul>\n<p data-start=\"1671\" data-end=\"1810\" data-is-last-node=\"\" data-is-only-node=\"\"><strong data-start=\"1600\" data-end=\"1612\">Hinweis:<\/strong><\/p>\n<\/div>\n<ul data-start=\"1329\" data-end=\"1678\">\n<li data-start=\"1475\" data-end=\"1595\">\n<p data-start=\"1477\" data-end=\"1595\"><strong data-start=\"1477\" data-end=\"1487\">Lizenz<\/strong>: Nur private Nutzung erlaubt. Keine kommerzielle Verwendung oder Weitergabe ohne ausdr\u00fcckliche Erlaubnis.<\/p>\n<\/li>\n<li data-start=\"1596\" data-end=\"1678\">\n<p data-start=\"1598\" data-end=\"1678\"><strong data-start=\"1598\" data-end=\"1608\">Rechte<\/strong>: Designs von Deliah Losada; alle Rechte verbleiben bei der Urheberin.<\/p>\n<\/li>\n<\/ul>\n<p>&nbsp;<\/p>\n<div class=\"markdown prose dark:prose-invert w-full break-words light markdown-new-styling\">\n<p data-start=\"1658\" data-end=\"1767\" data-is-last-node=\"\" data-is-only-node=\"\">\u2728 <strong data-start=\"1589\" data-end=\"1612\">Jetzt herunterladen<\/strong> und mit liebevoll gestalteten Ritter-Sport-Minis deinen G\u00e4sten zeigen, wie sehr du dich \u00fcber ihr Dabeisein freust!<\/p>\n<\/div>\n<\/div>\n<\/div>\n<\/div>\n<\/div>\n<\/div>\n<\/article>\n","protected":false},"excerpt":{"rendered":"<p>&#8222;Sch\u00f6n, dass du da bist (bunt)&#8220; DIY-Banderolen f\u00fcr Ritter Sport Minis \u2013 Liebevolle Gastgeschenke<\/p>","protected":false},"featured_media":15574,"template":"","meta":{"wprm-recipe-roundup-name":"","wprm-recipe-roundup-description":""},"product_brand":[],"product_cat":[838,841],"product_tag":[728,839],"class_list":{"0":"post-15491","1":"product","2":"type-product","3":"status-publish","4":"has-post-thumbnail","6":"product_cat-downloads-taufe-kommunion-hochzeit","7":"product_cat-druckvorlagen-ritter-sport","8":"product_tag-geburtstag","9":"product_tag-taufe-kommunion-hochzeit","11":"first","12":"instock","13":"downloadable","14":"virtual","15":"purchasable","16":"product-type-simple"},"_links":{"self":[{"href":"https:\/\/backenmitminis.de\/en\/wp-json\/wp\/v2\/product\/15491","targetHints":{"allow":["GET"]}}],"collection":[{"href":"https:\/\/backenmitminis.de\/en\/wp-json\/wp\/v2\/product"}],"about":[{"href":"https:\/\/backenmitminis.de\/en\/wp-json\/wp\/v2\/types\/product"}],"wp:featuredmedia":[{"embeddable":true,"href":"https:\/\/backenmitminis.de\/en\/wp-json\/wp\/v2\/media\/15574"}],"wp:attachment":[{"href":"https:\/\/backenmitminis.de\/en\/wp-json\/wp\/v2\/media?parent=15491"}],"wp:term":[{"taxonomy":"product_brand","embeddable":true,"href":"https:\/\/backenmitminis.de\/en\/wp-json\/wp\/v2\/product_brand?post=15491"},{"taxonomy":"product_cat","embeddable":true,"href":"https:\/\/backenmitminis.de\/en\/wp-json\/wp\/v2\/product_cat?post=15491"},{"taxonomy":"product_tag","embeddable":true,"href":"https:\/\/backenmitminis.de\/en\/wp-json\/wp\/v2\/product_tag?post=15491"}],"curies":[{"name":"wp","href":"https:\/\/api.w.org\/{rel}","templated":true}]}}