{"id":15509,"date":"2025-09-12T14:47:45","date_gmt":"2025-09-12T12:47:45","guid":{"rendered":"https:\/\/backenmitminis.de\/?post_type=product&#038;p=15509"},"modified":"2025-09-22T21:07:45","modified_gmt":"2025-09-22T19:07:45","slug":"flaschenanhaenger-happy-birthday","status":"publish","type":"product","link":"https:\/\/backenmitminis.de\/en\/product\/flaschenanhaenger-happy-birthday\/","title":{"rendered":"&#8222;Happy Birthday!&#8220; DIY Flaschenanh\u00e4nger f\u00fcr Geburtstagsgeschenke \u2013 Einzigartige Geburtstagsgeschenke!"},"content":{"rendered":"<p data-start=\"268\" data-end=\"538\">Mache Geburtstagsgeschenke noch pers\u00f6nlicher \u2013 mit unseren <strong data-start=\"327\" data-end=\"352\">DIY Flaschenanh\u00e4ngern<\/strong>, die sich perfekt am Flaschenhals befestigen lassen und mit <strong data-start=\"409\" data-end=\"446\">einem eigenen Foto personalisiert<\/strong> werden k\u00f6nnen. So wird jedes Geschenk zu einer liebevollen, einzigartigen Aufmerksamkeit!<\/p>\n<h3 data-start=\"540\" data-end=\"570\">Dein DIY-Paket enth\u00e4lt:<\/h3>\n<ul data-start=\"572\" data-end=\"772\">\n<li data-start=\"572\" data-end=\"660\">\n<p data-start=\"574\" data-end=\"660\">12 kleine Flaschenanh\u00e4nger in verschiedenen Designs, passend f\u00fcr <strong data-start=\"629\" data-end=\"658\">kleine (0,2 -0,5l) Flaschen<\/strong><\/p>\n<\/li>\n<li data-start=\"572\" data-end=\"660\">\n<p data-start=\"574\" data-end=\"660\">12 gro\u00dfe Flaschenanh\u00e4nger in verschiedenen Designs, passend f\u00fcr <strong data-start=\"629\" data-end=\"658\">kleine (0,75 -1,0l) Flaschen<\/strong><\/p>\n<\/li>\n<li data-start=\"661\" data-end=\"729\">\n<p data-start=\"663\" data-end=\"729\">davon 16 Flaschenanh\u00e4nger mit Platz f\u00fcr <strong data-start=\"673\" data-end=\"727\">ein individuelles Foto<\/strong><\/p>\n<\/li>\n<li data-start=\"730\" data-end=\"772\">\n<p data-start=\"732\" data-end=\"772\">Praktische Anleitung im <strong data-start=\"756\" data-end=\"770\">PDF-Format<\/strong><\/p>\n<\/li>\n<\/ul>\n<h3 data-start=\"774\" data-end=\"807\">Einfach selber gestalten:<\/h3>\n<p data-start=\"809\" data-end=\"1119\">Lade die Datei herunter, drucke die Anh\u00e4nger auf deinem <strong data-start=\"889\" data-end=\"911\">heimischen Drucker<\/strong> aus, kleibe ein Foto an die daf\u00fcr vorgesehene Stelle und schneide den Anh\u00e4nger aus. Anschlie\u00dfend lassen sie sich einfach am Flaschenhals befestigen \u2013 schon entstehen individuelle <strong data-start=\"1029\" data-end=\"1078\">DIY Flaschenanh\u00e4nger f\u00fcr Geburtstagsgeschenke<\/strong>, die deine Liebsten begeistern werden.<\/p>\n<h3 data-start=\"1121\" data-end=\"1138\">Ideal f\u00fcr:<\/h3>\n<ul data-start=\"1140\" data-end=\"1337\">\n<li data-start=\"1140\" data-end=\"1184\">\n<p data-start=\"1142\" data-end=\"1184\"><strong data-start=\"1142\" data-end=\"1182\">Personalisierte Geburtstagsgeschenke<\/strong><\/p>\n<\/li>\n<li data-start=\"1185\" data-end=\"1240\">\n<p data-start=\"1187\" data-end=\"1240\"><strong data-start=\"1187\" data-end=\"1238\">Flaschenanh\u00e4nger f\u00fcr Sekt, Wein oder Softdrinks<\/strong><\/p>\n<\/li>\n<li data-start=\"1241\" data-end=\"1293\">\n<p data-start=\"1243\" data-end=\"1293\"><strong data-start=\"1243\" data-end=\"1291\">Kreative Mitbringsel f\u00fcr Freunde und Familie<\/strong><\/p>\n<\/li>\n<li data-start=\"1294\" data-end=\"1337\">\n<p data-start=\"1296\" data-end=\"1337\"><strong data-start=\"1296\" data-end=\"1335\">DIY Partydeko mit pers\u00f6nlicher Note<\/strong><\/p>\n<\/li>\n<\/ul>\n<h3 data-start=\"1339\" data-end=\"1364\">Wichtige Hinweise:<\/h3>\n<ul data-start=\"1366\" data-end=\"1568\">\n<li data-start=\"1366\" data-end=\"1451\">\n<p data-start=\"1368\" data-end=\"1451\">Es handelt sich um eine <strong data-start=\"1392\" data-end=\"1410\">digitale Datei<\/strong> \u2013 keine physische Ware wird versendet.<\/p>\n<\/li>\n<li data-start=\"1452\" data-end=\"1509\">\n<p data-start=\"1454\" data-end=\"1509\">Nutzung ausschlie\u00dflich f\u00fcr den <strong data-start=\"1485\" data-end=\"1506\">privaten Gebrauch<\/strong>.<\/p>\n<\/li>\n<li data-start=\"1510\" data-end=\"1568\">\n<p data-start=\"1512\" data-end=\"1568\">Alle Rechte an den Designs verbleiben beim Hersteller.<\/p>\n<\/li>\n<\/ul>\n<p data-start=\"1570\" data-end=\"1760\">\ud83d\udc8c <strong data-start=\"1573\" data-end=\"1758\">Gestalte einzigartige Flaschenanh\u00e4nger f\u00fcr Geburtstagsgeschenke mit individuellen Fotos und \u00fcberrasche Freunde oder Familie mit einer liebevollen, einzigartigen Aufmerksamkeit!<\/strong><\/p>","protected":false},"excerpt":{"rendered":"<p>\u201eHappy Birthday\u201c-Flaschenanh\u00e4nger f\u00fcr Geburtstagsgeschenke\u2013 DIY-Druckvorlage<\/p>","protected":false},"featured_media":15600,"template":"","meta":{"wprm-recipe-roundup-name":"","wprm-recipe-roundup-description":""},"product_brand":[],"product_cat":[657],"product_tag":[728],"class_list":{"0":"post-15509","1":"product","2":"type-product","3":"status-publish","4":"has-post-thumbnail","6":"product_cat-download-geburtstag","7":"product_tag-geburtstag","9":"first","10":"instock","11":"downloadable","12":"virtual","13":"purchasable","14":"product-type-simple"},"_links":{"self":[{"href":"https:\/\/backenmitminis.de\/en\/wp-json\/wp\/v2\/product\/15509","targetHints":{"allow":["GET"]}}],"collection":[{"href":"https:\/\/backenmitminis.de\/en\/wp-json\/wp\/v2\/product"}],"about":[{"href":"https:\/\/backenmitminis.de\/en\/wp-json\/wp\/v2\/types\/product"}],"wp:featuredmedia":[{"embeddable":true,"href":"https:\/\/backenmitminis.de\/en\/wp-json\/wp\/v2\/media\/15600"}],"wp:attachment":[{"href":"https:\/\/backenmitminis.de\/en\/wp-json\/wp\/v2\/media?parent=15509"}],"wp:term":[{"taxonomy":"product_brand","embeddable":true,"href":"https:\/\/backenmitminis.de\/en\/wp-json\/wp\/v2\/product_brand?post=15509"},{"taxonomy":"product_cat","embeddable":true,"href":"https:\/\/backenmitminis.de\/en\/wp-json\/wp\/v2\/product_cat?post=15509"},{"taxonomy":"product_tag","embeddable":true,"href":"https:\/\/backenmitminis.de\/en\/wp-json\/wp\/v2\/product_tag?post=15509"}],"curies":[{"name":"wp","href":"https:\/\/api.w.org\/{rel}","templated":true}]}}