{"id":16082,"date":"2025-11-02T21:46:53","date_gmt":"2025-11-02T20:46:53","guid":{"rendered":"https:\/\/backenmitminis.de\/?post_type=product&#038;p=16082"},"modified":"2025-11-02T22:06:35","modified_gmt":"2025-11-02T21:06:35","slug":"diy-adventskalender-mit-affirmationen","status":"publish","type":"product","link":"https:\/\/backenmitminis.de\/en\/product\/diy-adventskalender-mit-affirmationen\/","title":{"rendered":"Adventskalender \u201e24 Affirmationen f\u00fcr Kinder\u201c \u2013 DIY-Banderolen f\u00fcr Ritter Sport Minis"},"content":{"rendered":"<p data-start=\"328\" data-end=\"629\">St\u00e4rke deine Minis jeden Tag in der Adventszeit! Mit dieser <strong data-start=\"375\" data-end=\"395\">DIY-Druckvorlage<\/strong> bastelst du im Handumdrehen einen ganz besonderen Adventskalender:<br data-start=\"462\" data-end=\"465\" \/>Jeden Tag wartet auf die Kids nicht nur ein leckerer Ritter Sport Mini, sondern auch st\u00e4rkende Worte f\u00fcr den Tag. So wird das t\u00e4gliche \u00d6ffnen des Kalenders zur s\u00fc\u00dfen St\u00e4rkung!<\/p>\n<hr data-start=\"631\" data-end=\"634\" \/>\n<h4 data-start=\"636\" data-end=\"662\">Produkt-Highlights<\/h4>\n<ul data-start=\"663\" data-end=\"1019\">\n<li data-start=\"663\" data-end=\"732\">\n<p data-start=\"665\" data-end=\"732\"><strong data-start=\"665\" data-end=\"700\">24 kindgerechte Affirmationen <\/strong>&#8211; Jeden Morgen gest\u00e4rkt und genussvoll in den Tag starten!<\/p>\n<\/li>\n<li data-start=\"733\" data-end=\"804\">\n<p data-start=\"735\" data-end=\"804\"><strong data-start=\"735\" data-end=\"781\">Passende Banderolen f\u00fcr Ritter Sport Minis, After Eights und Teep\u00e4ckchen<\/strong>\u00a0im festlichen Design<\/p>\n<\/li>\n<li data-start=\"805\" data-end=\"875\">\n<p data-start=\"807\" data-end=\"875\"><strong data-start=\"807\" data-end=\"823\">PDF-Download<\/strong> \u2013 sofort verf\u00fcgbar, einfach ausdrucken &amp; loslegen<\/p>\n<\/li>\n<li data-start=\"876\" data-end=\"934\">\n<p data-start=\"878\" data-end=\"934\">F\u00f6rdert Lesefreude &amp; Selbstbewusstsein, macht Naschen noch sch\u00f6ner<\/p>\n<\/li>\n<li data-start=\"935\" data-end=\"1019\">\n<p data-start=\"937\" data-end=\"1019\">Perfekt f\u00fcr DIY-Adventskalender und kleine \u00dcberraschungen in der Vorweihnachtszeit<\/p>\n<\/li>\n<\/ul>\n<hr data-start=\"1021\" data-end=\"1024\" \/>\n<h4 data-start=\"1026\" data-end=\"1057\">Kreativ &amp; unkompliziert<\/h4>\n<p data-start=\"1058\" data-end=\"1254\">Die Banderolen sind liebevoll gestaltet und lassen sich schnell um die Schokol\u00e4dchen wickeln. Eine tolle Bastelidee f\u00fcr Familien, die gemeinsam etwas Pers\u00f6nliches f\u00fcr den Advent gestalten m\u00f6chten.<\/p>\n<hr data-start=\"1256\" data-end=\"1259\" \/>\n<h4 data-start=\"1261\" data-end=\"1278\">Ideal f\u00fcr<\/h4>\n<ul data-start=\"1279\" data-end=\"1439\">\n<li data-start=\"1279\" data-end=\"1309\">\n<p data-start=\"1281\" data-end=\"1309\">Adventskalender f\u00fcr Kinder<\/p>\n<\/li>\n<li data-start=\"1310\" data-end=\"1345\">\n<p data-start=\"1312\" data-end=\"1345\">Wichtelgeschenke<\/p>\n<\/li>\n<li data-start=\"1389\" data-end=\"1439\">\n<p data-start=\"1391\" data-end=\"1439\">Kleine Mitbringsel f\u00fcr Schule, Kita oder Freunde<\/p>\n<\/li>\n<\/ul>\n<hr data-start=\"1441\" data-end=\"1444\" \/>\n<h4 data-start=\"1446\" data-end=\"1466\">Lieferumfang<\/h4>\n<ul data-start=\"1467\" data-end=\"1678\">\n<li data-start=\"1467\" data-end=\"1596\">\n<p data-start=\"1469\" data-end=\"1485\">PDF-Datei mit:<\/p>\n<ul data-start=\"1488\" data-end=\"1596\">\n<li data-start=\"1488\" data-end=\"1548\">\n<p data-start=\"1490\" data-end=\"1548\">24 nummerierten Banderolen mit st\u00e4rkenden Affirmationen<\/p>\n<\/li>\n<li data-start=\"1551\" data-end=\"1596\">\n<p data-start=\"1553\" data-end=\"1596\">Schritt-f\u00fcr-Schritt-Anleitung zum Basteln<\/p>\n<\/li>\n<\/ul>\n<\/li>\n<li data-start=\"1597\" data-end=\"1678\">\n<p data-start=\"1599\" data-end=\"1678\">Kein physisches Produkt \u2013 du erh\u00e4ltst eine <strong data-start=\"1642\" data-end=\"1662\">digitale Vorlage<\/strong> zum Ausdrucken.<\/p>\n<\/li>\n<\/ul>\n<p>&nbsp;<\/p>\n<p>\u2728 <strong data-start=\"1790\" data-end=\"1813\">Jetzt herunterladen<\/strong> und einen Adventskalender voller Mut &amp; Schokolade zaubern \u2013 f\u00fcr eine unvergessliche Weihnachtszeit!<\/p>\n<p>&nbsp;<\/p>\n<p><strong>Bist du noch auf der Suche nach schokoladige Weihnachtsgeschenke f\u00fcr Gro\u00dfeltern, Familie, Freunde, Lehrer:Innen? <\/strong><\/p>\n<p><a href=\"https:\/\/backenmitminis.de\/en\/product-category\/downloads-weihnachten\/\" target=\"_blank\" rel=\"noopener\">Dann lass&#8216; dich hier von unseren liebevoll gestalteten Banderolen &amp; Cover f\u00fcr leckere Weihnachtsgeschenke inspirieren!<\/a><\/p>\n<blockquote data-start=\"1680\" data-end=\"1781\"><p>&nbsp;<\/p>\n<p><strong>Hinweis: Der Erwerb beinhaltet ausschlie\u00dflich die Datei f\u00fcr handels\u00fcbliche Drucker (Dateiformate siehe oben). Es ist keine fertige Ware enthalten.<\/strong><\/p>\n<p>Lizenz: Die Nutzung der Datei ist nur zur privaten Verwendung, es ist keine kommerzielle Nutzung oder Weitergabe an Dritte erlaubt. Weitere Informationen dazu siehe bitte Nutzungsbedingungen\/Lizenzrechte.<\/p>\n<p>Die Dateien sind von Deliah Losada erstellt. Alle Rechte an den Motiven und Dateien verbleiben bei den Herstellern.<\/p><\/blockquote>\n<hr data-start=\"1783\" data-end=\"1786\" \/>\n<p data-start=\"1788\" data-end=\"1927\">","protected":false},"excerpt":{"rendered":"<p>DIY Druckvorlage Adventskalender mit Affirmationen &amp; Genuss &#8211; Banderolen f\u00fcr Ritter Sport Minis<\/p>","protected":false},"featured_media":16067,"template":"","meta":{"wprm-recipe-roundup-name":"","wprm-recipe-roundup-description":""},"product_brand":[],"product_cat":[713,841],"product_tag":[724],"class_list":{"0":"post-16082","1":"product","2":"type-product","3":"status-publish","4":"has-post-thumbnail","6":"product_cat-downloads-adventskalender","7":"product_cat-druckvorlagen-ritter-sport","8":"product_tag-adventskalender","10":"first","11":"instock","12":"downloadable","13":"virtual","14":"purchasable","15":"product-type-simple"},"_links":{"self":[{"href":"https:\/\/backenmitminis.de\/en\/wp-json\/wp\/v2\/product\/16082","targetHints":{"allow":["GET"]}}],"collection":[{"href":"https:\/\/backenmitminis.de\/en\/wp-json\/wp\/v2\/product"}],"about":[{"href":"https:\/\/backenmitminis.de\/en\/wp-json\/wp\/v2\/types\/product"}],"wp:featuredmedia":[{"embeddable":true,"href":"https:\/\/backenmitminis.de\/en\/wp-json\/wp\/v2\/media\/16067"}],"wp:attachment":[{"href":"https:\/\/backenmitminis.de\/en\/wp-json\/wp\/v2\/media?parent=16082"}],"wp:term":[{"taxonomy":"product_brand","embeddable":true,"href":"https:\/\/backenmitminis.de\/en\/wp-json\/wp\/v2\/product_brand?post=16082"},{"taxonomy":"product_cat","embeddable":true,"href":"https:\/\/backenmitminis.de\/en\/wp-json\/wp\/v2\/product_cat?post=16082"},{"taxonomy":"product_tag","embeddable":true,"href":"https:\/\/backenmitminis.de\/en\/wp-json\/wp\/v2\/product_tag?post=16082"}],"curies":[{"name":"wp","href":"https:\/\/api.w.org\/{rel}","templated":true}]}}