{"id":8820,"date":"2022-10-13T09:47:27","date_gmt":"2022-10-13T07:47:27","guid":{"rendered":"https:\/\/backenmitminis.de\/?post_type=product&#038;p=8820"},"modified":"2025-09-22T21:39:59","modified_gmt":"2025-09-22T19:39:59","slug":"weihnachten-geschenkanhaenger-set","status":"publish","type":"product","link":"https:\/\/backenmitminis.de\/en\/product\/weihnachten-geschenkanhaenger-set\/","title":{"rendered":"DIY Druckvorlage Geschenkanh\u00e4nger-Set Weihnachten (Rosa)"},"content":{"rendered":"<h2><strong>Weihnachtliche Geschenkanh\u00e4nger basteln f\u00fcr s\u00fc\u00dfe Weihnachtsgeschenke | Kinderbesch\u00e4ftigung | DIY-Vorlage f\u00fcr Geschenkanh\u00e4nger,\u00a0<\/strong><strong>Adventskalenderanh\u00e4nger, Banderolen f\u00fcr Just Spices Gew\u00fcrzboxen,\u00a0<\/strong><strong>Etiketten, Muffintopper, Tischdekoration, Bastelvorlage\u00a0<\/strong><\/h2>\n<p>Dieser Download enth\u00e4lt:<\/p>\n<ul>\n<li>Guide inkl. Vorlagen und Anleitung im PDF-Format<\/li>\n<li>Vorlagen: Geschenkanh\u00e4nger in drei Gr\u00f6\u00dfen, Adventskalenderzahlen in zwei Gr\u00f6\u00dfen, 2 Banderolen f\u00fcr Just Spices Gew\u00fcrzboxen, 3 Banderolen f\u00fcr 400ml-Gl\u00e4ser, T\u00fctchen-Tops<\/li>\n<\/ul>\n<p>Hol&#8216; dir jetzt deinen weihnachtlichen Etiketten und erstelle einzigartige Weihnachtsgeschenke f\u00fcr deine Lieblingsmenschen!<\/p>\n<p>&nbsp;<\/p>\n<p>&nbsp;<\/p>\n<p><strong>Der Erwerb beinhaltet ausschlie\u00dflich die Datei f\u00fcr handels\u00fcbliche Drucker (Dateiformate siehe oben). Es ist keine fertige Ware enthalten.<\/strong><\/p>\n<p>Lizenz: Die Nutzung der Datei ist nur zur privaten Verwendung, es ist keine kommerzielle Nutzung oder Weitergabe an Dritte erlaubt. Weitere Informationen dazu siehe bitte Nutzungsbedingungen\/Lizenzrechte.<\/p>\n<p>Die Dateien sind von Deliah Losada erstellt. Alle Rechte an den Motiven und Dateien verbleiben bei den Herstellern.<\/p>","protected":false},"excerpt":{"rendered":"<p>DIY Druckvorlage Geschenkanh\u00e4nger-Set Weihnachten &#8211; Rosa<\/p>","protected":false},"featured_media":6589,"template":"","meta":{"wprm-recipe-roundup-name":"","wprm-recipe-roundup-description":""},"product_brand":[],"product_cat":[651,652],"product_tag":[320],"class_list":{"0":"post-8820","1":"product","2":"type-product","3":"status-publish","4":"has-post-thumbnail","6":"product_cat-downloads-weihnachten","7":"product_cat-downloads-etiketten-geschenkanhaenger","8":"product_tag-weihnachten","10":"first","11":"instock","12":"downloadable","13":"virtual","14":"purchasable","15":"product-type-simple"},"_links":{"self":[{"href":"https:\/\/backenmitminis.de\/en\/wp-json\/wp\/v2\/product\/8820","targetHints":{"allow":["GET"]}}],"collection":[{"href":"https:\/\/backenmitminis.de\/en\/wp-json\/wp\/v2\/product"}],"about":[{"href":"https:\/\/backenmitminis.de\/en\/wp-json\/wp\/v2\/types\/product"}],"wp:featuredmedia":[{"embeddable":true,"href":"https:\/\/backenmitminis.de\/en\/wp-json\/wp\/v2\/media\/6589"}],"wp:attachment":[{"href":"https:\/\/backenmitminis.de\/en\/wp-json\/wp\/v2\/media?parent=8820"}],"wp:term":[{"taxonomy":"product_brand","embeddable":true,"href":"https:\/\/backenmitminis.de\/en\/wp-json\/wp\/v2\/product_brand?post=8820"},{"taxonomy":"product_cat","embeddable":true,"href":"https:\/\/backenmitminis.de\/en\/wp-json\/wp\/v2\/product_cat?post=8820"},{"taxonomy":"product_tag","embeddable":true,"href":"https:\/\/backenmitminis.de\/en\/wp-json\/wp\/v2\/product_tag?post=8820"}],"curies":[{"name":"wp","href":"https:\/\/api.w.org\/{rel}","templated":true}]}}