{"id":8995,"date":"2022-10-23T21:16:53","date_gmt":"2022-10-23T19:16:53","guid":{"rendered":"https:\/\/backenmitminis.de\/?post_type=product&#038;p=8995"},"modified":"2026-04-14T19:10:18","modified_gmt":"2026-04-14T17:10:18","slug":"diy-druckvorlage-kuchenschablone-happy-mermaid","status":"publish","type":"product","link":"https:\/\/backenmitminis.de\/en\/product\/diy-druckvorlage-kuchenschablone-happy-mermaid\/","title":{"rendered":"DIY Druckvorlage Kuchenschablone &#8222;Happy Mermaid&#8220;"},"content":{"rendered":"<h2><strong>Kuchenschablone &#8222;Happy Mermaid&#8220; | Kindergeburtstag | DIY-Vorlage f\u00fcr Meerjungfrauen-Kuchen, Tischdekoration, Bastelvorlage\u00a0<\/strong><\/h2>\n<p>Dieser Download enth\u00e4lt:<\/p>\n<ul>\n<li>Vorlage im PDF-Format<\/li>\n<\/ul>\n<p>&nbsp;<\/p>\n<p class=\"isSelectedEnd\"><strong>Einen &#8222;virtuellen Kaffee&#8220; als Dankesch\u00f6n!<\/strong><\/p>\n<p class=\"isSelectedEnd\">Dieses Produkt habe ich mit Zeit, Kreativit\u00e4t und Herzblut f\u00fcr dich erstellt. Es soll dir helfen, den Kindergeburtstag noch sch\u00f6ner und einfacher zu gestalten!<\/p>\n<p class=\"isSelectedEnd\">Wenn dir meine Inhalte gefallen und du meine Arbeit wertsch\u00e4tzen m\u00f6chtest, freue ich mich sehr, wenn du mich zu einem &#8222;virtuellen Kaffee&#8220; einladen m\u00f6chtest. \u00dcber eine Kaffeespende via Paypal (backenmitminis@web.de) freue ich mich sehr!<\/p>\n<p class=\"isSelectedEnd\">Damit unterst\u00fctzt du mich dabei, weiterhin neue Ideen, Vorlagen und Inspirationen f\u00fcr dich zu entwickeln.<\/p>\n<p>Vielen Dank f\u00fcr deine Unterst\u00fctzung und ganz viel Freude der Vorlage!<\/p>\n<p>&nbsp;<\/p>\n<p><strong>Der Erwerb beinhaltet ausschlie\u00dflich die Datei f\u00fcr handels\u00fcbliche Drucker (Dateiformate siehe oben). Es ist keine fertige Ware enthalten.<\/strong><\/p>\n<p>Lizenz: Die Nutzung der Datei ist nur zur privaten Verwendung, es ist keine kommerzielle Nutzung oder Weitergabe an Dritte erlaubt. Weitere Informationen dazu siehe bitte Nutzungsbedingungen\/Lizenzrechte.<\/p>\n<p>Die Dateien sind von Deliah Losada erstellt. Alle Rechte an den Motiven und Dateien verbleiben bei den Herstellern.<\/p>","protected":false},"excerpt":{"rendered":"<p>DIY Druckvorlage Kuchenschablone &#8222;Happy Mermaid&#8220;<\/p>","protected":false},"featured_media":356,"template":"","meta":{"wprm-recipe-roundup-name":"","wprm-recipe-roundup-description":""},"product_brand":[],"product_cat":[657],"product_tag":[728],"class_list":{"0":"post-8995","1":"product","2":"type-product","3":"status-publish","4":"has-post-thumbnail","6":"product_cat-download-geburtstag","7":"product_tag-geburtstag","9":"first","10":"instock","11":"downloadable","12":"virtual","13":"purchasable","14":"product-type-simple"},"_links":{"self":[{"href":"https:\/\/backenmitminis.de\/en\/wp-json\/wp\/v2\/product\/8995","targetHints":{"allow":["GET"]}}],"collection":[{"href":"https:\/\/backenmitminis.de\/en\/wp-json\/wp\/v2\/product"}],"about":[{"href":"https:\/\/backenmitminis.de\/en\/wp-json\/wp\/v2\/types\/product"}],"wp:featuredmedia":[{"embeddable":true,"href":"https:\/\/backenmitminis.de\/en\/wp-json\/wp\/v2\/media\/356"}],"wp:attachment":[{"href":"https:\/\/backenmitminis.de\/en\/wp-json\/wp\/v2\/media?parent=8995"}],"wp:term":[{"taxonomy":"product_brand","embeddable":true,"href":"https:\/\/backenmitminis.de\/en\/wp-json\/wp\/v2\/product_brand?post=8995"},{"taxonomy":"product_cat","embeddable":true,"href":"https:\/\/backenmitminis.de\/en\/wp-json\/wp\/v2\/product_cat?post=8995"},{"taxonomy":"product_tag","embeddable":true,"href":"https:\/\/backenmitminis.de\/en\/wp-json\/wp\/v2\/product_tag?post=8995"}],"curies":[{"name":"wp","href":"https:\/\/api.w.org\/{rel}","templated":true}]}}