{"id":8996,"date":"2022-10-23T21:06:06","date_gmt":"2022-10-23T19:06:06","guid":{"rendered":"https:\/\/backenmitminis.de\/?post_type=product&#038;p=8996"},"modified":"2025-09-22T21:40:33","modified_gmt":"2025-09-22T19:40:33","slug":"diy-druckvorlage-geschenkanhaenger-set-halloween","status":"publish","type":"product","link":"https:\/\/backenmitminis.de\/en\/product\/diy-druckvorlage-geschenkanhaenger-set-halloween\/","title":{"rendered":"DIY Druckvorlage Geschenkanh\u00e4nger-Set Halloween"},"content":{"rendered":"<h2><strong>Halloween Geschenkanh\u00e4nger basteln f\u00fcr leckere Trick or Treat T\u00fctchen | Kinderbesch\u00e4ftigung | DIY-Vorlage f\u00fcr Geschenkanh\u00e4nger, Etiketten, Muffintopper, Tischdekoration,\u00a0Halloween-Dekoration, Bastelvorlage\u00a0<\/strong><\/h2>\n<p>Dieser Download enth\u00e4lt:<\/p>\n<ul>\n<li>Guide inkl. Vorlagen und Anleitung im PDF-Format<\/li>\n<\/ul>\n<p><strong>Der Erwerb beinhaltet ausschlie\u00dflich die Datei f\u00fcr handels\u00fcbliche Drucker (Dateiformate siehe oben). Es ist keine fertige Ware enthalten.<\/strong><\/p>\n<p>Lizenz: Die Nutzung der Datei ist nur zur privaten Verwendung, es ist keine kommerzielle Nutzung oder Weitergabe an Dritte erlaubt. Weitere Informationen dazu siehe bitte Nutzungsbedingungen\/Lizenzrechte.<\/p>\n<p>Die Dateien sind von Deliah Losada erstellt. Alle Rechte an den Motiven und Dateien verbleiben bei den Herstellern.<\/p>","protected":false},"excerpt":{"rendered":"<p>DIY Druckvorlage Geschenkanh\u00e4nger-Set Halloween<\/p>","protected":false},"featured_media":9048,"template":"","meta":{"wprm-recipe-roundup-name":"","wprm-recipe-roundup-description":""},"product_brand":[],"product_cat":[652,654],"product_tag":[308],"class_list":{"0":"post-8996","1":"product","2":"type-product","3":"status-publish","4":"has-post-thumbnail","6":"product_cat-downloads-etiketten-geschenkanhaenger","7":"product_cat-downloads-halloween","8":"product_tag-halloween","10":"first","11":"instock","12":"downloadable","13":"virtual","14":"purchasable","15":"product-type-simple"},"_links":{"self":[{"href":"https:\/\/backenmitminis.de\/en\/wp-json\/wp\/v2\/product\/8996","targetHints":{"allow":["GET"]}}],"collection":[{"href":"https:\/\/backenmitminis.de\/en\/wp-json\/wp\/v2\/product"}],"about":[{"href":"https:\/\/backenmitminis.de\/en\/wp-json\/wp\/v2\/types\/product"}],"wp:featuredmedia":[{"embeddable":true,"href":"https:\/\/backenmitminis.de\/en\/wp-json\/wp\/v2\/media\/9048"}],"wp:attachment":[{"href":"https:\/\/backenmitminis.de\/en\/wp-json\/wp\/v2\/media?parent=8996"}],"wp:term":[{"taxonomy":"product_brand","embeddable":true,"href":"https:\/\/backenmitminis.de\/en\/wp-json\/wp\/v2\/product_brand?post=8996"},{"taxonomy":"product_cat","embeddable":true,"href":"https:\/\/backenmitminis.de\/en\/wp-json\/wp\/v2\/product_cat?post=8996"},{"taxonomy":"product_tag","embeddable":true,"href":"https:\/\/backenmitminis.de\/en\/wp-json\/wp\/v2\/product_tag?post=8996"}],"curies":[{"name":"wp","href":"https:\/\/api.w.org\/{rel}","templated":true}]}}