{"id":9129,"date":"2022-11-12T21:35:41","date_gmt":"2022-11-12T20:35:41","guid":{"rendered":"https:\/\/backenmitminis.de\/?post_type=product&#038;p=9129"},"modified":"2025-09-22T21:38:47","modified_gmt":"2025-09-22T19:38:47","slug":"wuerzige-weihnachten-weihnachtliche-banderolen-fuer-just-spices-gewuerzboxen","status":"publish","type":"product","link":"https:\/\/backenmitminis.de\/en\/product\/wuerzige-weihnachten-weihnachtliche-banderolen-fuer-just-spices-gewuerzboxen\/","title":{"rendered":"&#8222;W\u00fcrzige Weihnachten&#8220; &#8211; Weihnachtliche Banderolen f\u00fcr Just Spices Gew\u00fcrzboxen"},"content":{"rendered":"<h2><strong>Weihnachtliche Banderolen f\u00fcr die Just Spices Gew\u00fcrzboxen | DIY-Vorlage f\u00fcr Geschenkbanderolen | Geschenke aus der K\u00fcche | Kinderbesch\u00e4ftigung | Bastelvorlage<\/strong><\/h2>\n<p>Dieser Download enth\u00e4lt:<\/p>\n<ul>\n<li>Guide inkl. Vorlagen und Anleitung im PDF-Format<\/li>\n<li>26 verschiedene Banderolen (davon 8 Banderolen zum Ausmalen)<\/li>\n<\/ul>\n<p><strong>Der Erwerb beinhaltet ausschlie\u00dflich die Datei f\u00fcr handels\u00fcbliche Drucker (Dateiformate siehe oben). Es ist keine fertige Ware enthalten.<\/strong><\/p>\n<p>Lizenz: Die Nutzung der Datei ist nur zur privaten Verwendung, es ist keine kommerzielle Nutzung oder Weitergabe an Dritte erlaubt. Weitere Informationen dazu siehe bitte Nutzungsbedingungen\/Lizenzrechte.<\/p>\n<p>Die Dateien sind von Deliah Losada erstellt. Alle Rechte an den Motiven und Dateien verbleiben bei den Herstellern.<\/p>","protected":false},"excerpt":{"rendered":"<p>DIY Druckvorlage Banderolen f\u00fcr Just Spices Gew\u00fcrzboxen &#8222;W\u00fcrzige Weihnachten&#8220;<\/p>","protected":false},"featured_media":9160,"template":"","meta":{"wprm-recipe-roundup-name":"","wprm-recipe-roundup-description":""},"product_brand":[],"product_cat":[652,651],"product_tag":[320],"class_list":{"0":"post-9129","1":"product","2":"type-product","3":"status-publish","4":"has-post-thumbnail","6":"product_cat-downloads-etiketten-geschenkanhaenger","7":"product_cat-downloads-weihnachten","8":"product_tag-weihnachten","10":"first","11":"instock","12":"downloadable","13":"virtual","14":"purchasable","15":"product-type-simple"},"_links":{"self":[{"href":"https:\/\/backenmitminis.de\/en\/wp-json\/wp\/v2\/product\/9129","targetHints":{"allow":["GET"]}}],"collection":[{"href":"https:\/\/backenmitminis.de\/en\/wp-json\/wp\/v2\/product"}],"about":[{"href":"https:\/\/backenmitminis.de\/en\/wp-json\/wp\/v2\/types\/product"}],"wp:featuredmedia":[{"embeddable":true,"href":"https:\/\/backenmitminis.de\/en\/wp-json\/wp\/v2\/media\/9160"}],"wp:attachment":[{"href":"https:\/\/backenmitminis.de\/en\/wp-json\/wp\/v2\/media?parent=9129"}],"wp:term":[{"taxonomy":"product_brand","embeddable":true,"href":"https:\/\/backenmitminis.de\/en\/wp-json\/wp\/v2\/product_brand?post=9129"},{"taxonomy":"product_cat","embeddable":true,"href":"https:\/\/backenmitminis.de\/en\/wp-json\/wp\/v2\/product_cat?post=9129"},{"taxonomy":"product_tag","embeddable":true,"href":"https:\/\/backenmitminis.de\/en\/wp-json\/wp\/v2\/product_tag?post=9129"}],"curies":[{"name":"wp","href":"https:\/\/api.w.org\/{rel}","templated":true}]}}