{"id":9480,"date":"2022-11-25T17:51:53","date_gmt":"2022-11-25T16:51:53","guid":{"rendered":"https:\/\/backenmitminis.de\/?post_type=product&#038;p=9480"},"modified":"2025-11-09T19:27:01","modified_gmt":"2025-11-09T18:27:01","slug":"wichtelbriefe","status":"publish","type":"product","link":"https:\/\/backenmitminis.de\/en\/product\/wichtelbriefe\/","title":{"rendered":"DIY Druckvorlage \u201eWichtelbriefe\u201c \u2013 36 liebevoll gestaltete Briefe &#038; leere Vorlagen f\u00fcr eure Wichtelweihnachten"},"content":{"rendered":"<h2><strong>DIY Vorlage Wichtelbriefe\u00a0<\/strong><\/h2>\n<h3 data-start=\"420\" data-end=\"470\">Magische Wichtelpost f\u00fcr eure Adventszeit<\/h3>\n<p data-start=\"472\" data-end=\"826\">Wenn dein Weihnachtswichtel bei euch einzieht, bringt er Zauber, Lachen und jede Menge Spa\u00df \u2013 und mit diesen <strong data-start=\"581\" data-end=\"603\">DIY Wichtelbriefen<\/strong> auch gleich die passende Portion Magie!<br data-start=\"643\" data-end=\"646\" \/>Ob liebe Gr\u00fc\u00dfe, kleine Aufgaben oder lustige \u00dcberraschungen \u2013 mit dieser <strong data-start=\"719\" data-end=\"751\">Druckvorlage \u201eWichtelbriefe\u201c<\/strong> kannst du jeden Tag eine neue Geschichte rund um euren Wichtel erz\u00e4hlen.<\/p>\n<hr data-start=\"828\" data-end=\"831\" \/>\n<h3 data-start=\"833\" data-end=\"857\">Was du bekommst<\/h3>\n<ul data-start=\"858\" data-end=\"1200\">\n<li data-start=\"858\" data-end=\"940\">\n<p data-start=\"860\" data-end=\"940\"><strong data-start=\"860\" data-end=\"888\">36 fertige Wichtelbriefe<\/strong> mit liebevollen Botschaften vom Weihnachtswichtel<\/p>\n<\/li>\n<li data-start=\"941\" data-end=\"1039\">\n<p data-start=\"943\" data-end=\"1039\"><strong data-start=\"943\" data-end=\"964\">36 leere Vorlagen<\/strong>, die du selbst gestalten oder von deinen Minis beschreiben lassen kannst<\/p>\n<\/li>\n<li data-start=\"1040\" data-end=\"1125\">\n<p data-start=\"1042\" data-end=\"1125\"><strong data-start=\"1042\" data-end=\"1075\">PDF-Datei zum Sofort-Download<\/strong> \u2013 einfach ausdrucken, ausschneiden und loslegen<\/p>\n<\/li>\n<li data-start=\"1126\" data-end=\"1200\">\n<p data-start=\"1128\" data-end=\"1200\"><strong data-start=\"1128\" data-end=\"1149\">Anleitung &amp; Tipps<\/strong> zur Verwendung f\u00fcr deine pers\u00f6nliche Wichtelzeit<\/p>\n<\/li>\n<\/ul>\n<hr data-start=\"1202\" data-end=\"1205\" \/>\n<h3 data-start=\"1207\" data-end=\"1241\">Warum du sie lieben wirst<\/h3>\n<p data-start=\"1242\" data-end=\"1312\">Diese Wichtelbriefe machen die Adventszeit zu etwas ganz Besonderem:<\/p>\n<ul data-start=\"1313\" data-end=\"1522\">\n<li data-start=\"1313\" data-end=\"1367\">\n<p data-start=\"1315\" data-end=\"1367\">Sie f\u00f6rdern Fantasie, Achtsamkeit und Familienzeit<\/p>\n<\/li>\n<li data-start=\"1368\" data-end=\"1457\">\n<p data-start=\"1370\" data-end=\"1457\">Du sparst dir t\u00e4gliches Improvisieren \u2013 der Wichtel \u201espricht\u201c direkt zu euren Kindern<\/p>\n<\/li>\n<li data-start=\"1458\" data-end=\"1522\">\n<p data-start=\"1460\" data-end=\"1522\">Du kannst die Briefe flexibel an euer Familienleben anpassen<\/p>\n<\/li>\n<\/ul>\n<p data-start=\"1524\" data-end=\"1673\">Ob dein Wichtel Streiche spielt, Aufgaben verteilt oder kleine \u00dcberraschungen vorbereitet \u2013 diese Briefe sind das Herzst\u00fcck eurer Wichtelweihnacht!<\/p>\n<hr data-start=\"1675\" data-end=\"1678\" \/>\n<h3 data-start=\"1680\" data-end=\"1714\">Passend dazu auf dem Blog<\/h3>\n<p data-start=\"1716\" data-end=\"1796\">Begleite deine Wichtelzeit mit vielen weiteren Ideen, Tipps und Druckvorlagen:<\/p>\n<ul data-start=\"1797\" data-end=\"2089\">\n<li data-start=\"1797\" data-end=\"1887\">\n<p data-start=\"1799\" data-end=\"1887\"><a class=\"decorated-link\" href=\"https:\/\/backenmitminis.de\/en\/2025\/11\/07\/weihnachtswichtel\/\" target=\"_blank\" rel=\"noopener\" data-start=\"1802\" data-end=\"1885\"><strong data-start=\"1803\" data-end=\"1881\">Tips &amp; Tricks for a Magical Christmas Time with Your Elf,<\/strong><\/a><\/p>\n<\/li>\n<li data-start=\"1797\" data-end=\"1887\">\n<p data-start=\"1799\" data-end=\"1887\"><a class=\"decorated-link\" href=\"https:\/\/backenmitminis.de\/en\/2025\/11\/08\/weihnachtswichtel-aufgaben\/\" target=\"_blank\" rel=\"noopener\" data-start=\"1943\" data-end=\"1985\"><strong data-start=\"1944\" data-end=\"1981\">24 Tasks from the Christmas Elf<\/strong><\/a><\/p>\n<\/li>\n<li data-start=\"1797\" data-end=\"1887\">\n<p data-start=\"1799\" data-end=\"1887\"><a class=\"decorated-link\" href=\"https:\/\/backenmitminis.de\/en\/2025\/11\/09\/weihnachtswichtel-streiche\/\" target=\"_blank\" rel=\"noopener\" data-start=\"1943\" data-end=\"1985\"><strong data-start=\"1944\" data-end=\"1981\">24 Pranks from the Christmas Elf<\/strong><\/a><\/p>\n<\/li>\n<li data-start=\"1988\" data-end=\"2040\">\n<p data-start=\"1990\" data-end=\"2040\"><a class=\"decorated-link\" href=\"https:\/\/backenmitminis.de\/en\/\" target=\"_blank\" rel=\"noopener\" data-start=\"1992\" data-end=\"2038\"><strong data-start=\"1993\" data-end=\"2034\">24 Magic Tricks from the Christmas Elf<\/strong><\/a><\/p>\n<\/li>\n<li data-start=\"2041\" data-end=\"2089\">\n<p data-start=\"2043\" data-end=\"2089\"><a class=\"decorated-link\" href=\"https:\/\/backenmitminis.de\/en\/2021\/11\/19\/backen-fuer-den-weihnachtswichtel\/\" target=\"_blank\" rel=\"noopener\" data-start=\"2046\" data-end=\"2087\"><strong data-start=\"2047\" data-end=\"2083\">Baking for the Christmas Elf.<\/strong><\/a><\/p>\n<\/li>\n<\/ul>\n<hr data-start=\"2180\" data-end=\"2183\" \/>\n<h3 data-start=\"2185\" data-end=\"2209\">Produktdetails<\/h3>\n<ul data-start=\"2210\" data-end=\"2432\">\n<li data-start=\"2210\" data-end=\"2263\">\n<p data-start=\"2212\" data-end=\"2263\">Format: <strong data-start=\"2220\" data-end=\"2227\">PDF<\/strong>, geeignet f\u00fcr <strong data-start=\"2242\" data-end=\"2261\">DIN A4<\/strong><\/p>\n<\/li>\n<li data-start=\"2264\" data-end=\"2322\">\n<p data-start=\"2266\" data-end=\"2322\"><strong data-start=\"2266\" data-end=\"2282\">Privatlizenz<\/strong>: Nutzung nur f\u00fcr den eigenen Haushalt<\/p>\n<\/li>\n<li data-start=\"2323\" data-end=\"2386\">\n<p data-start=\"2325\" data-end=\"2386\">Kein physisches Produkt \u2013 <strong data-start=\"2351\" data-end=\"2384\">sofortiger digitaler Download<\/strong><\/p>\n<\/li>\n<li data-start=\"2387\" data-end=\"2432\">\n<p data-start=\"2389\" data-end=\"2432\">Druckfreundlich und liebevoll illustriert<\/p>\n<\/li>\n<\/ul>\n<hr data-start=\"2434\" data-end=\"2437\" \/>\n<h3 data-start=\"2439\" data-end=\"2453\">Conclusion<\/h3>\n<p data-start=\"2454\" data-end=\"2720\">With the <strong data-start=\"2462\" data-end=\"2495\">Wichtelbriefen zum Ausdrucken<\/strong> schenkst du deinen Kindern magische Momente, jeden Tag ein L\u00e4cheln \u2013 und dir selbst eine stressfreie, gut organisierte Wichtelzeit.<br data-start=\"2627\" data-end=\"2630\" \/>Perfekt f\u00fcr alle Familien, die Weihnachten fantasievoll und liebevoll gestalten m\u00f6chten.<\/p>\n<p>Hol&#8216; dir jetzt deinen Download f\u00fcr die niedlichen, vorgeschriebenen Wichtelbriefe und genie\u00dfe eure Wichtelweihnachtszeit meinen Minis!<\/p>\n<p>&nbsp;<\/p>\n<p>&nbsp;<\/p>\n<p><strong>Der Erwerb beinhaltet ausschlie\u00dflich die Datei f\u00fcr handels\u00fcbliche Drucker (Dateiformate siehe oben). Es ist keine fertige Ware enthalten.<\/strong><\/p>\n<p>Lizenz: Die Nutzung der Datei ist nur zur privaten Verwendung, es ist keine kommerzielle Nutzung oder Weitergabe an Dritte erlaubt. Weitere Informationen dazu siehe bitte Nutzungsbedingungen\/Lizenzrechte.<\/p>\n<p>Die Dateien sind von Deliah Losada erstellt. Alle Rechte an den Motiven und Dateien verbleiben bei den Herstellern.<\/p>","protected":false},"excerpt":{"rendered":"<p>DIY Druckvorlage Wichtelbriefe<\/p>","protected":false},"featured_media":9483,"template":"","meta":{"wprm-recipe-roundup-name":"","wprm-recipe-roundup-description":""},"product_brand":[],"product_cat":[651],"product_tag":[320],"class_list":{"0":"post-9480","1":"product","2":"type-product","3":"status-publish","4":"has-post-thumbnail","6":"product_cat-downloads-weihnachten","7":"product_tag-weihnachten","9":"first","10":"instock","11":"downloadable","12":"virtual","13":"purchasable","14":"product-type-simple"},"_links":{"self":[{"href":"https:\/\/backenmitminis.de\/en\/wp-json\/wp\/v2\/product\/9480","targetHints":{"allow":["GET"]}}],"collection":[{"href":"https:\/\/backenmitminis.de\/en\/wp-json\/wp\/v2\/product"}],"about":[{"href":"https:\/\/backenmitminis.de\/en\/wp-json\/wp\/v2\/types\/product"}],"wp:featuredmedia":[{"embeddable":true,"href":"https:\/\/backenmitminis.de\/en\/wp-json\/wp\/v2\/media\/9483"}],"wp:attachment":[{"href":"https:\/\/backenmitminis.de\/en\/wp-json\/wp\/v2\/media?parent=9480"}],"wp:term":[{"taxonomy":"product_brand","embeddable":true,"href":"https:\/\/backenmitminis.de\/en\/wp-json\/wp\/v2\/product_brand?post=9480"},{"taxonomy":"product_cat","embeddable":true,"href":"https:\/\/backenmitminis.de\/en\/wp-json\/wp\/v2\/product_cat?post=9480"},{"taxonomy":"product_tag","embeddable":true,"href":"https:\/\/backenmitminis.de\/en\/wp-json\/wp\/v2\/product_tag?post=9480"}],"curies":[{"name":"wp","href":"https:\/\/api.w.org\/{rel}","templated":true}]}}