{"id":9615,"date":"2022-12-22T21:08:23","date_gmt":"2022-12-22T20:08:23","guid":{"rendered":"https:\/\/backenmitminis.de\/?post_type=product&#038;p=9615"},"modified":"2025-09-22T21:37:11","modified_gmt":"2025-09-22T19:37:11","slug":"dinokarten-zum-ausmalen","status":"publish","type":"product","link":"https:\/\/backenmitminis.de\/en\/product\/dinokarten-zum-ausmalen\/","title":{"rendered":"Druckbare Dino-Geburtstagkarten zum Ausmalen"},"content":{"rendered":"<h2><strong>Dino-Geburtstagskarten ausmalen | Kinderbesch\u00e4ftigung | DIY-Vorlage f\u00fcr Geburtstagskarten, Bastelvorlage\u00a0<\/strong><\/h2>\n<p>Dieser Download enth\u00e4lt:<\/p>\n<ul>\n<li>12 Vorlagen f\u00fcr ausmalbare Dino-Geburtstagskarten im PDF-Format<\/li>\n<\/ul>\n<p><strong>Der Erwerb beinhaltet ausschlie\u00dflich die Datei f\u00fcr handels\u00fcbliche Drucker (Dateiformate siehe oben). Es ist keine fertige Ware enthalten.<\/strong><\/p>\n<p>Lizenz: Die Nutzung der Datei ist nur zur privaten Verwendung, es ist keine kommerzielle Nutzung oder Weitergabe an Dritte erlaubt. Weitere Informationen dazu siehe bitte Nutzungsbedingungen\/Lizenzrechte.<\/p>\n<p>Die Dateien sind von Deliah Losada erstellt. Alle Rechte an den Motiven und Dateien verbleiben bei den Herstellern.<\/p>","protected":false},"excerpt":{"rendered":"<p>Ausdruckbare 12 Dino-Geburtstagskarten zum Ausmalen f\u00fcr Kinder<\/p>","protected":false},"featured_media":9621,"template":"","meta":{"wprm-recipe-roundup-name":"","wprm-recipe-roundup-description":""},"product_brand":[],"product_cat":[656,657],"product_tag":[728],"class_list":{"0":"post-9615","1":"product","2":"type-product","3":"status-publish","4":"has-post-thumbnail","6":"product_cat-download-grusskarten","7":"product_cat-download-geburtstag","8":"product_tag-geburtstag","10":"first","11":"instock","12":"downloadable","13":"virtual","14":"purchasable","15":"product-type-simple"},"_links":{"self":[{"href":"https:\/\/backenmitminis.de\/en\/wp-json\/wp\/v2\/product\/9615","targetHints":{"allow":["GET"]}}],"collection":[{"href":"https:\/\/backenmitminis.de\/en\/wp-json\/wp\/v2\/product"}],"about":[{"href":"https:\/\/backenmitminis.de\/en\/wp-json\/wp\/v2\/types\/product"}],"wp:featuredmedia":[{"embeddable":true,"href":"https:\/\/backenmitminis.de\/en\/wp-json\/wp\/v2\/media\/9621"}],"wp:attachment":[{"href":"https:\/\/backenmitminis.de\/en\/wp-json\/wp\/v2\/media?parent=9615"}],"wp:term":[{"taxonomy":"product_brand","embeddable":true,"href":"https:\/\/backenmitminis.de\/en\/wp-json\/wp\/v2\/product_brand?post=9615"},{"taxonomy":"product_cat","embeddable":true,"href":"https:\/\/backenmitminis.de\/en\/wp-json\/wp\/v2\/product_cat?post=9615"},{"taxonomy":"product_tag","embeddable":true,"href":"https:\/\/backenmitminis.de\/en\/wp-json\/wp\/v2\/product_tag?post=9615"}],"curies":[{"name":"wp","href":"https:\/\/api.w.org\/{rel}","templated":true}]}}