{"id":9617,"date":"2022-12-22T21:12:17","date_gmt":"2022-12-22T20:12:17","guid":{"rendered":"https:\/\/backenmitminis.de\/?post_type=product&#038;p=9617"},"modified":"2025-09-22T21:37:32","modified_gmt":"2025-09-22T19:37:32","slug":"weihnachtskarte-zum-ausmalen","status":"publish","type":"product","link":"https:\/\/backenmitminis.de\/en\/product\/weihnachtskarte-zum-ausmalen\/","title":{"rendered":"Druckbare Weihnachtskarte zum Ausmalen"},"content":{"rendered":"<h2><strong>Weihnachtskarten ausmalen | Kinderbesch\u00e4ftigung | Bastelvorlage\u00a0<\/strong><\/h2>\n<p>Dieser Download enth\u00e4lt:<\/p>\n<ul>\n<li>8 Vorlagen f\u00fcr ausmalbare Weihnachtskarten im PDF-Format<\/li>\n<\/ul>\n<p>Hol&#8216; dir jetzt deinen Download f\u00fcr deine DIY-Weihnachtskarten und \u00fcberrasche deine Freunde &amp; Familie mit selbstgestalteten Weihnachtskarten!<\/p>\n<p>&nbsp;<\/p>\n<p>&nbsp;<\/p>\n<p><strong>Der Erwerb beinhaltet ausschlie\u00dflich die Datei f\u00fcr handels\u00fcbliche Drucker (Dateiformate siehe oben). Es ist keine fertige Ware enthalten.<\/strong><\/p>\n<p>Lizenz: Die Nutzung der Datei ist nur zur privaten Verwendung, es ist keine kommerzielle Nutzung oder Weitergabe an Dritte erlaubt. Weitere Informationen dazu siehe bitte Nutzungsbedingungen\/Lizenzrechte.<\/p>\n<p>Die Dateien sind von Deliah Losada erstellt. Alle Rechte an den Motiven und Dateien verbleiben bei den Herstellern.<\/p>","protected":false},"excerpt":{"rendered":"<p>Ausdruckbare 8 Weihnachtskarten zum Ausmalen f\u00fcr Kinder<\/p>","protected":false},"featured_media":9625,"template":"","meta":{"wprm-recipe-roundup-name":"","wprm-recipe-roundup-description":""},"product_brand":[],"product_cat":[651,656],"product_tag":[320],"class_list":{"0":"post-9617","1":"product","2":"type-product","3":"status-publish","4":"has-post-thumbnail","6":"product_cat-downloads-weihnachten","7":"product_cat-download-grusskarten","8":"product_tag-weihnachten","10":"first","11":"instock","12":"downloadable","13":"virtual","14":"purchasable","15":"product-type-simple"},"_links":{"self":[{"href":"https:\/\/backenmitminis.de\/en\/wp-json\/wp\/v2\/product\/9617","targetHints":{"allow":["GET"]}}],"collection":[{"href":"https:\/\/backenmitminis.de\/en\/wp-json\/wp\/v2\/product"}],"about":[{"href":"https:\/\/backenmitminis.de\/en\/wp-json\/wp\/v2\/types\/product"}],"wp:featuredmedia":[{"embeddable":true,"href":"https:\/\/backenmitminis.de\/en\/wp-json\/wp\/v2\/media\/9625"}],"wp:attachment":[{"href":"https:\/\/backenmitminis.de\/en\/wp-json\/wp\/v2\/media?parent=9617"}],"wp:term":[{"taxonomy":"product_brand","embeddable":true,"href":"https:\/\/backenmitminis.de\/en\/wp-json\/wp\/v2\/product_brand?post=9617"},{"taxonomy":"product_cat","embeddable":true,"href":"https:\/\/backenmitminis.de\/en\/wp-json\/wp\/v2\/product_cat?post=9617"},{"taxonomy":"product_tag","embeddable":true,"href":"https:\/\/backenmitminis.de\/en\/wp-json\/wp\/v2\/product_tag?post=9617"}],"curies":[{"name":"wp","href":"https:\/\/api.w.org\/{rel}","templated":true}]}}